{"id":216,"date":"2024-10-20T17:09:23","date_gmt":"2024-10-20T15:09:23","guid":{"rendered":"https:\/\/topspinservice.at\/bezahlmoeglichkeiten"},"modified":"2025-07-30T11:35:27","modified_gmt":"2025-07-30T09:35:27","slug":"bezahlmoeglichkeiten","status":"publish","type":"page","link":"https:\/\/topspinservice.at\/en\/bezahlmoeglichkeiten","title":{"rendered":"Payment methods"},"content":{"rendered":"<section class=\"section\" id=\"section_1690703992\">\n\t\t<div class=\"section-bg fill\" >\n\t\t\t\t\t\t\t\t\t\n\t\t\t\n\n\t\t<\/div>\n\n\t\t\n\n\t\t<div class=\"section-content relative\">\n\t\t\t\n\n\t<div id=\"gap-328278769\" class=\"gap-element clearfix\" style=\"display:block; height:auto;\">\n\t\t\n<style>\n#gap-328278769 {\n  padding-top: 30px;\n}\n<\/style>\n\t<\/div>\n\t\n\n<div class=\"row\"  id=\"row-1302711526\">\n\n\n\t<div id=\"col-515924230\" class=\"col medium-4 small-12 large-4\"  >\n\t\t\t\t<div class=\"col-inner\"  >\n\t\t\t\n\t\t\t\n\n\t<div id=\"text-3841505379\" class=\"text\">\n\t\t\n\n<h2>Payment methods<\/h2>\n\t\t\n<style>\n#text-3841505379 {\n  font-size: 1rem;\n}\n<\/style>\n\t<\/div>\n\t\n\n\t\t<\/div>\n\t\t\t\t\t<\/div>\n\n\t\n\n\t<div id=\"col-742466317\" class=\"col medium-8 small-12 large-8\"  >\n\t\t\t\t<div class=\"col-inner\"  >\n\t\t\t\n\t\t\t\n\n<h3>\ud83d\udd39 Zahlung per Vorkasse<\/h3>\n<p>Nach Eingang Ihrer Bestellung erhalten Sie zun\u00e4chst eine automatische Bestellbest\u00e4tigung per E-Mail.<\/p>\n<p>Wir pr\u00fcfen anschlie\u00dfend die <strong>Verf\u00fcgbarkeit Ihrer gew\u00fcnschten Artikel<\/strong> und informieren Sie innerhalb kurzer Zeit, ob alle Produkte lieferbar sind.<\/p>\n<p>Sind alle Artikel verf\u00fcgbar, erhalten Sie von uns eine separate Rechnung mit allen n\u00f6tigen Zahlungsinformationen \u2013 inklusive unserer Bankverbindung und einer Zusammenfassung Ihrer Bestellung.<\/p>\n<h3>\ud83d\udd39 Kredit- und Debitkarten<\/h3>\n<p>Bezahlen Sie bequem mit Visa, Mastercard oder Maestro direkt im Bestellvorgang.<\/p>\n<h3>\ud83d\udd39 Apple Pay &amp; Google Pay<\/h3>\n<p>Nutzen Sie Ihre digitalen Wallets f\u00fcr eine schnelle und sichere Zahlung \u2013 ideal auf mobilen Ger\u00e4ten und kompatiblen Browsern.<\/p>\n<h3>\ud83d\udd39 EPS-\u00dcberweisung<\/h3>\n<p>F\u00fcr Kund:innen mit \u00f6sterreichischem Bankkonto bieten wir die direkte Zahlung per EPS an \u2013 sicher und unkompliziert via Onlinebanking.<\/p>\n<p>\u00a0<\/p>\n<h2>\ud83d\udce6 Bearbeitung Ihrer Bestellung<\/h2>\n<p>Nach Eingang Ihrer Zahlung pr\u00fcfen wir die Verf\u00fcgbarkeit Ihrer bestellten Artikel. Sobald alle Produkte lieferbar sind, wird Ihre Bestellung umgehend bearbeitet und versendet.<\/p>\n<p>Falls es <strong>unvermeidbare Verz\u00f6gerungen<\/strong> aufgrund fehlender Verf\u00fcgbarkeit gibt, informieren wir Sie zeitnah. In diesem Fall haben Sie die M\u00f6glichkeit, entweder auf die Nachlieferung zu warten oder die Bestellung <strong>kostenlos zu stornieren<\/strong>. Bereits geleistete Zahlungen werden selbstverst\u00e4ndlich <strong>vollst\u00e4ndig zur\u00fcckerstattet<\/strong>.<\/p>\n<p>\ud83d\udd51 Bitte beachten Sie: Die Lieferzeit beginnt erst nach erfolgreichem Zahlungseingang und positiver Verf\u00fcgbarkeitspr\u00fcfung.<\/p>\n\n\t\t<\/div>\n\t\t\t\t\t<\/div>\n\n\t\n\n<\/div>\n\n\t\t<\/div>\n\n\t\t\n<style>\n#section_1690703992 {\n  padding-top: 30px;\n  padding-bottom: 30px;\n}\n<\/style>\n\t<\/section>","protected":false},"excerpt":{"rendered":"","protected":false},"author":1,"featured_media":0,"parent":0,"menu_order":0,"comment_status":"closed","ping_status":"closed","template":"","meta":{"_acf_changed":false,"_monsterinsights_skip_tracking":false,"_monsterinsights_sitenote_active":false,"_monsterinsights_sitenote_note":"","_monsterinsights_sitenote_category":0,"footnotes":""},"class_list":["post-216","page","type-page","status-publish","hentry"],"acf":[],"_links":{"self":[{"href":"https:\/\/topspinservice.at\/en\/wp-json\/wp\/v2\/pages\/216","targetHints":{"allow":["GET"]}}],"collection":[{"href":"https:\/\/topspinservice.at\/en\/wp-json\/wp\/v2\/pages"}],"about":[{"href":"https:\/\/topspinservice.at\/en\/wp-json\/wp\/v2\/types\/page"}],"author":[{"embeddable":true,"href":"https:\/\/topspinservice.at\/en\/wp-json\/wp\/v2\/users\/1"}],"replies":[{"embeddable":true,"href":"https:\/\/topspinservice.at\/en\/wp-json\/wp\/v2\/comments?post=216"}],"version-history":[{"count":0,"href":"https:\/\/topspinservice.at\/en\/wp-json\/wp\/v2\/pages\/216\/revisions"}],"wp:attachment":[{"href":"https:\/\/topspinservice.at\/en\/wp-json\/wp\/v2\/media?parent=216"}],"curies":[{"name":"wp","href":"https:\/\/api.w.org\/{rel}","templated":true}]}}