{"id":1195,"date":"2024-12-26T12:47:02","date_gmt":"2024-12-26T11:47:02","guid":{"rendered":"https:\/\/topspinservice.at\/?post_type=product&#038;p=1195"},"modified":"2026-01-06T15:18:38","modified_gmt":"2026-01-06T14:18:38","slug":"head-gravity-mp-l-280g-2025","status":"publish","type":"product","link":"https:\/\/topspinservice.at\/en\/produkt\/head-gravity-mp-l-280g-2025","title":{"rendered":"Head Gravity MP L 280g 2025"},"content":{"rendered":"<p>Sp\u00fcren Sie die Kraft mit dem GRAVITY MP L, der mit der fortschrittlichen Auxetic 2.0-Technologie f\u00fcr ein weiches Aufprallgef\u00fchl und verbesserte Stabilit\u00e4t aufger\u00fcstet wurde. Dieser Schl\u00e4ger ist eine leichtere, man\u00f6vrierbare Version des GRAVITY MP und ideal f\u00fcr aggressive junge Leistungsspieler sowie f\u00fcr Freizeitspieler aller Altersgruppen, die zus\u00e4tzliche Man\u00f6vrierbarkeit suchen. Der GRAVITY MP L mit seiner unverkennbaren, abgerundeten Schl\u00e4gerkopfform, dem riesigen Sweetspot und der etwas h\u00f6heren Balance f\u00fcr mehr Stabilit\u00e4t bietet die Kontrolle, den Flex und die Fehlerverzeihung, die man braucht, um jeden Gegner hart zu treffen und zu dominieren. Die Kombination aus Auxetic 2.0-Technologie und dem massiven Sweetspot schafft eine bessere Verbindung zum Ball und st\u00e4rkt das Selbstvertrauen. Die Schl\u00e4gerserie wird von Alexander Zverev und Andrey Rublev empfohlen. Das Upgrade beinhaltet auch die neue Halb-Cap-Technologie, die den charakteristischen Sound, das Schlaggef\u00fchl und die Haltbarkeit verbessert. Das Flip-Design &#8211; mit einem unterschiedlichen Look auf jeder Seite und einer gl\u00e4nzenden Oberfl\u00e4che &#8211; verleiht dem Schl\u00e4ger eine moderne, markante \u00c4sthetik, die dir den Kopf verdrehen wird.<\/p>\n<p>\u2022 Innovative Auxetic 2.0 Technologie f\u00fcr ein weicheres Schlaggef\u00fchl und mehr Stabilit\u00e4t<br \/>\n\u2022 Enormer Sweetspot f\u00fcr Kontrolle, Flex und Fehlerverzeihung<br \/>\n\u2022 Kombination aus Auxetic 2.0-Technologie und massivem Sweetspot f\u00fcr eine bessere Verbindung zum Ball<br \/>\n\u2022 Leichtere Version des GRAVITY MP ist einfacher zu man\u00f6vrieren<br \/>\n\u2022 Etwas h\u00f6here Balance f\u00fcr verbesserte Stabilit\u00e4t<br \/>\n\u2022 Gemacht f\u00fcr aggressive junge Leistungsspieler und mehr Freizeitspieler aller Altersgruppen, die zus\u00e4tzliche Man\u00f6vrierbarkeit suchen<br \/>\n\u2022 Unverwechselbare abgerundete Form<br \/>\n\u2022 Neue Halb-Cap-Technologie verbessert den charakteristischen Sound, das Schlaggef\u00fchl und den Schutz<br \/>\n\u2022 Empfohlen von Alexander Zverev und Andrey Rublev<br \/>\n\u2022 Modernes Flip-Design mit gl\u00e4nzender Oberfl\u00e4che<\/p>\n<p>CPI: 500<br \/>\nWeight (unstrung): 280 g \/ 9.9 oz<br \/>\nBespannungsbild: 16\/20<br \/>\nSchlagfl\u00e4chengr\u00f6\u00dfe: 645 cm\u00b2 \/ 100 in\u00b2<br \/>\nHandle size: 0-5<br \/>\nBalance: 330 mm \/ 0.5 in HL<br \/>\nLength: 685 mm \/ 27.0 in<br \/>\nRahmenst\u00e4rke: 22mm<\/p>","protected":false},"excerpt":{"rendered":"<p>Sp\u00fcren Sie die Kraft mit dem GRAVITY MP L, der mit der fortschrittlichen Auxetic 2.0-Technologie f\u00fcr ein weiches Aufprallgef\u00fchl und verbesserte Stabilit\u00e4t aufger\u00fcstet wurde. Dieser Schl\u00e4ger ist eine leichtere, man\u00f6vrierbare Version des GRAVITY MP und ideal f\u00fcr aggressive junge Leistungsspieler sowie f\u00fcr Freizeitspieler aller Altersgruppen, die zus\u00e4tzliche Man\u00f6vrierbarkeit suchen. Der GRAVITY MP L mit seiner [&#8230;]\n","protected":false},"featured_media":1873,"template":"","meta":{"_acf_changed":false,"_monsterinsights_skip_tracking":false,"_monsterinsights_sitenote_active":false,"_monsterinsights_sitenote_note":"","_monsterinsights_sitenote_category":0},"product_brand":[],"product_cat":[92],"product_tag":[158,159,234,19],"class_list":{"0":"post-1195","1":"product","2":"type-product","3":"status-publish","4":"has-post-thumbnail","6":"product_cat-head-gravity-kaufen","7":"product_tag-gravity","8":"product_tag-head","9":"product_tag-mpl","10":"product_tag-schlaeger","12":"first","13":"onbackorder","14":"sale","15":"shipping-taxable","16":"purchasable","17":"product-type-variable","18":"has-default-attributes"},"supplier_id":null,"supplier_sku":"","barcode":null,"atum_controlled":true,"out_stock_date":null,"out_stock_threshold":null,"inheritable":true,"inbound_stock":0,"stock_on_hold":0,"sold_today":0,"sales_last_days":0,"reserved_stock":0,"customer_returns":0,"warehouse_damage":0,"lost_in_post":0,"other_logs":0,"out_stock_days":0,"lost_sales":0,"has_location":false,"update_date":"2026-05-07T01:39:08","atum_locations":[],"atum_stock_status":"onbackorder","restock_status":false,"low_stock_amount":"","sales_update_date":"2026-05-07T01:39:08","calc_backorders":null,"acf":[],"_links":{"self":[{"href":"https:\/\/topspinservice.at\/en\/wp-json\/wp\/v2\/product\/1195","targetHints":{"allow":["GET"]}}],"collection":[{"href":"https:\/\/topspinservice.at\/en\/wp-json\/wp\/v2\/product"}],"about":[{"href":"https:\/\/topspinservice.at\/en\/wp-json\/wp\/v2\/types\/product"}],"wp:featuredmedia":[{"embeddable":true,"href":"https:\/\/topspinservice.at\/en\/wp-json\/wp\/v2\/media\/1873"}],"wp:attachment":[{"href":"https:\/\/topspinservice.at\/en\/wp-json\/wp\/v2\/media?parent=1195"}],"wp:term":[{"taxonomy":"product_brand","embeddable":true,"href":"https:\/\/topspinservice.at\/en\/wp-json\/wp\/v2\/product_brand?post=1195"},{"taxonomy":"product_cat","embeddable":true,"href":"https:\/\/topspinservice.at\/en\/wp-json\/wp\/v2\/product_cat?post=1195"},{"taxonomy":"product_tag","embeddable":true,"href":"https:\/\/topspinservice.at\/en\/wp-json\/wp\/v2\/product_tag?post=1195"}],"curies":[{"name":"wp","href":"https:\/\/api.w.org\/{rel}","templated":true}]}}