{"id":1201,"date":"2024-12-26T12:51:45","date_gmt":"2024-12-26T11:51:45","guid":{"rendered":"https:\/\/topspinservice.at\/?post_type=product&#038;p=1201"},"modified":"2026-01-06T15:18:54","modified_gmt":"2026-01-06T14:18:54","slug":"head-gravity-team-270g-2025","status":"publish","type":"product","link":"https:\/\/topspinservice.at\/en\/produkt\/head-gravity-team-270g-2025","title":{"rendered":"Head Gravity TEAM 270g 2025"},"content":{"rendered":"<p>Sp\u00fcre die Kraft mit dem GRAVITY TEAM, welcher mit der fortgeschrittenen Auxetic 2.0 Technologie f\u00fcr ein weicheres Schlaggef\u00fchl und verbesserte Stabilit\u00e4t aufger\u00fcstet wurde. Dieses Racket wurde f\u00fcr aggressive Mannschaftsspieler der n\u00e4chsten Generation entwickelt. Er ist das leichteste und leistungsst\u00e4rkste Racket der GRAVITY Serie, die f\u00fcr ihre charakteristische, abgerundete Kopfform und ihren enormen Sweetspot bekannt ist. Mit neuen Spezifikationen, die das Spielgef\u00fchl, die Power und die Gr\u00f6\u00dfe des Sweetspots verbessert haben, und jetzt etwas leichter f\u00fcr eine bessere Man\u00f6vrierbarkeit, bietet dieser Schl\u00e4ger die Kontrolle, den Flex und die Fehlerverzeihung, die man braucht, um jeden Gegner zu dominieren. Die Kombination aus Auxetic 2.0-Technologie und dem massiven Sweetspot schafft eine bessere Verbindung zum Ball und st\u00e4rkt das Selbstvertrauen. Die Schl\u00e4gerserie wird von Alexander Zverev und Andrey Rublev empfohlen. Das Upgrade beinhaltet auch die neue Halb-Cap-Technologie, die den charakteristischen Sound, das Schlaggef\u00fchl und die Haltbarkeit verbessert. Das Flip-Design &#8211; mit einem unterschiedlichen Look auf jeder Seite und einer gl\u00e4nzenden Oberfl\u00e4che &#8211; verleiht dem Schl\u00e4ger eine moderne, markante \u00c4sthetik, die dir den Kopf verdreht.<\/p>\n<p>\u2022 Innovative Auxetic 2.0 Technologie f\u00fcr ein weicheres Schlaggef\u00fchl und mehr Stabilit\u00e4t<br \/>\n\u2022 Enormer Sweetspot f\u00fcr Kontrolle, Flex und Fehlerverzeihung<br \/>\n\u2022 Neue Spezifikationen verbessern das Pick-up-Gef\u00fchl, die Power und die Sweetspot-Gr\u00f6\u00dfe<br \/>\n\u2022 Kombination aus Auxetic 2.0-Technologie und massivem Sweetspot f\u00fcr eine bessere Verbindung zum Ball<br \/>\n\u2022 Der leichteste und leistungsst\u00e4rkste Schl\u00e4ger der GRAVITY Serie &#8211; jetzt etwas leichter f\u00fcr verbesserte Man\u00f6vrierbarkeit<br \/>\n\u2022 F\u00fcr aggressive Mannschaftsspieler der n\u00e4chsten Generation entwickelt<br \/>\n\u2022 Unverwechselbare abgerundete Form<br \/>\n\u2022 Neue Halb-Cap-Technologie verbessert den charakteristischen Sound, das Schlaggef\u00fchl und den Schutz<br \/>\n\u2022 Empfohlen von Alexander Zverev und Andrey Rublev<br \/>\n\u2022 Modernes Flip-Design mit gl\u00e4nzender Oberfl\u00e4che<\/p>\n<p>CPI: 600<br \/>\nGewicht (unbesaitet): 270 g \/ 9.5 oz<br \/>\nBespannungsbild: 16\/20<br \/>\nSchlagfl\u00e4chengr\u00f6\u00dfe: 670 cm\u00b2 \/ 104 in\u00b2<br \/>\nHandle size: 0-5<br \/>\nBalance: 325 mm \/ 0.7 in HL<br \/>\nLength: 685 mm \/ 27.0 in<br \/>\nRahmenst\u00e4rke: 24mm<\/p>","protected":false},"excerpt":{"rendered":"<p>Sp\u00fcre die Kraft mit dem GRAVITY TEAM, welcher mit der fortgeschrittenen Auxetic 2.0 Technologie f\u00fcr ein weicheres Schlaggef\u00fchl und verbesserte Stabilit\u00e4t aufger\u00fcstet wurde. Dieses Racket wurde f\u00fcr aggressive Mannschaftsspieler der n\u00e4chsten Generation entwickelt. Er ist das leichteste und leistungsst\u00e4rkste Racket der GRAVITY Serie, die f\u00fcr ihre charakteristische, abgerundete Kopfform und ihren enormen Sweetspot bekannt ist. [&#8230;]\n","protected":false},"featured_media":1873,"template":"","meta":{"_acf_changed":false,"_monsterinsights_skip_tracking":false,"_monsterinsights_sitenote_active":false,"_monsterinsights_sitenote_note":"","_monsterinsights_sitenote_category":0},"product_brand":[],"product_cat":[92],"product_tag":[158,159,19,215],"class_list":{"0":"post-1201","1":"product","2":"type-product","3":"status-publish","4":"has-post-thumbnail","6":"product_cat-head-gravity-kaufen","7":"product_tag-gravity","8":"product_tag-head","9":"product_tag-schlaeger","10":"product_tag-team","12":"first","13":"instock","14":"sale","15":"shipping-taxable","16":"purchasable","17":"product-type-variable","18":"has-default-attributes"},"supplier_id":null,"supplier_sku":"","barcode":null,"atum_controlled":true,"out_stock_date":null,"out_stock_threshold":null,"inheritable":true,"inbound_stock":0,"stock_on_hold":0,"sold_today":0,"sales_last_days":0,"reserved_stock":0,"customer_returns":0,"warehouse_damage":0,"lost_in_post":0,"other_logs":0,"out_stock_days":0,"lost_sales":0,"has_location":false,"update_date":"2026-05-13T00:04:02","atum_locations":[],"atum_stock_status":"instock","restock_status":false,"low_stock_amount":"","sales_update_date":"2026-05-13T00:04:02","calc_backorders":null,"acf":[],"_links":{"self":[{"href":"https:\/\/topspinservice.at\/en\/wp-json\/wp\/v2\/product\/1201","targetHints":{"allow":["GET"]}}],"collection":[{"href":"https:\/\/topspinservice.at\/en\/wp-json\/wp\/v2\/product"}],"about":[{"href":"https:\/\/topspinservice.at\/en\/wp-json\/wp\/v2\/types\/product"}],"wp:featuredmedia":[{"embeddable":true,"href":"https:\/\/topspinservice.at\/en\/wp-json\/wp\/v2\/media\/1873"}],"wp:attachment":[{"href":"https:\/\/topspinservice.at\/en\/wp-json\/wp\/v2\/media?parent=1201"}],"wp:term":[{"taxonomy":"product_brand","embeddable":true,"href":"https:\/\/topspinservice.at\/en\/wp-json\/wp\/v2\/product_brand?post=1201"},{"taxonomy":"product_cat","embeddable":true,"href":"https:\/\/topspinservice.at\/en\/wp-json\/wp\/v2\/product_cat?post=1201"},{"taxonomy":"product_tag","embeddable":true,"href":"https:\/\/topspinservice.at\/en\/wp-json\/wp\/v2\/product_tag?post=1201"}],"curies":[{"name":"wp","href":"https:\/\/api.w.org\/{rel}","templated":true}]}}