{"id":1206,"date":"2024-12-26T12:56:42","date_gmt":"2024-12-26T11:56:42","guid":{"rendered":"https:\/\/topspinservice.at\/?post_type=product&#038;p=1206"},"modified":"2026-05-07T10:57:37","modified_gmt":"2026-05-07T08:57:37","slug":"head-radical-pro-315g-2025","status":"publish","type":"product","link":"https:\/\/topspinservice.at\/en\/produkt\/head-radical-pro-315g-2025","title":{"rendered":"Head Radical PRO 315g 2025"},"content":{"rendered":"<section class=\"ng-scope\">\n<div class=\"collapsible\">\n<div class=\"collapsible-content ng-scope\">\n<div class=\"row ng-scope\">\n<div class=\"col-12 ng-scope\" style=\"box-sizing: border-box; position: relative; width: 590px; min-height: 1px; padding-right: 5px; padding-left: 5px; flex: 0 0 100%; max-width: 100%;\">\n<p>Equipped with the new and innovative Auxetic 2.0 technology for added stability, spin, and a crisp feel, the new generation RADICAL PRO offers a state-of-the-art blend of control, spin, and power. This versatile racquet is ideal for all-court tournament players. It features exclusive technologies, such as Sound Grommets, which increase power by enhancing string movement while optimizing sound and vibration. The RADICAL is the most control-oriented racquet available, giving you the ability to utilize spin for maximum control on the court. The RADICAL PRO features graphene in the frame, a variable head cross-section that balances control, spin, and power, and a dynamic 16\/19 string pattern. The RADICAL series, known as &quot;The People&#039;s Racquet,&quot; boasts a bold new asymmetrical design.<\/p>\n<p>\u2022 Innovative Auxetic 2.0 technology for added stability and spin and a crisp feel at impact<br \/>\n\u2022 Modern blend of control, spin and power<br \/>\n\u2022 Spin allows you a high degree of control<br \/>\n\u2022 Highly versatile racket for all-court tournament players \u2022 The most control-oriented racket in the RADICAL series<br \/>\n\u2022 Exciting new, asymmetrical design<\/p>\n<p>CPI: 200<br \/>\nWeight (unstrung): 315 g \/ 11.1 oz<br \/>\nCoverage pattern: 16\/19<br \/>\nPlaying surface size: 630 cm\u00b2 \/ 98 in\u00b2<br \/>\nHandle size: 1-5<br \/>\nBalance: 315 mm \/ 1 in HL<br \/>\nLength: 685 mm \/ 27.0 in<br \/>\nFrame thickness: 20\/21.5\/21 mm<\/p>\n<\/div>\n<\/div>\n<\/div>\n<\/div>\n<\/section>","protected":false},"excerpt":{"rendered":"<p>Ausgestattet mit der neuen und innovativen Auxetic 2.0 Technologie f\u00fcr zus\u00e4tzliche Stabilit\u00e4t, Spin und ein knackiges Spielgef\u00fchl, bietet die neue Generation des RADICAL PRO eine hochmoderne Mischung aus Kontrolle, Spin und Power. Dieser vielseitige Schl\u00e4ger ist ideal f\u00fcr Allcourt Turnierspieler. Er ist mit exklusiven Technologien ausgestattet, wie z.B. den Sound Grommets, die f\u00fcr mehr Power [&#8230;]\n","protected":false},"featured_media":2314,"template":"","meta":{"_acf_changed":false,"_monsterinsights_skip_tracking":false,"_monsterinsights_sitenote_active":false,"_monsterinsights_sitenote_note":"","_monsterinsights_sitenote_category":0},"product_brand":[],"product_cat":[137],"product_tag":[159,160,19],"class_list":{"0":"post-1206","1":"product","2":"type-product","3":"status-publish","4":"has-post-thumbnail","6":"product_cat-head-radical-kaufen","7":"product_tag-head","8":"product_tag-radical","9":"product_tag-schlaeger","11":"first","12":"onbackorder","13":"sale","14":"shipping-taxable","15":"purchasable","16":"product-type-variable","17":"has-default-attributes"},"supplier_id":null,"supplier_sku":"","barcode":null,"atum_controlled":true,"out_stock_date":null,"out_stock_threshold":null,"inheritable":true,"inbound_stock":0,"stock_on_hold":0,"sold_today":0,"sales_last_days":0,"reserved_stock":0,"customer_returns":0,"warehouse_damage":0,"lost_in_post":0,"other_logs":0,"out_stock_days":0,"lost_sales":0,"has_location":false,"update_date":"2026-05-15T00:05:30","atum_locations":[],"atum_stock_status":"onbackorder","restock_status":false,"low_stock_amount":"","sales_update_date":"2026-05-15T00:05:30","calc_backorders":null,"acf":[],"_links":{"self":[{"href":"https:\/\/topspinservice.at\/en\/wp-json\/wp\/v2\/product\/1206","targetHints":{"allow":["GET"]}}],"collection":[{"href":"https:\/\/topspinservice.at\/en\/wp-json\/wp\/v2\/product"}],"about":[{"href":"https:\/\/topspinservice.at\/en\/wp-json\/wp\/v2\/types\/product"}],"wp:featuredmedia":[{"embeddable":true,"href":"https:\/\/topspinservice.at\/en\/wp-json\/wp\/v2\/media\/2314"}],"wp:attachment":[{"href":"https:\/\/topspinservice.at\/en\/wp-json\/wp\/v2\/media?parent=1206"}],"wp:term":[{"taxonomy":"product_brand","embeddable":true,"href":"https:\/\/topspinservice.at\/en\/wp-json\/wp\/v2\/product_brand?post=1206"},{"taxonomy":"product_cat","embeddable":true,"href":"https:\/\/topspinservice.at\/en\/wp-json\/wp\/v2\/product_cat?post=1206"},{"taxonomy":"product_tag","embeddable":true,"href":"https:\/\/topspinservice.at\/en\/wp-json\/wp\/v2\/product_tag?post=1206"}],"curies":[{"name":"wp","href":"https:\/\/api.w.org\/{rel}","templated":true}]}}