{"id":1215,"date":"2024-12-26T13:01:52","date_gmt":"2024-12-26T12:01:52","guid":{"rendered":"https:\/\/topspinservice.at\/?post_type=product&#038;p=1215"},"modified":"2026-05-07T11:09:10","modified_gmt":"2026-05-07T09:09:10","slug":"head-radical-team-280g-2025","status":"publish","type":"product","link":"https:\/\/topspinservice.at\/en\/produkt\/head-radical-team-280g-2025","title":{"rendered":"Head Radical TEAM 280g 2025"},"content":{"rendered":"<p>The new generation of the RADICAL TEAM is equipped with the innovative Auxetic 2.0 technology, providing added stability, spin, and a crisp feel. Team players can enjoy an ultramodern blend of control, spin, and power with this versatile racket. It&#039;s lighter, has a larger head size, and delivers more power than other models in the RADICAL series. Exclusive technologies include Sound Grommets, which enhance your power through increased string movement while optimizing sound and vibration. Featuring graphene in the frame, a variable cross-section that balances control, spin, and power, and a dynamic 16\/19 string pattern, the RADICAL TEAM is sure to impress. Known as &quot;The People&#039;s Racquet,&quot; the RADICAL series boasts a bold new asymmetrical design.<\/p>\n<p>\u2022 Innovative Auxetic 2.0 technology for added stability and spin and a crisp feel at impact<br \/>\n\u2022 Highly versatile racket for all-court team players \u2022 Modern blend of control, spin, and power<br \/>\n\u2022 Spin allows you a high degree of control<br \/>\n\u2022 Exciting new asymmetrical design<\/p>\n<p>CPI: 700<br \/>\nWeight (unstrung): 280 g \/ 9.9 oz<br \/>\nCoverage pattern: 16\/19<br \/>\nPlaying surface size: 660 cm\u00b2 \/ 102 in\u00b2<br \/>\nHandle size: 0-5<br \/>\nBalance: 320 mm \/ 1 in HL<br \/>\nLength: 685 mm \/ 27.0 in<br \/>\nFrame thickness: 22\/25\/23 mm<\/p>","protected":false},"excerpt":{"rendered":"<p>Die neue Generation des RADICAL TEAM wurde mit der neuen und innovativen Auxetic 2.0 Technologie ausgestattet, die f\u00fcr zus\u00e4tzliche Stabilit\u00e4t, Spin und ein knackiges Schlaggef\u00fchl sorgt.Mannschaftsspieler k\u00f6nnen mit diesem vielseitigen Racket eine ultramoderne Mischung aus Kontrolle, Spin und Power genie\u00dfen. Das Racket ist leichter, hat einen gr\u00f6\u00dferen Schl\u00e4gerkopf und mehr Power als andere Modelle der [&#8230;]\n","protected":false},"featured_media":2314,"template":"","meta":{"_acf_changed":false,"_monsterinsights_skip_tracking":false,"_monsterinsights_sitenote_active":false,"_monsterinsights_sitenote_note":"","_monsterinsights_sitenote_category":0},"product_brand":[],"product_cat":[137],"product_tag":[159,160,19],"class_list":{"0":"post-1215","1":"product","2":"type-product","3":"status-publish","4":"has-post-thumbnail","6":"product_cat-head-radical-kaufen","7":"product_tag-head","8":"product_tag-radical","9":"product_tag-schlaeger","11":"first","12":"onbackorder","13":"sale","14":"shipping-taxable","15":"purchasable","16":"product-type-variable","17":"has-default-attributes"},"supplier_id":null,"supplier_sku":"","barcode":null,"atum_controlled":true,"out_stock_date":null,"out_stock_threshold":null,"inheritable":true,"inbound_stock":0,"stock_on_hold":0,"sold_today":0,"sales_last_days":0,"reserved_stock":0,"customer_returns":0,"warehouse_damage":0,"lost_in_post":0,"other_logs":0,"out_stock_days":0,"lost_sales":0,"has_location":false,"update_date":"2026-05-07T09:10:05","atum_locations":[],"atum_stock_status":"onbackorder","restock_status":false,"low_stock_amount":"","sales_update_date":"2026-05-07T01:39:08","calc_backorders":null,"acf":[],"_links":{"self":[{"href":"https:\/\/topspinservice.at\/en\/wp-json\/wp\/v2\/product\/1215","targetHints":{"allow":["GET"]}}],"collection":[{"href":"https:\/\/topspinservice.at\/en\/wp-json\/wp\/v2\/product"}],"about":[{"href":"https:\/\/topspinservice.at\/en\/wp-json\/wp\/v2\/types\/product"}],"wp:featuredmedia":[{"embeddable":true,"href":"https:\/\/topspinservice.at\/en\/wp-json\/wp\/v2\/media\/2314"}],"wp:attachment":[{"href":"https:\/\/topspinservice.at\/en\/wp-json\/wp\/v2\/media?parent=1215"}],"wp:term":[{"taxonomy":"product_brand","embeddable":true,"href":"https:\/\/topspinservice.at\/en\/wp-json\/wp\/v2\/product_brand?post=1215"},{"taxonomy":"product_cat","embeddable":true,"href":"https:\/\/topspinservice.at\/en\/wp-json\/wp\/v2\/product_cat?post=1215"},{"taxonomy":"product_tag","embeddable":true,"href":"https:\/\/topspinservice.at\/en\/wp-json\/wp\/v2\/product_tag?post=1215"}],"curies":[{"name":"wp","href":"https:\/\/api.w.org\/{rel}","templated":true}]}}