{"id":1220,"date":"2024-12-26T13:04:47","date_gmt":"2024-12-26T12:04:47","guid":{"rendered":"https:\/\/topspinservice.at\/?post_type=product&#038;p=1220"},"modified":"2026-05-07T11:09:12","modified_gmt":"2026-05-07T09:09:12","slug":"head-radical-team-l-260g-2025","status":"publish","type":"product","link":"https:\/\/topspinservice.at\/en\/produkt\/head-radical-team-l-260g-2025","title":{"rendered":"Head Radical TEAM L 260g 2025"},"content":{"rendered":"<div class=\"col-12 ng-scope\" style=\"box-sizing: border-box; position: relative; width: 590px; min-height: 1px; padding-right: 5px; padding-left: 5px; flex: 0 0 100%; max-width: 100%; color: #7d7d7d; font-family: Roboto, Arial, sans-serif; font-size: 14px; font-style: normal; font-variant-ligatures: normal; font-variant-caps: normal; font-weight: 400; letter-spacing: normal; orphans: 2; text-align: left; text-indent: 0px; text-transform: none; widows: 2; word-spacing: 0px; -webkit-text-stroke-width: 0px; white-space: normal; background-color: #ffffff; text-decoration-thickness: initial; text-decoration-style: initial; text-decoration-color: initial;\">\n<p>The new generation of the RADICAL TEAM L was designed for team players. It features state-of-the-art Auxetic 2.0 technology, which provides added stability and spin, as well as a crisp feel. With a larger head size and lighter weight than other models in the series, the versatile RADICAL TEAM L offers easy playability, increased maneuverability, and more power. Exclusive technologies include Sound Grommets, which enhance your power through greater string movement while optimizing sound and vibration. The RADICAL TEAM L can handle any shot, thanks to its graphene-reinforced frame, variable cross-section that balances control, spin, and power, and dynamic 16\/19 string pattern. The RADICAL series, known as &quot;The People&#039;s Racquet,&quot; features a bold new asymmetrical design.<\/p>\n<p>\u2022 Innovative Auxetic 2.0 technology for added stability and spin and a crisp feel at impact<br \/>\n\u2022Larger racket head size and the racket is lighter than other RADICAL models<br \/>\n\u2022 Highly versatile racket for all-court team players \u2022 Modern blend of control, spin, and power<br \/>\n\u2022 Spin allows you a high degree of control<br \/>\n\u2022 Exciting new asymmetrical design<\/p>\n<p>CPI: 800<br \/>\nWeight (unstrung): 260 g \/ 9.2 oz<br \/>\nCoverage pattern: 16\/19<br \/>\nPlaying surface size: 660 cm\u00b2 \/ 102 in\u00b2<br \/>\nHandle size: 0-5<br \/>\nBalance: 340 mm \/ even<br \/>\nLength: 685 mm \/ 27.0 in<br \/>\nFrame thickness: 22\/25\/23 mm<\/p>\n<\/div>","protected":false},"excerpt":{"rendered":"<p>Die neue Generation des RADICAL TEAM L wurde f\u00fcr Mannschaftsspieler entwickelt. Sie ist ausgestattet mit der hochmodernen Auxetic 2.0-Technologie, die f\u00fcr zus\u00e4tzliche Stabilit\u00e4t und Spin sowie ein knackiges Schlaggef\u00fchl sorgt.Mit einer gr\u00f6\u00dferen Schl\u00e4gerkopfgr\u00f6\u00dfe und einem geringeren Gewicht als andere Modelle der Serie bietet der vielseitige RADICAL TEAM L einfache Spielbarkeit, zus\u00e4tzliche Man\u00f6vrierbarkeit und mehr Power.Zu [&#8230;]\n","protected":false},"featured_media":2314,"template":"","meta":{"_acf_changed":false,"_monsterinsights_skip_tracking":false,"_monsterinsights_sitenote_active":false,"_monsterinsights_sitenote_note":"","_monsterinsights_sitenote_category":0},"product_brand":[],"product_cat":[137],"product_tag":[159,160,19],"class_list":{"0":"post-1220","1":"product","2":"type-product","3":"status-publish","4":"has-post-thumbnail","6":"product_cat-head-radical-kaufen","7":"product_tag-head","8":"product_tag-radical","9":"product_tag-schlaeger","11":"first","12":"instock","13":"sale","14":"shipping-taxable","15":"purchasable","16":"product-type-variable","17":"has-default-attributes"},"supplier_id":null,"supplier_sku":"","barcode":null,"atum_controlled":true,"out_stock_date":null,"out_stock_threshold":null,"inheritable":true,"inbound_stock":0,"stock_on_hold":0,"sold_today":0,"sales_last_days":0,"reserved_stock":0,"customer_returns":0,"warehouse_damage":0,"lost_in_post":0,"other_logs":0,"out_stock_days":0,"lost_sales":0,"has_location":false,"update_date":"2026-05-15T00:05:30","atum_locations":[],"atum_stock_status":"instock","restock_status":false,"low_stock_amount":"","sales_update_date":"2026-05-15T00:05:30","calc_backorders":null,"acf":[],"_links":{"self":[{"href":"https:\/\/topspinservice.at\/en\/wp-json\/wp\/v2\/product\/1220","targetHints":{"allow":["GET"]}}],"collection":[{"href":"https:\/\/topspinservice.at\/en\/wp-json\/wp\/v2\/product"}],"about":[{"href":"https:\/\/topspinservice.at\/en\/wp-json\/wp\/v2\/types\/product"}],"wp:featuredmedia":[{"embeddable":true,"href":"https:\/\/topspinservice.at\/en\/wp-json\/wp\/v2\/media\/2314"}],"wp:attachment":[{"href":"https:\/\/topspinservice.at\/en\/wp-json\/wp\/v2\/media?parent=1220"}],"wp:term":[{"taxonomy":"product_brand","embeddable":true,"href":"https:\/\/topspinservice.at\/en\/wp-json\/wp\/v2\/product_brand?post=1220"},{"taxonomy":"product_cat","embeddable":true,"href":"https:\/\/topspinservice.at\/en\/wp-json\/wp\/v2\/product_cat?post=1220"},{"taxonomy":"product_tag","embeddable":true,"href":"https:\/\/topspinservice.at\/en\/wp-json\/wp\/v2\/product_tag?post=1220"}],"curies":[{"name":"wp","href":"https:\/\/api.w.org\/{rel}","templated":true}]}}