{"id":1232,"date":"2024-12-26T21:15:32","date_gmt":"2024-12-26T20:15:32","guid":{"rendered":"https:\/\/topspinservice.at\/?post_type=product&#038;p=1232"},"modified":"2026-04-30T00:02:47","modified_gmt":"2026-04-29T22:02:47","slug":"head-prestige-pro-320g-2023","status":"publish","type":"product","link":"https:\/\/topspinservice.at\/en\/produkt\/head-prestige-pro-320g-2023","title":{"rendered":"Head Prestige PRO 320g 2023"},"content":{"rendered":"<p>Der PRESTIGE PRO 2023 TENNIS RACQUET ist ein frischer und innovativer Twist eines HEAD-Klassikers. Er kommt jetzt mit dem sensationellen Gef\u00fchl der neuen Auxetic 2.0 Technologie, die fortgeschrittenen Spielern hilft, mit Kontrolle und Pr\u00e4zision zu spielen. Der bisher als PRESTIGE MP bekannte PRO verf\u00fcgt \u00fcber ein neues und sehr markantes, durchsichtiges Carbon-Element an Schl\u00e4gerhals und \u2011spitze, das jedes Mal ein wenig anders ist und dem Schl\u00e4ger sein einzigartiges Aussehen verleiht. Das frische, hochwertige und unverwechselbare Design umfasst auch einen speziellen roten Flip-Lack im zentralen Farbblock.<\/p>\n<p>\u2022 Ultimative Kontrolle und Pr\u00e4zision<br \/>\n\u2022 F\u00fcr fortgeschrittene Spieler<br \/>\n\u2022 Optimiertes, sensationelles Spielgef\u00fchl<br \/>\n\u2022 Ultimate connection between player and racket<br \/>\n\u2022 Neues, unverwechselbares Design mit durchsichtigen Carbon-Elementen<br \/>\n\u2022 Spezieller roter Flip-Lack<\/p>\n<p>CPI: 200<br \/>\nGewicht (unbespannt): 320 g \/ 11.3 oz<br \/>\nBespannungsbild: 18\/20<br \/>\nPlaying surface size: 630 cm\u00b2 \/ 98 in\u00b2<br \/>\nHandle size: 1-5<br \/>\nBalance: 310 mm \/ 1.3 in HL<br \/>\nLength: 685 mm \/ 27.0 in<br \/>\nRahmenh\u00f6he: 20mm<\/p>","protected":false},"excerpt":{"rendered":"<p>Der \u00fcberarbeitete PRESTIGE PRO 2023 Tennisschl\u00e4ger mit der neuen Auxetic 2.0 Technologie f\u00fcr sensationelles Spielgef\u00fchl ist f\u00fcr fortgeschrittene Spieler gemacht, die absolute Pr\u00e4zision suchen.<\/p>","protected":false},"featured_media":2401,"template":"","meta":{"_acf_changed":false,"_monsterinsights_skip_tracking":false,"_monsterinsights_sitenote_active":false,"_monsterinsights_sitenote_note":"","_monsterinsights_sitenote_category":0},"product_brand":[],"product_cat":[136],"product_tag":[159,161,19],"class_list":{"0":"post-1232","1":"product","2":"type-product","3":"status-publish","4":"has-post-thumbnail","6":"product_cat-head-prestige-kaufen","7":"product_tag-head","8":"product_tag-prestige","9":"product_tag-schlaeger","11":"first","12":"onbackorder","13":"sale","14":"shipping-taxable","15":"purchasable","16":"product-type-variable","17":"has-default-attributes"},"supplier_id":null,"supplier_sku":"","barcode":null,"atum_controlled":true,"out_stock_date":null,"out_stock_threshold":null,"inheritable":false,"inbound_stock":0,"stock_on_hold":0,"sold_today":0,"sales_last_days":0,"reserved_stock":0,"customer_returns":0,"warehouse_damage":0,"lost_in_post":0,"other_logs":0,"out_stock_days":0,"lost_sales":0,"has_location":null,"update_date":"2026-05-15T00:05:31","atum_locations":[],"atum_stock_status":"onbackorder","restock_status":false,"low_stock_amount":"","sales_update_date":"2026-05-15T00:05:31","calc_backorders":null,"acf":[],"_links":{"self":[{"href":"https:\/\/topspinservice.at\/en\/wp-json\/wp\/v2\/product\/1232","targetHints":{"allow":["GET"]}}],"collection":[{"href":"https:\/\/topspinservice.at\/en\/wp-json\/wp\/v2\/product"}],"about":[{"href":"https:\/\/topspinservice.at\/en\/wp-json\/wp\/v2\/types\/product"}],"wp:featuredmedia":[{"embeddable":true,"href":"https:\/\/topspinservice.at\/en\/wp-json\/wp\/v2\/media\/2401"}],"wp:attachment":[{"href":"https:\/\/topspinservice.at\/en\/wp-json\/wp\/v2\/media?parent=1232"}],"wp:term":[{"taxonomy":"product_brand","embeddable":true,"href":"https:\/\/topspinservice.at\/en\/wp-json\/wp\/v2\/product_brand?post=1232"},{"taxonomy":"product_cat","embeddable":true,"href":"https:\/\/topspinservice.at\/en\/wp-json\/wp\/v2\/product_cat?post=1232"},{"taxonomy":"product_tag","embeddable":true,"href":"https:\/\/topspinservice.at\/en\/wp-json\/wp\/v2\/product_tag?post=1232"}],"curies":[{"name":"wp","href":"https:\/\/api.w.org\/{rel}","templated":true}]}}