{"id":1236,"date":"2024-12-26T21:27:02","date_gmt":"2024-12-26T20:27:02","guid":{"rendered":"https:\/\/topspinservice.at\/?post_type=product&#038;p=1236"},"modified":"2025-09-16T13:55:17","modified_gmt":"2025-09-16T11:55:17","slug":"head-prestige-tour-315g-2023","status":"publish","type":"product","link":"https:\/\/topspinservice.at\/en\/produkt\/head-prestige-tour-315g-2023","title":{"rendered":"Head Prestige TOUR 315g 2023"},"content":{"rendered":"<p>Ein sensationelles Gef\u00fchl liefert die neue Auxetic 2.0-Technologie in einem modernen Update eines HEAD-Klassikers. Der PRESTIGE TOUR wurde f\u00fcr technische Turnierspieler entwickelt, die einen Schl\u00e4ger suchen, mit dem sie genauso spielen k\u00f6nnen, wie sie es sich w\u00fcnschen. Neue, durchsichtige Carbon-Elemente an Schl\u00e4gerhals und \u2011spitze sind jedes Mal etwas anders und verleihen deinem Schl\u00e4ger eine eigene Identit\u00e4t. Das frische, hochwertige und unverwechselbare Design umfasst auch einen speziellen roten Flip-Lack im zentralen Farbblock.<\/p>\n<p>\u2022 F\u00fcr technische Turnierspieler<br \/>\n\u2022 Moderne Pr\u00e4zision<br \/>\n\u2022 Optimiertes, sensationelles Spielgef\u00fchl<br \/>\n\u2022 Ultimate connection between player and racket<br \/>\n\u2022 Neues, unverwechselbares Design mit durchsichtigen Carbon-Elementen<br \/>\n\u2022 Spezieller roter Flip-Lack<\/p>\n<p>CPI: 300<br \/>\nGewicht (unbespannt): 315 g \/ 11.1 oz<br \/>\nCoverage pattern: 16\/19<br \/>\nSchlagfl\u00e4chengr\u00f6\u00dfe: 615 cm\u00b2 \/ 95 in\u00b2<br \/>\nHandle size: 1-5<br \/>\nBalance: 315 mm \/ 1 in HL<br \/>\nLength: 685 mm \/ 27.0 in<br \/>\nRahmenh\u00f6he: 22mm<\/p>","protected":false},"excerpt":{"rendered":"<p>Der neue PRESTIGE TOUR 2023 mit der innovativen Auxetic 2.0-Technologie erm\u00f6glicht technisch versierten Turnierspielern ein Spiel mit moderner Pr\u00e4zision.<\/p>","protected":false},"featured_media":2401,"template":"","meta":{"_acf_changed":false,"_monsterinsights_skip_tracking":false,"_monsterinsights_sitenote_active":false,"_monsterinsights_sitenote_note":"","_monsterinsights_sitenote_category":0},"product_brand":[],"product_cat":[136],"product_tag":[159,161,19],"class_list":{"0":"post-1236","1":"product","2":"type-product","3":"status-publish","4":"has-post-thumbnail","6":"product_cat-head-prestige-kaufen","7":"product_tag-head","8":"product_tag-prestige","9":"product_tag-schlaeger","11":"first","12":"onbackorder","13":"sale","14":"shipping-taxable","15":"purchasable","16":"product-type-variable","17":"has-default-attributes"},"supplier_id":null,"supplier_sku":"","barcode":null,"atum_controlled":true,"out_stock_date":null,"out_stock_threshold":null,"inheritable":false,"inbound_stock":0,"stock_on_hold":0,"sold_today":0,"sales_last_days":0,"reserved_stock":0,"customer_returns":0,"warehouse_damage":0,"lost_in_post":0,"other_logs":0,"out_stock_days":0,"lost_sales":0,"has_location":null,"update_date":"2026-05-07T01:39:09","atum_locations":[],"atum_stock_status":"onbackorder","restock_status":false,"low_stock_amount":"","sales_update_date":"2026-05-07T01:39:09","calc_backorders":null,"acf":[],"_links":{"self":[{"href":"https:\/\/topspinservice.at\/en\/wp-json\/wp\/v2\/product\/1236","targetHints":{"allow":["GET"]}}],"collection":[{"href":"https:\/\/topspinservice.at\/en\/wp-json\/wp\/v2\/product"}],"about":[{"href":"https:\/\/topspinservice.at\/en\/wp-json\/wp\/v2\/types\/product"}],"wp:featuredmedia":[{"embeddable":true,"href":"https:\/\/topspinservice.at\/en\/wp-json\/wp\/v2\/media\/2401"}],"wp:attachment":[{"href":"https:\/\/topspinservice.at\/en\/wp-json\/wp\/v2\/media?parent=1236"}],"wp:term":[{"taxonomy":"product_brand","embeddable":true,"href":"https:\/\/topspinservice.at\/en\/wp-json\/wp\/v2\/product_brand?post=1236"},{"taxonomy":"product_cat","embeddable":true,"href":"https:\/\/topspinservice.at\/en\/wp-json\/wp\/v2\/product_cat?post=1236"},{"taxonomy":"product_tag","embeddable":true,"href":"https:\/\/topspinservice.at\/en\/wp-json\/wp\/v2\/product_tag?post=1236"}],"curies":[{"name":"wp","href":"https:\/\/api.w.org\/{rel}","templated":true}]}}