{"id":1263,"date":"2024-12-26T22:05:52","date_gmt":"2024-12-26T21:05:52","guid":{"rendered":"https:\/\/topspinservice.at\/?post_type=product&#038;p=1263"},"modified":"2026-01-06T15:15:44","modified_gmt":"2026-01-06T14:15:44","slug":"head-extreme-mp-l-280g-2024","status":"publish","type":"product","link":"https:\/\/topspinservice.at\/en\/produkt\/head-extreme-mp-l-280g-2024","title":{"rendered":"Head Extreme MP L 280g 2024"},"content":{"rendered":"<p><span style=\"box-sizing: border-box; color: #7d7d7d; font-family: Roboto, Arial, sans-serif; font-size: 14px; font-style: normal; font-variant-ligatures: normal; font-variant-caps: normal; font-weight: 400; letter-spacing: normal; orphans: 2; text-align: left; text-indent: 0px; text-transform: none; widows: 2; word-spacing: 0px; -webkit-text-stroke-width: 0px; white-space: normal; background-color: #ffffff; text-decoration-thickness: initial; text-decoration-style: initial; text-decoration-color: initial;\" class=\"ng-binding\">Erzeuge extremen Spin und sorge f\u00fcr Chaos bei den Gegnern &#8211; mit der neuen Generation des EXTREME MP L, der leichteren Version des EXTREME MP. Dieses Racket ist jetzt 5 g leichter als das Vorg\u00e4ngermodell EXTREME MP L und bietet mehr Man\u00f6vrierbarkeit und Power. Dieses von Matteo Berrettini empfohlene Racket ist mit der neuesten Auxetic 2.0 Technologie ausgestattet, die f\u00fcr mehr Stabilit\u00e4t und eine bessere Verbindung zum Ball sorgt und somit ein knackiges Spielgef\u00fchl und maximalen Spin bietet. Der EXTREME MP L wurde f\u00fcr Spieler entwickelt, die einen leichteren und man\u00f6vrierbaren Schl\u00e4ger suchen, mit dem sie mit Spin spielen k\u00f6nnen. Die einzigartigen Spin-Grommets erm\u00f6glichen mehr Saitenbewegung und einen kraftvollen Trampolineffekt beim Ballkontakt. Inspiriert von den neuesten Mode- und Sneakers-Trends sind die Spin-Grommets transparent und verleihen dem Schl\u00e4ger ein frisches und gewagtes Aussehen.<\/span><\/p>\n<p>\u30fb Innovative Auxetic 2.0-Technologie f\u00fcr verbesserte Stabilit\u00e4t und Verbindung zum Ball<br \/>\n\u30fb Knackiges Schlaggef\u00fchl und maximaler Spin<br \/>\n\u2022Leichtere Version des EXTREME MP<br \/>\n\u30fb 5g leichter als der vorherige EXTREME MP L f\u00fcr verbesserte Man\u00f6vrierbarkeit und mehr Power<br \/>\n\u30fb F\u00fcr Spieler, die einen leichteren Schl\u00e4ger suchen, der mit dem Extreme Spin diktiert<br \/>\n\u30fb Neue, von der Mode inspirierte transparente Spin-Grommets tragen zum gewagten Look bei<br \/>\n\u30fb Spin-Grommets erm\u00f6glichen mehr Saitenbewegung und einen kraftvollen Trampolineffekt<br \/>\n\u30fb Empfohlen von Matteo Berrettini<\/p>\n<p>CPI: 700<br \/>\nGewicht (unbespannt): 280 g \/ 9.9 oz<br \/>\nCoverage pattern: 16\/19<br \/>\nSchlagfl\u00e4chengr\u00f6\u00dfe:645 cm\u00b2 \/ 100 in\u00b2<br \/>\nHandle size: 0-5<br \/>\nBalance: 325 mm \/ 0.7 in HL<br \/>\nLength: 685 mm \/ 27.0 in<br \/>\nRahmenh\u00f6he: 23\/26\/21 mm<\/p>","protected":false},"excerpt":{"rendered":"<p>Erzeuge extremen Spin und sorge f\u00fcr Chaos bei den Gegnern &#8211; mit der neuen Generation<br \/>\ndes EXTREME MP L, der leichteren Version des EXTREME MP.<\/p>","protected":false},"featured_media":2406,"template":"","meta":{"_acf_changed":false,"_monsterinsights_skip_tracking":false,"_monsterinsights_sitenote_active":false,"_monsterinsights_sitenote_note":"","_monsterinsights_sitenote_category":0},"product_brand":[],"product_cat":[139],"product_tag":[162,159,19],"class_list":{"0":"post-1263","1":"product","2":"type-product","3":"status-publish","4":"has-post-thumbnail","6":"product_cat-head-extreme-kaufen","7":"product_tag-extreme","8":"product_tag-head","9":"product_tag-schlaeger","11":"first","12":"onbackorder","13":"sale","14":"shipping-taxable","15":"purchasable","16":"product-type-variable","17":"has-default-attributes"},"supplier_id":null,"supplier_sku":"","barcode":null,"atum_controlled":true,"out_stock_date":null,"out_stock_threshold":null,"inheritable":false,"inbound_stock":0,"stock_on_hold":0,"sold_today":0,"sales_last_days":0,"reserved_stock":0,"customer_returns":0,"warehouse_damage":0,"lost_in_post":0,"other_logs":0,"out_stock_days":0,"lost_sales":0,"has_location":null,"update_date":"2026-05-15T00:05:37","atum_locations":[],"atum_stock_status":"onbackorder","restock_status":false,"low_stock_amount":"","sales_update_date":"2026-05-15T00:05:37","calc_backorders":null,"acf":[],"_links":{"self":[{"href":"https:\/\/topspinservice.at\/en\/wp-json\/wp\/v2\/product\/1263","targetHints":{"allow":["GET"]}}],"collection":[{"href":"https:\/\/topspinservice.at\/en\/wp-json\/wp\/v2\/product"}],"about":[{"href":"https:\/\/topspinservice.at\/en\/wp-json\/wp\/v2\/types\/product"}],"wp:featuredmedia":[{"embeddable":true,"href":"https:\/\/topspinservice.at\/en\/wp-json\/wp\/v2\/media\/2406"}],"wp:attachment":[{"href":"https:\/\/topspinservice.at\/en\/wp-json\/wp\/v2\/media?parent=1263"}],"wp:term":[{"taxonomy":"product_brand","embeddable":true,"href":"https:\/\/topspinservice.at\/en\/wp-json\/wp\/v2\/product_brand?post=1263"},{"taxonomy":"product_cat","embeddable":true,"href":"https:\/\/topspinservice.at\/en\/wp-json\/wp\/v2\/product_cat?post=1263"},{"taxonomy":"product_tag","embeddable":true,"href":"https:\/\/topspinservice.at\/en\/wp-json\/wp\/v2\/product_tag?post=1263"}],"curies":[{"name":"wp","href":"https:\/\/api.w.org\/{rel}","templated":true}]}}