{"id":1269,"date":"2024-12-26T22:09:06","date_gmt":"2024-12-26T21:09:06","guid":{"rendered":"https:\/\/topspinservice.at\/?post_type=product&#038;p=1269"},"modified":"2025-09-16T13:55:36","modified_gmt":"2025-09-16T11:55:36","slug":"head-extreme-team-265g-2024","status":"publish","type":"product","link":"https:\/\/topspinservice.at\/en\/produkt\/head-extreme-team-265g-2024","title":{"rendered":"Head Extreme TEAM 265g 2024"},"content":{"rendered":"<p><span style=\"box-sizing: border-box; color: #7d7d7d; font-family: Roboto, Arial, sans-serif; font-size: 14px; font-style: normal; font-variant-ligatures: normal; font-variant-caps: normal; font-weight: 400; letter-spacing: normal; orphans: 2; text-align: left; text-indent: 0px; text-transform: none; widows: 2; word-spacing: 0px; -webkit-text-stroke-width: 0px; white-space: normal; background-color: #ffffff; text-decoration-thickness: initial; text-decoration-style: initial; text-decoration-color: initial;\" class=\"ng-binding\">Erzeuge extremen Spin und sorge f\u00fcr Chaos bei den Gegnern &#8211; mit der neuen Generation des EXTREME TEAM. Dieses von Matteo Berrettini empfohlene Racket wurde mit der modernsten Auxetic 2.0 Technologie f\u00fcr verbesserte Stabilit\u00e4t und eine bessere Verbindung zum Ball aufger\u00fcstet, welche ein knackiges Schlaggef\u00fchl und maximalen Spin bietet. Der EXTREME TEAM wurde f\u00fcr Mannschaftsspieler entwickelt, die mit Spin spielen wollen. Der Schaft sorgt f\u00fcr zus\u00e4tzlichen Spin. Die einzigartigen Spin-Grommets erm\u00f6glichen mehr Saitenbewegung und einen kraftvollen Trampolineffekt beim Ballkontakt. Inspiriert von den neuesten Mode- und Sneakers-Trends sind die Spin-Grommets transparent und verleihen dem Schl\u00e4ger ein frisches und gewagtes Aussehen.<\/p>\n<p>\u30fb Innovative Auxetic 2.0-Technologie f\u00fcr verbesserte Stabilit\u00e4t und Verbindung zum Ball<br \/>\n\u30fb Knackiges Schlaggef\u00fchl und maximaler Spin<br \/>\n\u30fb F\u00fcr Mannschaftsspieler, die mit Extreme Spin spielen wollen<br \/>\n\u30fb Neue, von der Mode inspirierte transparente Spin-Grommets tragen zum gewagten Look bei<br \/>\n\u30fb Spin-Grommets erm\u00f6glichen mehr Saitenbewegung und einen kraftvollen Trampolineffekt<br \/>\n\u30fb Empfohlen von Matteo Berrettini<\/span><\/p>\n<div class=\"row ng-scope\">\n<div class=\"col-12 ng-scope\">\n<div>CPI: 900<br \/>\nGewicht (unbespannt): 265 g \/ 9.3 oz<br \/>\nCoverage pattern: 16\/19<br \/>\nSchlagfl\u00e4chengr\u00f6\u00dfe: 680 cm\u00b2 \/ 105 in\u00b2<br \/>\nHandle size: 0-5<br \/>\nBalance: 340 mm \/ even<br \/>\nLength: 685 mm \/ 27.0 in<br \/>\nRahmenh\u00f6he: 23\/26\/22 mm<\/div>\n<\/div>\n<\/div>","protected":false},"excerpt":{"rendered":"<p>Erzeuge extremen Spin und sorge f\u00fcr Chaos bei den Gegnern &#8211; mit der neuen Generation des EXTREME TEAM.<\/p>","protected":false},"featured_media":2406,"template":"","meta":{"_acf_changed":false,"_monsterinsights_skip_tracking":false,"_monsterinsights_sitenote_active":false,"_monsterinsights_sitenote_note":"","_monsterinsights_sitenote_category":0},"product_brand":[],"product_cat":[139],"product_tag":[162,159,19],"class_list":{"0":"post-1269","1":"product","2":"type-product","3":"status-publish","4":"has-post-thumbnail","6":"product_cat-head-extreme-kaufen","7":"product_tag-extreme","8":"product_tag-head","9":"product_tag-schlaeger","11":"first","12":"instock","13":"sale","14":"shipping-taxable","15":"purchasable","16":"product-type-variable","17":"has-default-attributes"},"supplier_id":null,"supplier_sku":"","barcode":null,"atum_controlled":true,"out_stock_date":null,"out_stock_threshold":null,"inheritable":false,"inbound_stock":0,"stock_on_hold":0,"sold_today":0,"sales_last_days":0,"reserved_stock":0,"customer_returns":0,"warehouse_damage":0,"lost_in_post":0,"other_logs":0,"out_stock_days":0,"lost_sales":0,"has_location":null,"update_date":"2026-05-15T00:05:38","atum_locations":[],"atum_stock_status":"instock","restock_status":false,"low_stock_amount":"","sales_update_date":"2026-05-15T00:05:38","calc_backorders":null,"acf":[],"_links":{"self":[{"href":"https:\/\/topspinservice.at\/en\/wp-json\/wp\/v2\/product\/1269","targetHints":{"allow":["GET"]}}],"collection":[{"href":"https:\/\/topspinservice.at\/en\/wp-json\/wp\/v2\/product"}],"about":[{"href":"https:\/\/topspinservice.at\/en\/wp-json\/wp\/v2\/types\/product"}],"wp:featuredmedia":[{"embeddable":true,"href":"https:\/\/topspinservice.at\/en\/wp-json\/wp\/v2\/media\/2406"}],"wp:attachment":[{"href":"https:\/\/topspinservice.at\/en\/wp-json\/wp\/v2\/media?parent=1269"}],"wp:term":[{"taxonomy":"product_brand","embeddable":true,"href":"https:\/\/topspinservice.at\/en\/wp-json\/wp\/v2\/product_brand?post=1269"},{"taxonomy":"product_cat","embeddable":true,"href":"https:\/\/topspinservice.at\/en\/wp-json\/wp\/v2\/product_cat?post=1269"},{"taxonomy":"product_tag","embeddable":true,"href":"https:\/\/topspinservice.at\/en\/wp-json\/wp\/v2\/product_tag?post=1269"}],"curies":[{"name":"wp","href":"https:\/\/api.w.org\/{rel}","templated":true}]}}