{"id":1274,"date":"2024-12-27T19:41:30","date_gmt":"2024-12-27T18:41:30","guid":{"rendered":"https:\/\/topspinservice.at\/?post_type=product&#038;p=1274"},"modified":"2026-01-17T13:53:46","modified_gmt":"2026-01-17T12:53:46","slug":"head-speed-pro-legend-310g-2025","status":"publish","type":"product","link":"https:\/\/topspinservice.at\/en\/produkt\/head-speed-pro-legend-310g-2025","title":{"rendered":"Head Speed PRO LEGEND 310g 2025"},"content":{"rendered":"<p>Goldene, pers\u00f6nliche Akzente \u2013 mit Novak Djokovics Logo in Gold und HEAD-Branding in Gold \u2013 tragen zum exklusiven, eleganten Look des SPEED PRO LEGEND 2025 bei. Diese goldenen Details wurden von Novaks goldenen Momenten auf dem Platz inspiriert und weil Gold seine Lieblingsfarbe ist, w\u00e4hrend die schwarze, gl\u00e4nzende Oberfl\u00e4che des Schl\u00e4gers ebenfalls seine pers\u00f6nliche Wahl war. Geschmiedeter Carbon ist bei 3 Uhr und 9 Uhr im Rahmen integriert, was das unverwechselbare, hochwertige Design unterstreicht und gleichzeitig das Schlaggef\u00fchl verbessert. Der SPEED PRO LEGEND 2025 bietet die gleiche innovative Performance wie der SPEED PRO 2025; dieses Modell richtet sich an Turnierspieler mit schnellem Spiel, die einen Allround-Schl\u00e4ger mit der perfekten Mischung aus Power und Kontrolle suchen.<br \/>\nMit seinem relativ hohen Gewicht von 310 Gramm und dem 18&#215;20 Saitenmuster bietet dieser Schl\u00e4ger au\u00dfergew\u00f6hnliche Kontrolle bei gleichzeitig pr\u00e4ziser Power. Du kannst mit einem Rahmen spielen, der mit Hy-Bor aufger\u00fcstet wurde, einem hochmodernen Materialmix, der haupts\u00e4chlich in der High-Tech-Luftfahrtindustrie verwendet wird und im Schaft verbaut wurde, um die wahrgenommene Stabilit\u00e4t und das charakteristische, solide Schlaggef\u00fchl zu verbessern.<br \/>\n\u2022 Inspiriert von Novak Djokovics Vorlieben und goldenen Momenten<br \/>\n\u2022 Golddetails mit Novaks Logo und HEAD-Branding in Gold<br \/>\n\u2022 Novaks Wahl einer schwarzen, gl\u00e4nzenden Oberfl\u00e4che<br \/>\n\u2022 Geschmiedeter Carbonrahmen f\u00fcr einen markanten Look und verbessertes Schlaggef\u00fchl<br \/>\n\u2022 F\u00fcr Turnierspieler, die einen Allrounder mit perfekter Mischung aus Power und Kontrolle suchen<br \/>\n\u2022 Au\u00dfergew\u00f6hnliche Kontrolle dank des relativ hohen Gewichts von 310 Gramm und des 18&#215;20 Saitenmusters<br \/>\n\u2022 Die SPEED-Serie steht im Mittelpunkt von HEADs \u201eTennis Tour Racquet Compass\u201c<br \/>\n\u2022 Hy-Bor verbessert die wahrgenommene Stabilit\u00e4t und das charakteristische solide Schlaggef\u00fchl<br \/>\n\u2022 Auxetic 2.0 Technologie f\u00fcr ein intensiveres Ballgef\u00fchl<br \/>\n\u2022 Directional Drilling und Power Grommets erm\u00f6glichen Saitenbewegung f\u00fcr ein hohes Ma\u00df an Power und Touch<\/p>\n<h2 class=\"collapsible-toggle collapsible-icon ng-binding\" tabindex=\"0\" role=\"button\">FACTS<\/h2>\n<div class=\"collapsible-content ng-scope\">\n<div class=\"row ng-scope\">\n<div class=\"col-12 ng-scope\">\n<div class=\"row\">\n<div class=\"col-12 col-md-4 label ng-binding\">Weight (unstrung)<\/div>\n<div class=\"col-12 col-md-8 value ng-binding\">310 g \/ 10.9 oz<\/div>\n<\/div>\n<\/div>\n<\/div>\n<div class=\"row ng-scope\">\n<div class=\"col-12 ng-scope\">\n<div class=\"row\">\n<div class=\"col-12 col-md-4 label ng-binding\">Covering pattern<\/div>\n<div class=\"col-12 col-md-8 value ng-binding\">18\/20<\/div>\n<\/div>\n<\/div>\n<\/div>\n<div class=\"row ng-scope\">\n<div class=\"col-12 ng-scope\">\n<div class=\"row\">\n<div class=\"col-12 col-md-4 label ng-binding\">striking surface size<\/div>\n<div class=\"col-12 col-md-8 value ng-binding\">645 cm\u00b2 \/ 100 in\u00b2<\/div>\n<\/div>\n<\/div>\n<\/div>\n<div class=\"row ng-scope\">\n<div class=\"col-12 ng-scope\">\n<div class=\"row\">\n<div class=\"col-12 col-md-4 label ng-binding\">balance<\/div>\n<div class=\"col-12 col-md-8 value ng-binding\">310 mm \/ 1.3 in HL<\/div>\n<\/div>\n<\/div>\n<\/div>\n<div class=\"row ng-scope\">\n<div class=\"col-12 ng-scope\">\n<div class=\"row\">\n<div class=\"col-12 col-md-4 label ng-binding\">length<\/div>\n<div class=\"col-12 col-md-8 value ng-binding\">685 mm \/ 27.0 in<\/div>\n<\/div>\n<\/div>\n<\/div>\n<div class=\"row ng-scope\">\n<div class=\"col-12 ng-scope\">\n<div class=\"row\">\n<div class=\"col-12 col-md-4 label ng-binding\">Frame thickness<\/div>\n<div class=\"col-12 col-md-8 value ng-binding\">23 mm<\/div>\n<\/div>\n<\/div>\n<\/div>\n<\/div>\n<p>&nbsp;<\/p>","protected":false},"excerpt":{"rendered":"<p>Goldene, pers\u00f6nliche Akzente \u2013 mit Novak Djokovics Logo in Gold und HEAD-Branding in Gold \u2013 tragen zum exklusiven, eleganten Look des SPEED PRO LEGEND 2025 bei. Diese goldenen Details wurden von Novaks goldenen Momenten auf dem Platz inspiriert und weil Gold seine Lieblingsfarbe ist, w\u00e4hrend die schwarze, gl\u00e4nzende Oberfl\u00e4che des Schl\u00e4gers ebenfalls seine pers\u00f6nliche Wahl [&#8230;]\n","protected":false},"featured_media":3001,"template":"","meta":{"_acf_changed":false,"_monsterinsights_skip_tracking":false,"_monsterinsights_sitenote_active":false,"_monsterinsights_sitenote_note":"","_monsterinsights_sitenote_category":0},"product_brand":[],"product_cat":[91],"product_tag":[159,19,163],"class_list":{"0":"post-1274","1":"product","2":"type-product","3":"status-publish","4":"has-post-thumbnail","6":"product_cat-head-speed-kaufen","7":"product_tag-head","8":"product_tag-schlaeger","9":"product_tag-speed","11":"first","12":"instock","13":"sale","14":"shipping-taxable","15":"purchasable","16":"product-type-variable","17":"has-default-attributes"},"supplier_id":null,"supplier_sku":"","barcode":null,"atum_controlled":true,"out_stock_date":null,"out_stock_threshold":null,"inheritable":true,"inbound_stock":0,"stock_on_hold":0,"sold_today":0,"sales_last_days":0,"reserved_stock":0,"customer_returns":0,"warehouse_damage":0,"lost_in_post":0,"other_logs":0,"out_stock_days":0,"lost_sales":0,"has_location":false,"update_date":"2026-05-07T01:39:08","atum_locations":[],"atum_stock_status":"instock","restock_status":false,"low_stock_amount":"","sales_update_date":"2026-05-07T01:39:08","calc_backorders":null,"acf":[],"_links":{"self":[{"href":"https:\/\/topspinservice.at\/en\/wp-json\/wp\/v2\/product\/1274","targetHints":{"allow":["GET"]}}],"collection":[{"href":"https:\/\/topspinservice.at\/en\/wp-json\/wp\/v2\/product"}],"about":[{"href":"https:\/\/topspinservice.at\/en\/wp-json\/wp\/v2\/types\/product"}],"wp:featuredmedia":[{"embeddable":true,"href":"https:\/\/topspinservice.at\/en\/wp-json\/wp\/v2\/media\/3001"}],"wp:attachment":[{"href":"https:\/\/topspinservice.at\/en\/wp-json\/wp\/v2\/media?parent=1274"}],"wp:term":[{"taxonomy":"product_brand","embeddable":true,"href":"https:\/\/topspinservice.at\/en\/wp-json\/wp\/v2\/product_brand?post=1274"},{"taxonomy":"product_cat","embeddable":true,"href":"https:\/\/topspinservice.at\/en\/wp-json\/wp\/v2\/product_cat?post=1274"},{"taxonomy":"product_tag","embeddable":true,"href":"https:\/\/topspinservice.at\/en\/wp-json\/wp\/v2\/product_tag?post=1274"}],"curies":[{"name":"wp","href":"https:\/\/api.w.org\/{rel}","templated":true}]}}