{"id":1285,"date":"2024-12-27T19:48:36","date_gmt":"2024-12-27T18:48:36","guid":{"rendered":"https:\/\/topspinservice.at\/?post_type=product&#038;p=1285"},"modified":"2026-01-17T13:38:54","modified_gmt":"2026-01-17T12:38:54","slug":"head-speed-mp-300g-2023","status":"publish","type":"product","link":"https:\/\/topspinservice.at\/en\/produkt\/head-speed-mp-300g-2023","title":{"rendered":"Head Speed MP 300g 2024"},"content":{"rendered":"<p>Mit der Einf\u00fchrung der neuen Auxetic 2.0 Technologie f\u00fchlt sich der SPEED MP 2024 jetzt noch weicher und sensationeller an. Mit einem Schl\u00e4ger aus der von Jannik Sinner empfohlenen SPEED Bestseller-Serie kannst du schnell spielen und dabei jeden Schlag sp\u00fcren. Die Neuauflage des SPEED MP 2024\u00a0\u2013 der etwas leichter und etwas einfacher zu handhaben ist als der Pro\u00a0\u2013 umfasst ein neues Design mit einer speziellen Lackierung, die sich weich anf\u00fchlt und das weichere Schlaggef\u00fchl und die kontrollierbare Power erg\u00e4nzt.<\/p>\n<p>\u2022 F\u00fcr schnelle Spieler<br \/>\n\u2022 Kontrollierbare Leistung, optimierte Man\u00f6vrierbarkeit und einfachere Handhabung<br \/>\n\u2022 Weicheres, sensationelles Spielgef\u00fchl<br \/>\n\u2022 Ultimate connection between player and racket<br \/>\n\u2022 Neues Design mit speziellem, griffigem Lack<\/p>\n<p>CPI: 500<br \/>\nGewicht (unbespannt): 300 g \/ 10.6 oz<br \/>\nCoverage pattern: 16\/19<br \/>\nSchlagfl\u00e4chengr\u00f6\u00dfe: 645 cm\u00b2 \/ 100 in\u00b2<br \/>\nHandle size: 1-5<br \/>\nBalance: 320 mm \/ 1 in HL<br \/>\nLength: 685 mm \/ 27.0 in<br \/>\nRahmenh\u00f6he: 23 mm<\/p>","protected":false},"excerpt":{"rendered":"<p>Der \u00fcberarbeitete SPEED MP 2024 wurde f\u00fcr Spieler entwickelt, die Kontrolle f\u00fcr ihr schnelles Spiel, mehr Man\u00f6vrierbarkeit und einfacheres Handling suchen.<\/p>","protected":false},"featured_media":2411,"template":"","meta":{"_acf_changed":false,"_monsterinsights_skip_tracking":false,"_monsterinsights_sitenote_active":false,"_monsterinsights_sitenote_note":"","_monsterinsights_sitenote_category":0},"product_brand":[],"product_cat":[91],"product_tag":[159,160,19],"class_list":{"0":"post-1285","1":"product","2":"type-product","3":"status-publish","4":"has-post-thumbnail","6":"product_cat-head-speed-kaufen","7":"product_tag-head","8":"product_tag-radical","9":"product_tag-schlaeger","11":"first","12":"instock","13":"sale","14":"shipping-taxable","15":"purchasable","16":"product-type-variable","17":"has-default-attributes"},"supplier_id":null,"supplier_sku":"","barcode":null,"atum_controlled":true,"out_stock_date":null,"out_stock_threshold":null,"inheritable":false,"inbound_stock":0,"stock_on_hold":0,"sold_today":0,"sales_last_days":0,"reserved_stock":0,"customer_returns":0,"warehouse_damage":0,"lost_in_post":0,"other_logs":0,"out_stock_days":0,"lost_sales":0,"has_location":null,"update_date":"2026-05-15T00:05:38","atum_locations":[],"atum_stock_status":"instock","restock_status":false,"low_stock_amount":"","sales_update_date":"2026-05-15T00:05:38","calc_backorders":null,"acf":[],"_links":{"self":[{"href":"https:\/\/topspinservice.at\/en\/wp-json\/wp\/v2\/product\/1285","targetHints":{"allow":["GET"]}}],"collection":[{"href":"https:\/\/topspinservice.at\/en\/wp-json\/wp\/v2\/product"}],"about":[{"href":"https:\/\/topspinservice.at\/en\/wp-json\/wp\/v2\/types\/product"}],"wp:featuredmedia":[{"embeddable":true,"href":"https:\/\/topspinservice.at\/en\/wp-json\/wp\/v2\/media\/2411"}],"wp:attachment":[{"href":"https:\/\/topspinservice.at\/en\/wp-json\/wp\/v2\/media?parent=1285"}],"wp:term":[{"taxonomy":"product_brand","embeddable":true,"href":"https:\/\/topspinservice.at\/en\/wp-json\/wp\/v2\/product_brand?post=1285"},{"taxonomy":"product_cat","embeddable":true,"href":"https:\/\/topspinservice.at\/en\/wp-json\/wp\/v2\/product_cat?post=1285"},{"taxonomy":"product_tag","embeddable":true,"href":"https:\/\/topspinservice.at\/en\/wp-json\/wp\/v2\/product_tag?post=1285"}],"curies":[{"name":"wp","href":"https:\/\/api.w.org\/{rel}","templated":true}]}}