{"id":1290,"date":"2024-12-27T19:51:16","date_gmt":"2024-12-27T18:51:16","guid":{"rendered":"https:\/\/topspinservice.at\/?post_type=product&#038;p=1290"},"modified":"2026-04-08T20:31:51","modified_gmt":"2026-04-08T18:31:51","slug":"head-speed-mp-l-280g-2023","status":"publish","type":"product","link":"https:\/\/topspinservice.at\/en\/produkt\/head-speed-mp-l-280g-2023","title":{"rendered":"Head Speed MP L 280g 2024"},"content":{"rendered":"<p>Spiele schnell und genie\u00dfe ein noch weicheres und sensationelleres Spielgef\u00fchl mit dem Speed MP L 2024, der mit der neuen Auxetic 2.0-Technologie ausgestattet wurde. Dieser Schl\u00e4ger ist etwas schwerer als der bisherige MP L, was die kontrollierbare Power verbessert. Er ist immer noch leichter als der MP und eignet sich ideal f\u00fcr Spieler, die mehr Man\u00f6vrierbarkeit und leichteres Handling suchen. Der SPEED MP L 2024 geh\u00f6rt zur erfolgreichen SPEED-Serie, die von Jannik Sinner empfohlen wird. Er hat ein neues Design mit einer speziellen Lackierung, die sich weich anf\u00fchlt und das weichere Schlaggef\u00fchl erg\u00e4nzt.<\/p>\n<p>\u2022 Leichter als der MP<br \/>\n\u2022 F\u00fcr schnelle Spieler<br \/>\n\u2022 Kontrollierbare Leistung, exzellente Man\u00f6vrierbarkeit und einfachere Handhabung<br \/>\n\u2022 Weicheres, sensationelles Spielgef\u00fchl<br \/>\n\u2022 Ultimate connection between player and racket<br \/>\n\u2022 Neues Design mit speziellem, griffigem Lack<\/p>\n<p>CPI: 600<br \/>\nGewicht (unbespannt): 280 g \/ 9.9 oz<br \/>\nCoverage pattern: 16\/19<br \/>\nSchlagfl\u00e4chengr\u00f6\u00dfe: 645 cm\u00b2 \/ 100 in\u00b2<br \/>\nHandle size: 0-5<br \/>\nBalance: 325 mm \/ 0.7 in HL<br \/>\nLength: 685 mm \/ 27.0 in<br \/>\nRahmenh\u00f6he: 23 mm<\/p>","protected":false},"excerpt":{"rendered":"<p>Der verbesserte SPEED MP L 2024 ist ideal f\u00fcr Turnierspieler mit einem schnellen Spiel, die einen leichteren Rahmen w\u00fcnschen.<\/p>","protected":false},"featured_media":2411,"template":"","meta":{"_acf_changed":false,"_monsterinsights_skip_tracking":false,"_monsterinsights_sitenote_active":false,"_monsterinsights_sitenote_note":"","_monsterinsights_sitenote_category":0},"product_brand":[],"product_cat":[91],"product_tag":[159,160,19],"class_list":{"0":"post-1290","1":"product","2":"type-product","3":"status-publish","4":"has-post-thumbnail","6":"product_cat-head-speed-kaufen","7":"product_tag-head","8":"product_tag-radical","9":"product_tag-schlaeger","11":"first","12":"onbackorder","13":"sale","14":"shipping-taxable","15":"purchasable","16":"product-type-variable","17":"has-default-attributes"},"supplier_id":null,"supplier_sku":"","barcode":null,"atum_controlled":true,"out_stock_date":null,"out_stock_threshold":null,"inheritable":false,"inbound_stock":0,"stock_on_hold":0,"sold_today":0,"sales_last_days":0,"reserved_stock":0,"customer_returns":0,"warehouse_damage":0,"lost_in_post":0,"other_logs":0,"out_stock_days":0,"lost_sales":0,"has_location":null,"update_date":"2026-05-15T00:05:30","atum_locations":[],"atum_stock_status":"onbackorder","restock_status":false,"low_stock_amount":"","sales_update_date":"2026-05-15T00:05:30","calc_backorders":null,"acf":[],"_links":{"self":[{"href":"https:\/\/topspinservice.at\/en\/wp-json\/wp\/v2\/product\/1290","targetHints":{"allow":["GET"]}}],"collection":[{"href":"https:\/\/topspinservice.at\/en\/wp-json\/wp\/v2\/product"}],"about":[{"href":"https:\/\/topspinservice.at\/en\/wp-json\/wp\/v2\/types\/product"}],"wp:featuredmedia":[{"embeddable":true,"href":"https:\/\/topspinservice.at\/en\/wp-json\/wp\/v2\/media\/2411"}],"wp:attachment":[{"href":"https:\/\/topspinservice.at\/en\/wp-json\/wp\/v2\/media?parent=1290"}],"wp:term":[{"taxonomy":"product_brand","embeddable":true,"href":"https:\/\/topspinservice.at\/en\/wp-json\/wp\/v2\/product_brand?post=1290"},{"taxonomy":"product_cat","embeddable":true,"href":"https:\/\/topspinservice.at\/en\/wp-json\/wp\/v2\/product_cat?post=1290"},{"taxonomy":"product_tag","embeddable":true,"href":"https:\/\/topspinservice.at\/en\/wp-json\/wp\/v2\/product_tag?post=1290"}],"curies":[{"name":"wp","href":"https:\/\/api.w.org\/{rel}","templated":true}]}}