{"id":1296,"date":"2024-12-27T19:53:48","date_gmt":"2024-12-27T18:53:48","guid":{"rendered":"https:\/\/topspinservice.at\/?post_type=product&#038;p=1296"},"modified":"2026-01-03T16:33:35","modified_gmt":"2026-01-03T15:33:35","slug":"head-speed-team-270g-2023","status":"publish","type":"product","link":"https:\/\/topspinservice.at\/en\/produkt\/head-speed-team-270g-2023","title":{"rendered":"Head Speed TEAM 270g 2024"},"content":{"rendered":"<p>Mit dem neu gestalteten Speed Team 2024 spielst du schnell und genie\u00dft gleichzeitig ein noch weicheres und sensationelleres Spielgef\u00fchl. Dieser Schl\u00e4ger wurde aus einer neuen Matrize gefertigt, ist l\u00e4nger und hat ein aerodynamisches 3D-Design f\u00fcr mehr Power und Kontrolle, w\u00e4hrend die neue Auxetic 2.0-Technologie das Spielgef\u00fchl verbessert. Leichter als seine gr\u00f6\u00dferen Br\u00fcder aus der beliebten SPEED Serie, ist der SPEED TEAM 2024 ideal f\u00fcr den gelegentlichen, schnell schlagenden Spieler, der ein schnelleres Racket und zus\u00e4tzliche Man\u00f6vrierbarkeit sucht. Das Upgrade umfasst ein neues Design mit einer speziellen Lackierung, die sich weich anf\u00fchlt und das weichere Schlaggef\u00fchl vervollst\u00e4ndigt.<\/p>\n<p>\u2022 Leichter Schl\u00e4ger f\u00fcr den gelegentlichen, schnell schlagenden Spieler<br \/>\n\u2022 Neu gestaltet mit einer neuen Form und einem l\u00e4ngeren Rahmen<br \/>\n\u2022 Aerodynamisches 3D-Design f\u00fcr Leistung und Kontrolle<br \/>\n\u2022 Weicheres, sensationelles Spielgef\u00fchl<br \/>\n\u2022 Ultimate connection between player and racket<br \/>\n\u2022 Neues Design mit speziellem, griffigem Lack<\/p>\n<p>CPI: 800<br \/>\nGewicht (unbespannt): 270 g \/ 9.5 oz<br \/>\nCoverage pattern: 16\/19<br \/>\nSchlagfl\u00e4chengr\u00f6\u00dfe: 677 cm\u00b2 \/ 105 in\u00b2<br \/>\nHandle size: 0-5<br \/>\nBalance: 325 mm \/ 0.8 in HL<br \/>\nL\u00e4nge: 692 mm \/ 27.2 in<br \/>\nRahmenh\u00f6he: 24<\/p>","protected":false},"excerpt":{"rendered":"<p>Der von Novak \u0110okovi\u0107 empfohlene, \u00fcberarbeitete SPEED TEAM 2024 ist ideal f\u00fcr Gelegenheitsspieler, die einen schnellen Schl\u00e4ger ben\u00f6tigen.<\/p>","protected":false},"featured_media":2411,"template":"","meta":{"_acf_changed":false,"_monsterinsights_skip_tracking":false,"_monsterinsights_sitenote_active":false,"_monsterinsights_sitenote_note":"","_monsterinsights_sitenote_category":0},"product_brand":[],"product_cat":[91],"product_tag":[159,160,19],"class_list":{"0":"post-1296","1":"product","2":"type-product","3":"status-publish","4":"has-post-thumbnail","6":"product_cat-head-speed-kaufen","7":"product_tag-head","8":"product_tag-radical","9":"product_tag-schlaeger","11":"first","12":"instock","13":"sale","14":"shipping-taxable","15":"purchasable","16":"product-type-variable","17":"has-default-attributes"},"supplier_id":null,"supplier_sku":"","barcode":null,"atum_controlled":true,"out_stock_date":null,"out_stock_threshold":null,"inheritable":false,"inbound_stock":0,"stock_on_hold":0,"sold_today":0,"sales_last_days":0,"reserved_stock":0,"customer_returns":0,"warehouse_damage":0,"lost_in_post":0,"other_logs":0,"out_stock_days":0,"lost_sales":0,"has_location":null,"update_date":"2026-05-07T01:39:08","atum_locations":[],"atum_stock_status":"instock","restock_status":false,"low_stock_amount":"","sales_update_date":"2026-05-07T01:39:08","calc_backorders":null,"acf":[],"_links":{"self":[{"href":"https:\/\/topspinservice.at\/en\/wp-json\/wp\/v2\/product\/1296","targetHints":{"allow":["GET"]}}],"collection":[{"href":"https:\/\/topspinservice.at\/en\/wp-json\/wp\/v2\/product"}],"about":[{"href":"https:\/\/topspinservice.at\/en\/wp-json\/wp\/v2\/types\/product"}],"wp:featuredmedia":[{"embeddable":true,"href":"https:\/\/topspinservice.at\/en\/wp-json\/wp\/v2\/media\/2411"}],"wp:attachment":[{"href":"https:\/\/topspinservice.at\/en\/wp-json\/wp\/v2\/media?parent=1296"}],"wp:term":[{"taxonomy":"product_brand","embeddable":true,"href":"https:\/\/topspinservice.at\/en\/wp-json\/wp\/v2\/product_brand?post=1296"},{"taxonomy":"product_cat","embeddable":true,"href":"https:\/\/topspinservice.at\/en\/wp-json\/wp\/v2\/product_cat?post=1296"},{"taxonomy":"product_tag","embeddable":true,"href":"https:\/\/topspinservice.at\/en\/wp-json\/wp\/v2\/product_tag?post=1296"}],"curies":[{"name":"wp","href":"https:\/\/api.w.org\/{rel}","templated":true}]}}