{"id":1395,"date":"2025-01-10T20:59:16","date_gmt":"2025-01-10T19:59:16","guid":{"rendered":"https:\/\/topspinservice.at\/?post_type=product&#038;p=1395"},"modified":"2026-02-07T21:23:44","modified_gmt":"2026-02-07T20:23:44","slug":"head-lnyx-tour-125mm-grau","status":"publish","type":"product","link":"https:\/\/topspinservice.at\/en\/produkt\/head-lnyx-tour-125mm-grau","title":{"rendered":"HEAD Lynx Tour 1.20\/1.25\/1.30mm Black"},"content":{"rendered":"<p><span class=\"ng-binding\" style=\"box-sizing: border-box; color: #7d7d7d; font-family: Roboto, Arial, sans-serif; font-size: 14px; font-style: normal; font-variant-ligatures: normal; font-variant-caps: normal; font-weight: 400; letter-spacing: normal; orphans: 2; text-align: left; text-indent: 0px; text-transform: none; widows: 2; word-spacing: 0px; -webkit-text-stroke-width: 0px; white-space: normal; background-color: #ffffff; text-decoration-thickness: initial; text-decoration-style: initial; text-decoration-color: initial;\">Entwickelt f\u00fcr den fortgeschrittenen Spieler, der h\u00e4rtere Schl\u00e4ge beherrscht, bietet das einzigartige 6-Kanten-Design dieses Co-Polyesters die ultimative Mischung aus Kontrolle und Spin. Ein Monofilament aus einer neuen Co-Polymer-Mischung, das die Haltbarkeit erh\u00f6ht und trotzdem angenehm zu spielen ist.<\/span><\/p>","protected":false},"excerpt":{"rendered":"<p>inkl. Bespannung<\/p>","protected":false},"featured_media":1832,"template":"","meta":{"_acf_changed":false,"_monsterinsights_skip_tracking":false,"_monsterinsights_sitenote_active":false,"_monsterinsights_sitenote_note":"","_monsterinsights_sitenote_category":0},"product_brand":[],"product_cat":[180],"product_tag":[159,220,221],"class_list":{"0":"post-1395","1":"product","2":"type-product","3":"status-publish","4":"has-post-thumbnail","6":"product_cat-head-bespannung","7":"product_tag-head","8":"product_tag-lynx","9":"product_tag-tour","11":"first","12":"outofstock","13":"sale","14":"shipping-taxable","15":"purchasable","16":"product-type-simple"},"supplier_id":null,"supplier_sku":"","barcode":null,"atum_controlled":true,"out_stock_date":"2025-03-15 21:04:38","out_stock_threshold":null,"inheritable":false,"inbound_stock":0,"stock_on_hold":0,"sold_today":0,"sales_last_days":0,"reserved_stock":0,"customer_returns":0,"warehouse_damage":0,"lost_in_post":0,"other_logs":0,"out_stock_days":417,"lost_sales":0,"has_location":false,"update_date":"2026-05-07T01:39:10","atum_locations":[],"atum_stock_status":"outofstock","restock_status":false,"low_stock_amount":"","sales_update_date":"2026-05-07T01:39:10","calc_backorders":null,"acf":[],"_links":{"self":[{"href":"https:\/\/topspinservice.at\/en\/wp-json\/wp\/v2\/product\/1395","targetHints":{"allow":["GET"]}}],"collection":[{"href":"https:\/\/topspinservice.at\/en\/wp-json\/wp\/v2\/product"}],"about":[{"href":"https:\/\/topspinservice.at\/en\/wp-json\/wp\/v2\/types\/product"}],"wp:featuredmedia":[{"embeddable":true,"href":"https:\/\/topspinservice.at\/en\/wp-json\/wp\/v2\/media\/1832"}],"wp:attachment":[{"href":"https:\/\/topspinservice.at\/en\/wp-json\/wp\/v2\/media?parent=1395"}],"wp:term":[{"taxonomy":"product_brand","embeddable":true,"href":"https:\/\/topspinservice.at\/en\/wp-json\/wp\/v2\/product_brand?post=1395"},{"taxonomy":"product_cat","embeddable":true,"href":"https:\/\/topspinservice.at\/en\/wp-json\/wp\/v2\/product_cat?post=1395"},{"taxonomy":"product_tag","embeddable":true,"href":"https:\/\/topspinservice.at\/en\/wp-json\/wp\/v2\/product_tag?post=1395"}],"curies":[{"name":"wp","href":"https:\/\/api.w.org\/{rel}","templated":true}]}}