{"id":1511,"date":"2025-01-16T15:41:50","date_gmt":"2025-01-16T14:41:50","guid":{"rendered":"https:\/\/topspinservice.at\/?post_type=product&#038;p=1511"},"modified":"2025-08-25T15:21:17","modified_gmt":"2025-08-25T13:21:17","slug":"head-hawk","status":"publish","type":"product","link":"https:\/\/topspinservice.at\/en\/produkt\/head-hawk","title":{"rendered":"HEAD Hawk SET"},"content":{"rendered":"<p>When a string offers the perfect balance between control and explosive power, it&#039;s called HAWK. The crystalline core of this monofilament string enhances control, while the outer molecular chains influence power. A unique manufacturing process, the innovative Crystal Core Technology, guarantees the perfect balance between the core and outer structure. The string is exceptionally durable and boasts high spin potential. The perfect choice for top-level tour and tournament players. After all, great power comes with great responsibility!<\/p>\n<p>Length: 12 m \/ 40 ft<br \/>\nDiameter: 1.20 mm \/ 18 g, 1.25 mm \/ 17 g, 1.30 mm \/ 16 g<\/p>","protected":false},"excerpt":{"rendered":"<p>Wenn eine Saite die perfekte Balance zwischen Kontrolle und explosiver Power bietet, hei\u00dft sie HAWK. Der kristalline Kern dieser Monofilamentsaite wirkt sich positiv auf die Kontrolle aus, w\u00e4hrend die \u00e4u\u00dferen Molekularketten die Power beeinflussen. Ein einzigartiges Herstellungsverfahren, die innovative Crystal Core Technologie, garantiert die perfekte Ausgewogenheit zwischen Kern und Au\u00dfenstruktur. Die Saite ist extra langlebig [&#8230;]\n","protected":false},"featured_media":2481,"template":"","meta":{"_acf_changed":false,"_monsterinsights_skip_tracking":false,"_monsterinsights_sitenote_active":false,"_monsterinsights_sitenote_note":"","_monsterinsights_sitenote_category":0},"product_brand":[],"product_cat":[98],"product_tag":[201,159,203,202],"class_list":{"0":"post-1511","1":"product","2":"type-product","3":"status-publish","4":"has-post-thumbnail","6":"product_cat-head-tennissaiten-sets","7":"product_tag-hawk","8":"product_tag-head","9":"product_tag-set","10":"product_tag-string","12":"first","13":"onbackorder","14":"sale","15":"shipping-taxable","16":"purchasable","17":"product-type-variable"},"supplier_id":null,"supplier_sku":"","barcode":null,"atum_controlled":true,"out_stock_date":"2025-01-16 15:41:51","out_stock_threshold":null,"inheritable":false,"inbound_stock":0,"stock_on_hold":0,"sold_today":0,"sales_last_days":0,"reserved_stock":0,"customer_returns":0,"warehouse_damage":0,"lost_in_post":0,"other_logs":0,"out_stock_days":477,"lost_sales":0,"has_location":false,"update_date":"2026-05-09T01:43:17","atum_locations":[],"atum_stock_status":"onbackorder","restock_status":false,"low_stock_amount":"","sales_update_date":"2026-05-09T01:43:17","calc_backorders":null,"acf":[],"_links":{"self":[{"href":"https:\/\/topspinservice.at\/en\/wp-json\/wp\/v2\/product\/1511","targetHints":{"allow":["GET"]}}],"collection":[{"href":"https:\/\/topspinservice.at\/en\/wp-json\/wp\/v2\/product"}],"about":[{"href":"https:\/\/topspinservice.at\/en\/wp-json\/wp\/v2\/types\/product"}],"wp:featuredmedia":[{"embeddable":true,"href":"https:\/\/topspinservice.at\/en\/wp-json\/wp\/v2\/media\/2481"}],"wp:attachment":[{"href":"https:\/\/topspinservice.at\/en\/wp-json\/wp\/v2\/media?parent=1511"}],"wp:term":[{"taxonomy":"product_brand","embeddable":true,"href":"https:\/\/topspinservice.at\/en\/wp-json\/wp\/v2\/product_brand?post=1511"},{"taxonomy":"product_cat","embeddable":true,"href":"https:\/\/topspinservice.at\/en\/wp-json\/wp\/v2\/product_cat?post=1511"},{"taxonomy":"product_tag","embeddable":true,"href":"https:\/\/topspinservice.at\/en\/wp-json\/wp\/v2\/product_tag?post=1511"}],"curies":[{"name":"wp","href":"https:\/\/api.w.org\/{rel}","templated":true}]}}