{"id":1940,"date":"2025-02-16T16:55:50","date_gmt":"2025-02-16T15:55:50","guid":{"rendered":"https:\/\/topspinservice.at\/?post_type=product&#038;p=1940"},"modified":"2026-04-26T12:01:05","modified_gmt":"2026-04-26T10:01:05","slug":"head-tour-3er-dose-24-stueck-karton","status":"publish","type":"product","link":"https:\/\/topspinservice.at\/en\/produkt\/head-tour-3er-dose-24-stueck-karton","title":{"rendered":"Head TOUR 3-pack can, 24-pack carton"},"content":{"rendered":"<p>Der PREMIUM-Tennisball f\u00fcr mehr SPEED:<br \/>\nDank der Dynamic (EN)Core-Technologie bieten die HEAD TOUR B\u00e4lle die perfekte Mischung aus Geschwindigkeit und Spin, wodurch dein schnelles Spiel noch schneller wird. Als offizieller Turnierball zahlreicher ATP\/ WTA-Events hat er die h\u00e4rtesten Aufschl\u00e4ge, Vorder- und R\u00fcckhandschl\u00e4ge der Welt erfolgreich \u00fcberstanden. Entscheide dich f\u00fcr die legend\u00e4re goldene HEAD TOUR-Dose, wenn du ein Turnier- oder Clubspieler bist oder wenn du nach dem perfekten Ball suchst, um dein Spiel zu verbessern.<\/p>\n<p>Sp\u00fcrbare Performance<br \/>\nOptimale Geschwindigkeit<br \/>\nErh\u00f6hte Langlebigkeit<br \/>\nEmpfohlen f\u00fcr moderate Temperaturen und langsame Clay-\/Hartpl\u00e4tze.<\/p>","protected":false},"excerpt":{"rendered":"<p>Der PREMIUM-Tennisball f\u00fcr mehr SPEED: Dank der Dynamic (EN)Core-Technologie bieten die HEAD TOUR B\u00e4lle die perfekte Mischung aus Geschwindigkeit und Spin, wodurch dein schnelles Spiel noch schneller wird. Als offizieller Turnierball zahlreicher ATP\/ WTA-Events hat er die h\u00e4rtesten Aufschl\u00e4ge, Vorder- und R\u00fcckhandschl\u00e4ge der Welt erfolgreich \u00fcberstanden. Entscheide dich f\u00fcr die legend\u00e4re goldene HEAD TOUR-Dose, wenn [&#8230;]\n","protected":false},"featured_media":1946,"template":"","meta":{"_acf_changed":false,"_monsterinsights_skip_tracking":false,"_monsterinsights_sitenote_active":false,"_monsterinsights_sitenote_note":"","_monsterinsights_sitenote_category":0},"product_brand":[],"product_cat":[94],"product_tag":[238,159,221],"class_list":{"0":"post-1940","1":"product","2":"type-product","3":"status-publish","4":"has-post-thumbnail","6":"product_cat-head-tennisbaelle-kaufen","7":"product_tag-balls","8":"product_tag-head","9":"product_tag-tour","11":"first","12":"instock","13":"sale","14":"shipping-taxable","15":"purchasable","16":"product-type-simple"},"supplier_id":null,"supplier_sku":"","barcode":null,"atum_controlled":true,"out_stock_date":null,"out_stock_threshold":null,"inheritable":false,"inbound_stock":0,"stock_on_hold":0,"sold_today":0,"sales_last_days":0,"reserved_stock":0,"customer_returns":0,"warehouse_damage":0,"lost_in_post":0,"other_logs":0,"out_stock_days":0,"lost_sales":0,"has_location":false,"update_date":"2026-05-15T00:05:33","atum_locations":[],"atum_stock_status":"instock","restock_status":false,"low_stock_amount":"","sales_update_date":"2026-05-15T00:05:33","calc_backorders":0,"acf":[],"_links":{"self":[{"href":"https:\/\/topspinservice.at\/en\/wp-json\/wp\/v2\/product\/1940","targetHints":{"allow":["GET"]}}],"collection":[{"href":"https:\/\/topspinservice.at\/en\/wp-json\/wp\/v2\/product"}],"about":[{"href":"https:\/\/topspinservice.at\/en\/wp-json\/wp\/v2\/types\/product"}],"wp:featuredmedia":[{"embeddable":true,"href":"https:\/\/topspinservice.at\/en\/wp-json\/wp\/v2\/media\/1946"}],"wp:attachment":[{"href":"https:\/\/topspinservice.at\/en\/wp-json\/wp\/v2\/media?parent=1940"}],"wp:term":[{"taxonomy":"product_brand","embeddable":true,"href":"https:\/\/topspinservice.at\/en\/wp-json\/wp\/v2\/product_brand?post=1940"},{"taxonomy":"product_cat","embeddable":true,"href":"https:\/\/topspinservice.at\/en\/wp-json\/wp\/v2\/product_cat?post=1940"},{"taxonomy":"product_tag","embeddable":true,"href":"https:\/\/topspinservice.at\/en\/wp-json\/wp\/v2\/product_tag?post=1940"}],"curies":[{"name":"wp","href":"https:\/\/api.w.org\/{rel}","templated":true}]}}