{"id":1941,"date":"2025-02-16T17:01:14","date_gmt":"2025-02-16T16:01:14","guid":{"rendered":"https:\/\/topspinservice.at\/?post_type=product&#038;p=1941"},"modified":"2025-12-27T18:56:18","modified_gmt":"2025-12-27T17:56:18","slug":"head-tour-xt-3er-dose","status":"publish","type":"product","link":"https:\/\/topspinservice.at\/en\/produkt\/head-tour-xt-3er-dose","title":{"rendered":"Head TOUR XT 3-pack"},"content":{"rendered":"<p>Mach dein Pr\u00e4zisionsspiel noch pr\u00e4ziser\u00a0\u2013 mit dem Premium-Tennisball HEAD TOUR XT, der in einer neuen, nachhaltigeren Verpackung kommt, die weniger Plastik verbraucht und leichter zu recyceln ist. Der HEAD TOUR XT wird f\u00fcr hei\u00dfe Bedingungen und f\u00fcr schnelle Spiele auf Sand- und Hartpl\u00e4tzen empfohlen. Er wurde mehr als zwei Jahre lang unter strengsten Auflagen im Labor entwickelt und auf dem Platz mit Tennisprofis getestet. Das Ergebnis ist ein Ball, der mit seiner Impact (EN)Core Technologie ein einzigartiges Spielgef\u00fchl, einfache Kontrolle und verbesserte Pr\u00e4zision sowie eine l\u00e4ngere Lebensdauer bietet.<\/p>\n<p>Maximaler Touch<br \/>\nOptimale Kontrolle<br \/>\nErh\u00f6hte Langlebigkeit<br \/>\nEmpfohlen f\u00fcr hei\u00dfe Temperaturen und schnelle Clay-\/Hartpl\u00e4tze.<\/p>","protected":false},"excerpt":{"rendered":"<p>Mach dein Pr\u00e4zisionsspiel noch pr\u00e4ziser\u00a0\u2013 mit dem Premium-Tennisball HEAD TOUR XT, der in einer neuen, nachhaltigeren Verpackung kommt, die weniger Plastik verbraucht und leichter zu recyceln ist. Der HEAD TOUR XT wird f\u00fcr hei\u00dfe Bedingungen und f\u00fcr schnelle Spiele auf Sand- und Hartpl\u00e4tzen empfohlen. Er wurde mehr als zwei Jahre lang unter strengsten Auflagen im [&#8230;]\n","protected":false},"featured_media":1943,"template":"","meta":{"_acf_changed":false,"_monsterinsights_skip_tracking":false,"_monsterinsights_sitenote_active":false,"_monsterinsights_sitenote_note":"","_monsterinsights_sitenote_category":0},"product_brand":[],"product_cat":[94],"product_tag":[238,159,221],"class_list":{"0":"post-1941","1":"product","2":"type-product","3":"status-publish","4":"has-post-thumbnail","6":"product_cat-head-tennisbaelle-kaufen","7":"product_tag-balls","8":"product_tag-head","9":"product_tag-tour","11":"first","12":"instock","13":"sale","14":"shipping-taxable","15":"purchasable","16":"product-type-simple"},"supplier_id":null,"supplier_sku":"","barcode":null,"atum_controlled":true,"out_stock_date":null,"out_stock_threshold":null,"inheritable":false,"inbound_stock":0,"stock_on_hold":0,"sold_today":0,"sales_last_days":0,"reserved_stock":0,"customer_returns":0,"warehouse_damage":0,"lost_in_post":0,"other_logs":0,"out_stock_days":0,"lost_sales":0,"has_location":false,"update_date":"2026-05-07T01:39:11","atum_locations":[],"atum_stock_status":"instock","restock_status":false,"low_stock_amount":"","sales_update_date":"2026-05-07T01:39:11","calc_backorders":0,"acf":[],"_links":{"self":[{"href":"https:\/\/topspinservice.at\/en\/wp-json\/wp\/v2\/product\/1941","targetHints":{"allow":["GET"]}}],"collection":[{"href":"https:\/\/topspinservice.at\/en\/wp-json\/wp\/v2\/product"}],"about":[{"href":"https:\/\/topspinservice.at\/en\/wp-json\/wp\/v2\/types\/product"}],"wp:featuredmedia":[{"embeddable":true,"href":"https:\/\/topspinservice.at\/en\/wp-json\/wp\/v2\/media\/1943"}],"wp:attachment":[{"href":"https:\/\/topspinservice.at\/en\/wp-json\/wp\/v2\/media?parent=1941"}],"wp:term":[{"taxonomy":"product_brand","embeddable":true,"href":"https:\/\/topspinservice.at\/en\/wp-json\/wp\/v2\/product_brand?post=1941"},{"taxonomy":"product_cat","embeddable":true,"href":"https:\/\/topspinservice.at\/en\/wp-json\/wp\/v2\/product_cat?post=1941"},{"taxonomy":"product_tag","embeddable":true,"href":"https:\/\/topspinservice.at\/en\/wp-json\/wp\/v2\/product_tag?post=1941"}],"curies":[{"name":"wp","href":"https:\/\/api.w.org\/{rel}","templated":true}]}}