{"id":1982,"date":"2025-02-16T18:40:51","date_gmt":"2025-02-16T17:40:51","guid":{"rendered":"https:\/\/topspinservice.at\/?post_type=product&#038;p=1982"},"modified":"2025-12-27T18:49:53","modified_gmt":"2025-12-27T17:49:53","slug":"head-hydrosorb-pro","status":"publish","type":"product","link":"https:\/\/topspinservice.at\/en\/produkt\/head-hydrosorb-pro","title":{"rendered":"Head Hydrosorb Pro"},"content":{"rendered":"<p>Das Premium-Griffband der HYDROSORB Familie. Das HYDROSORB PRO ist d\u00fcnner \u2013 man sp\u00fcrt das Racket also perfekt \u2013 und st\u00e4rker perforiert f\u00fcr h\u00f6here Feuchtigkeitsabsorption. Au\u00dferdem ist es mit dem Twin-Channel System ausgestattet, bei dem zwei Materialien D\u00e4mpfung und Luftdurchl\u00e4ssigkeit garantieren, w\u00e4hrend eine h\u00f6chst griffige Elastomeroberfl\u00e4che f\u00fcr den perfekten Griff sorgt. Das Griffband ist bei TourspielerInnen sehr beliebt. Erh\u00e4ltlich in schwarz und wei\u00df ist es perfekt f\u00fcr alle, die tolles Gef\u00fchl und angenehme Griffigkeit erwarten.<\/p>\n<p>Gewicht: 18 g \/ 0.6 oz<br \/>\nSt\u00e4rke: 1.75 mm \/ 0.07 in<\/p>","protected":false},"excerpt":{"rendered":"<p>Das Premium-Griffband der HYDROSORB Familie. Das HYDROSORB PRO ist d\u00fcnner \u2013 man sp\u00fcrt das Racket also perfekt \u2013 und st\u00e4rker perforiert f\u00fcr h\u00f6here Feuchtigkeitsabsorption. Au\u00dferdem ist es mit dem Twin-Channel System ausgestattet, bei dem zwei Materialien D\u00e4mpfung und Luftdurchl\u00e4ssigkeit garantieren, w\u00e4hrend eine h\u00f6chst griffige Elastomeroberfl\u00e4che f\u00fcr den perfekten Griff sorgt. Das Griffband ist bei TourspielerInnen [&#8230;]\n","protected":false},"featured_media":1986,"template":"","meta":{"_acf_changed":false,"_monsterinsights_skip_tracking":false,"_monsterinsights_sitenote_active":false,"_monsterinsights_sitenote_note":"","_monsterinsights_sitenote_category":0},"product_brand":[],"product_cat":[102],"product_tag":[159],"class_list":{"0":"post-1982","1":"product","2":"type-product","3":"status-publish","4":"has-post-thumbnail","6":"product_cat-head-basisgriffbaender","7":"product_tag-head","9":"first","10":"instock","11":"sale","12":"shipping-taxable","13":"purchasable","14":"product-type-variable","15":"has-default-attributes"},"supplier_id":null,"supplier_sku":"","barcode":null,"atum_controlled":true,"out_stock_date":null,"out_stock_threshold":null,"inheritable":false,"inbound_stock":0,"stock_on_hold":0,"sold_today":0,"sales_last_days":0,"reserved_stock":0,"customer_returns":0,"warehouse_damage":0,"lost_in_post":0,"other_logs":0,"out_stock_days":0,"lost_sales":0,"has_location":false,"update_date":"2026-05-07T01:39:11","atum_locations":[],"atum_stock_status":"instock","restock_status":false,"low_stock_amount":"","sales_update_date":"2026-05-07T01:39:11","calc_backorders":null,"acf":[],"_links":{"self":[{"href":"https:\/\/topspinservice.at\/en\/wp-json\/wp\/v2\/product\/1982","targetHints":{"allow":["GET"]}}],"collection":[{"href":"https:\/\/topspinservice.at\/en\/wp-json\/wp\/v2\/product"}],"about":[{"href":"https:\/\/topspinservice.at\/en\/wp-json\/wp\/v2\/types\/product"}],"wp:featuredmedia":[{"embeddable":true,"href":"https:\/\/topspinservice.at\/en\/wp-json\/wp\/v2\/media\/1986"}],"wp:attachment":[{"href":"https:\/\/topspinservice.at\/en\/wp-json\/wp\/v2\/media?parent=1982"}],"wp:term":[{"taxonomy":"product_brand","embeddable":true,"href":"https:\/\/topspinservice.at\/en\/wp-json\/wp\/v2\/product_brand?post=1982"},{"taxonomy":"product_cat","embeddable":true,"href":"https:\/\/topspinservice.at\/en\/wp-json\/wp\/v2\/product_cat?post=1982"},{"taxonomy":"product_tag","embeddable":true,"href":"https:\/\/topspinservice.at\/en\/wp-json\/wp\/v2\/product_tag?post=1982"}],"curies":[{"name":"wp","href":"https:\/\/api.w.org\/{rel}","templated":true}]}}