{"id":1987,"date":"2025-02-16T18:48:57","date_gmt":"2025-02-16T17:48:57","guid":{"rendered":"https:\/\/topspinservice.at\/?post_type=product&#038;p=1987"},"modified":"2025-12-27T18:46:25","modified_gmt":"2025-12-27T17:46:25","slug":"tourna-grip-3er","status":"publish","type":"product","link":"https:\/\/topspinservice.at\/en\/produkt\/tourna-grip-3er","title":{"rendered":"Tourna Grip 3er"},"content":{"rendered":"<div class=\"flex-shrink-0 flex flex-col relative items-end\">\n<div>\n<div class=\"pt-0\">\n<div class=\"gizmo-bot-avatar flex h-8 w-8 items-center justify-center overflow-hidden rounded-full\">\n<div class=\"relative p-1 rounded-sm flex items-center justify-center bg-token-main-surface-primary text-token-text-primary h-8 w-8\"><strong>Tourna Grip 3er \u2013 Griffigkeit, Komfort und Stil f\u00fcr dein Spiel<\/strong><\/div>\n<\/div>\n<\/div>\n<\/div>\n<\/div>\n<div class=\"group\/conversation-turn relative flex w-full min-w-0 flex-col agent-turn\">\n<div class=\"flex-col gap-1 md:gap-3\">\n<div class=\"flex max-w-full flex-col flex-grow\">\n<div class=\"min-h-8 text-message flex w-full flex-col items-end gap-2 whitespace-normal break-words [.text-message+&amp;]:mt-5\" dir=\"auto\" data-message-author-role=\"assistant\" data-message-id=\"8e6a444a-9e12-4643-b46f-85fd113cacaf\" data-message-model-slug=\"gpt-4o-mini\">\n<div class=\"flex w-full flex-col gap-1 empty:hidden first:pt-[3px]\">\n<div class=\"markdown prose w-full break-words dark:prose-invert light\">\n<p>Mit dem\u00a0<strong>Tourna Grip 3er Set<\/strong>\u00a0erh\u00e4ltst du die perfekte L\u00f6sung f\u00fcr mehr Kontrolle und Komfort auf dem Platz. Jedes Griffband bietet dir die bew\u00e4hrte\u00a0<strong>Tourna Grip-Technologie<\/strong>, die f\u00fcr herausragende Griffigkeit und ein angenehmes Spielgef\u00fchl sorgt \u2013 ideal f\u00fcr Spieler, die Wert auf Performance und Zuverl\u00e4ssigkeit legen.<\/p>\n<h3><strong>Warum das Tourna Grip 3er?<\/strong><\/h3>\n<ul>\n<li><strong>Hervorragende Griffigkeit:<\/strong>\u00a0Die innovative, rutschfeste Oberfl\u00e4che bietet dir sicheren Halt, selbst bei intensiven und schwei\u00dftreibenden Ballwechseln. Dein Schl\u00e4ger bleibt immer fest in der Hand, sodass du volle Kontrolle \u00fcber jeden Schlag hast.<\/li>\n<li><strong>Das perfekte Griffband f\u00fcr schwitzige H\u00e4nde:<\/strong>\u00a0Es\u00a0<strong>absorbiert Schwei\u00df wie kein anderes Griffband<\/strong>\u00a0und bietet dir den bestm\u00f6glichen Halt.\u00a0<strong>Viele haben versucht, es zu kopieren, doch keiner hat es geschafft<\/strong>, denselben Komfort und Grip zu liefern.<\/li>\n<li><strong>Komfort bei langen Spielen:<\/strong>\u00a0Das weiche, atmungsaktive Material sorgt f\u00fcr ein angenehmes Gef\u00fchl, das auch bei stundenlangen Trainingseinheiten oder Matches nicht nachl\u00e4sst.<\/li>\n<li><strong>Praktischer 3er-Pack:<\/strong>\u00a0Der 3er-Pack ist perfekt f\u00fcr Spieler, die regelm\u00e4\u00dfig ihre Griffb\u00e4nder erneuern m\u00f6chten und eine kompakte, praktische L\u00f6sung suchen.<\/li>\n<li><strong>Stilvolles Design:<\/strong>\u00a0Das klassische\u00a0<strong>Tourna Grip<\/strong>\u00a0Design passt zu jedem Schl\u00e4ger und verleiht deinem Equipment einen professionellen Look.<\/li>\n<\/ul>\n<p><strong>Tourna Grip 3er<\/strong>\u00a0\u2013 f\u00fcr Spieler, die auf Griffigkeit, Komfort und Zuverl\u00e4ssigkeit setzen. Hol dir jetzt dein Set und erlebe den Unterschied auf dem Platz!<\/p>\n<\/div>\n<\/div>\n<\/div>\n<\/div>\n<\/div>\n<\/div>\n","protected":false},"excerpt":{"rendered":"<p>Tourna Grip 3er \u2013 Griffigkeit, Komfort und Stil f\u00fcr dein Spiel Mit dem\u00a0Tourna Grip 3er Set\u00a0erh\u00e4ltst du die perfekte L\u00f6sung f\u00fcr mehr Kontrolle und Komfort auf dem Platz. Jedes Griffband bietet dir die bew\u00e4hrte\u00a0Tourna Grip-Technologie, die f\u00fcr herausragende Griffigkeit und ein angenehmes Spielgef\u00fchl sorgt \u2013 ideal f\u00fcr Spieler, die Wert auf Performance und Zuverl\u00e4ssigkeit legen. [&#8230;]\n","protected":false},"featured_media":2002,"template":"","meta":{"_acf_changed":false,"_monsterinsights_skip_tracking":false,"_monsterinsights_sitenote_active":false,"_monsterinsights_sitenote_note":"","_monsterinsights_sitenote_category":0},"product_brand":[],"product_cat":[242],"product_tag":[239,243],"class_list":{"0":"post-1987","1":"product","2":"type-product","3":"status-publish","4":"has-post-thumbnail","6":"product_cat-tourna-uebergriffbaender","7":"product_tag-overgrip","8":"product_tag-tourna","10":"first","11":"instock","12":"sale","13":"shipping-taxable","14":"purchasable","15":"product-type-variable","16":"has-default-attributes"},"supplier_id":null,"supplier_sku":"","barcode":null,"atum_controlled":true,"out_stock_date":null,"out_stock_threshold":null,"inheritable":false,"inbound_stock":0,"stock_on_hold":0,"sold_today":0,"sales_last_days":0,"reserved_stock":0,"customer_returns":0,"warehouse_damage":0,"lost_in_post":0,"other_logs":0,"out_stock_days":0,"lost_sales":0,"has_location":false,"update_date":"2026-05-09T01:43:26","atum_locations":[],"atum_stock_status":"instock","restock_status":false,"low_stock_amount":"","sales_update_date":"2026-05-09T01:43:26","calc_backorders":null,"acf":[],"_links":{"self":[{"href":"https:\/\/topspinservice.at\/en\/wp-json\/wp\/v2\/product\/1987","targetHints":{"allow":["GET"]}}],"collection":[{"href":"https:\/\/topspinservice.at\/en\/wp-json\/wp\/v2\/product"}],"about":[{"href":"https:\/\/topspinservice.at\/en\/wp-json\/wp\/v2\/types\/product"}],"wp:featuredmedia":[{"embeddable":true,"href":"https:\/\/topspinservice.at\/en\/wp-json\/wp\/v2\/media\/2002"}],"wp:attachment":[{"href":"https:\/\/topspinservice.at\/en\/wp-json\/wp\/v2\/media?parent=1987"}],"wp:term":[{"taxonomy":"product_brand","embeddable":true,"href":"https:\/\/topspinservice.at\/en\/wp-json\/wp\/v2\/product_brand?post=1987"},{"taxonomy":"product_cat","embeddable":true,"href":"https:\/\/topspinservice.at\/en\/wp-json\/wp\/v2\/product_cat?post=1987"},{"taxonomy":"product_tag","embeddable":true,"href":"https:\/\/topspinservice.at\/en\/wp-json\/wp\/v2\/product_tag?post=1987"}],"curies":[{"name":"wp","href":"https:\/\/api.w.org\/{rel}","templated":true}]}}