{"id":2005,"date":"2025-02-18T20:41:15","date_gmt":"2025-02-18T19:41:15","guid":{"rendered":"https:\/\/topspinservice.at\/produkt\/head-sprint-pro-4-0-clay-men"},"modified":"2026-05-01T10:43:06","modified_gmt":"2026-05-01T08:43:06","slug":"head-sprint-pro-4-0-clay-men","status":"publish","type":"product","link":"https:\/\/topspinservice.at\/en\/produkt\/head-sprint-pro-4-0-clay-men","title":{"rendered":"Head Sprint Pro 4.0 Clay Men LINV"},"content":{"rendered":"<p>Der SPRINT PRO 4.0 verf\u00fcgt \u00fcber eine neue Allcourt- und Sandplatz Au\u00dfensohle, die auf allen Bodenbel\u00e4gen f\u00fcr Vertrauen sorgt, sowie \u00fcber ein neues, strapazierf\u00e4higeres und atmungsaktiveres Mesh, das schnelle Bewegungen mit modernstem, leichtem Tragekomfort erm\u00f6glicht.Du wirst schnell aussehen und dich schnell f\u00fchlen in einem Schuh mit einer neuen EVA-Mittelsohle f\u00fcr zus\u00e4tzliche Energier\u00fcckgabe und einem frischen, eleganten Design mit HEAD Branding auf beiden Seiten. Die verbesserte Delta Strap Technologie mit B\u00e4ndern an der Au\u00dfen- und Innenseite des Obermaterials h\u00e4lt den Fu\u00df an Ort und Stelle und erm\u00f6glicht schnelle Bewegungen auf dem Platz. F\u00fcr zus\u00e4tzlichen Komfort sorgt ein integriertes K\u00fchlsystem, das die Atmungsaktivit\u00e4t verbessert.<\/p>\n<p>\u30fb Neues, st\u00e4rkeres und atmungsaktives TPU-Mesh<br \/>\n\u30fb Neue Allround-Au\u00dfensohlenmuster f\u00fcr Traktion auf allen<br \/>\n\u30fb Neue EVA-Zwischensohle mit Schaumstoff f\u00fcr zus\u00e4tzliche Energier\u00fcckgabe<br \/>\n\u30fb Schneller, eleganter Look<br \/>\n\u30fb Neues HEAD-Branding auf beiden Seiten des Obermaterials<br \/>\n\u30fb Upgrade der Delta Strap Technologie f\u00fcr verbesserte Stabilit\u00e4t und Passform<br \/>\n\u30fb Integriertes K\u00fchlsystem verbessert Atmungsaktivit\u00e4t<br \/>\n\u30fb Externe TPU-Fersenkappe<br \/>\n\u30fb Sockenkonstruktion f\u00fcr Komfort und Halt<\/p>\n<p>Obermaterial: Leichtes, atmungsaktives Mesh<br \/>\nHalbsockenkonstruktion<br \/>\nDreieckiger Schn\u00fcrriemen<br \/>\nTPU Fersenkappe<br \/>\nMidsole: Close to the ground<br \/>\nMinimaler Versatz zwischen Ferse und Zehen<br \/>\nDrei EVA-Dichten<br \/>\nBel\u00fcfteter 3D-Fu\u00dfschaft gegen Torsion<br \/>\nOutsole: Continuous, pure herringbone pattern for clay courts<\/p>","protected":false},"excerpt":{"rendered":"<p>Der SPRINT PRO 4.0 verf\u00fcgt \u00fcber eine neue Allcourt- und Sandplatz Au\u00dfensohle, die auf allen Bodenbel\u00e4gen f\u00fcr Vertrauen sorgt, sowie \u00fcber ein neues, strapazierf\u00e4higeres und atmungsaktiveres Mesh, das schnelle Bewegungen mit modernstem, leichtem Tragekomfort erm\u00f6glicht.Du wirst schnell aussehen und dich schnell f\u00fchlen in einem Schuh mit einer neuen EVA-Mittelsohle f\u00fcr zus\u00e4tzliche Energier\u00fcckgabe und einem frischen, [&#8230;]\n","protected":false},"featured_media":2022,"template":"","meta":{"_acf_changed":false,"_monsterinsights_skip_tracking":false,"_monsterinsights_sitenote_active":false,"_monsterinsights_sitenote_note":"","_monsterinsights_sitenote_category":0},"product_brand":[],"product_cat":[114,340],"product_tag":[],"class_list":{"0":"post-2005","1":"product","2":"type-product","3":"status-publish","4":"has-post-thumbnail","6":"product_cat-head-tennisschuhe-herren","7":"product_cat-tennis-sale","9":"first","10":"instock","11":"sale","12":"shipping-taxable","13":"purchasable","14":"product-type-variable"},"supplier_id":null,"supplier_sku":"","barcode":null,"atum_controlled":true,"out_stock_date":null,"out_stock_threshold":null,"inheritable":false,"inbound_stock":0,"stock_on_hold":0,"sold_today":0,"sales_last_days":0,"reserved_stock":0,"customer_returns":0,"warehouse_damage":0,"lost_in_post":0,"other_logs":0,"out_stock_days":0,"lost_sales":0,"has_location":false,"update_date":"2026-05-12T00:03:37","atum_locations":[],"atum_stock_status":"instock","restock_status":false,"low_stock_amount":"","sales_update_date":"2026-05-12T00:03:37","calc_backorders":null,"acf":[],"_links":{"self":[{"href":"https:\/\/topspinservice.at\/en\/wp-json\/wp\/v2\/product\/2005","targetHints":{"allow":["GET"]}}],"collection":[{"href":"https:\/\/topspinservice.at\/en\/wp-json\/wp\/v2\/product"}],"about":[{"href":"https:\/\/topspinservice.at\/en\/wp-json\/wp\/v2\/types\/product"}],"wp:featuredmedia":[{"embeddable":true,"href":"https:\/\/topspinservice.at\/en\/wp-json\/wp\/v2\/media\/2022"}],"wp:attachment":[{"href":"https:\/\/topspinservice.at\/en\/wp-json\/wp\/v2\/media?parent=2005"}],"wp:term":[{"taxonomy":"product_brand","embeddable":true,"href":"https:\/\/topspinservice.at\/en\/wp-json\/wp\/v2\/product_brand?post=2005"},{"taxonomy":"product_cat","embeddable":true,"href":"https:\/\/topspinservice.at\/en\/wp-json\/wp\/v2\/product_cat?post=2005"},{"taxonomy":"product_tag","embeddable":true,"href":"https:\/\/topspinservice.at\/en\/wp-json\/wp\/v2\/product_tag?post=2005"}],"curies":[{"name":"wp","href":"https:\/\/api.w.org\/{rel}","templated":true}]}}