{"id":2128,"date":"2025-02-21T18:48:59","date_gmt":"2025-02-21T17:48:59","guid":{"rendered":"https:\/\/topspinservice.at\/?post_type=product&#038;p=2128"},"modified":"2026-05-01T10:43:48","modified_gmt":"2026-05-01T08:43:48","slug":"head-sprint-velcro-4-0-kids-dbrd","status":"publish","type":"product","link":"https:\/\/topspinservice.at\/en\/produkt\/head-sprint-velcro-4-0-kids-dbrd","title":{"rendered":"Head Sprint Velcro 4.0 Kids DBRD"},"content":{"rendered":"<p>Mit dem SPRINT VELCRO 4.0 Kids haben Kinder schnell mehr Spa\u00df. Der Klettverschluss erm\u00f6glicht ein einfaches An- und Ausziehen sowie eine schnelle Anpassung von Passform und Tragekomfort. Das neue Obermaterial besteht aus atmungsaktivem Mesh und strapazierf\u00e4higem PU, w\u00e4hrend die neue Allcourt Au\u00dfensohle f\u00fcr mehr Grip auf Tennis-, Padel- und Pickleballpl\u00e4tzen sorgt. Leichtigkeit, Komfort und moderne Performance werden mit einem frischen, verspielten Look kombiniert.<\/p>\n<p>\u30fb Klettverschluss f\u00fcr einfaches An- und Ausziehen und schnelle Anpassung an Passform und Komfort<br \/>\n\u30fb Neues Obermaterial hat ein Mesh f\u00fcr Atmungsaktivit\u00e4t und ist au\u00dferdem langlebig<br \/>\n\u30fb Neue Allround-Au\u00dfensohle f\u00fcr Grip auf Tennis-, Padel- und Pickleballpl\u00e4tzen<br \/>\n\u30fb Verspieltes Aussehen<br \/>\n\u30fb Leichter, moderner Komfort und Leistung f\u00fcr Junioren<\/p>\n<p>Obermaterial: Atmungsaktives Mesh<br \/>\nLanglebiges Kunstleder<br \/>\nElastische Schn\u00fcrung und Klettverschluss<br \/>\nWeicher Kragen und weiches Futter<br \/>\nMittelsohle: Komfortable EVA-Zwischensohle<br \/>\nLeicht und reaktionsfreudig<br \/>\nAu\u00dfensohle: Hybridprofil f\u00fcr alle unterschiedlichen Tennisbel\u00e4ge<br \/>\nHaltbarkeitszonen f\u00fcr Hartpl\u00e4tze<\/p>","protected":false},"excerpt":{"rendered":"<p>Mit dem SPRINT VELCRO 4.0 Kids haben Kinder schnell mehr Spa\u00df. Der Klettverschluss erm\u00f6glicht ein einfaches An- und Ausziehen sowie eine schnelle Anpassung von Passform und Tragekomfort. Das neue Obermaterial besteht aus atmungsaktivem Mesh und strapazierf\u00e4higem PU, w\u00e4hrend die neue Allcourt Au\u00dfensohle f\u00fcr mehr Grip auf Tennis-, Padel- und Pickleballpl\u00e4tzen sorgt. Leichtigkeit, Komfort und moderne [&#8230;]\n","protected":false},"featured_media":2324,"template":"","meta":{"_acf_changed":false,"_monsterinsights_skip_tracking":false,"_monsterinsights_sitenote_active":false,"_monsterinsights_sitenote_note":"","_monsterinsights_sitenote_category":0},"product_brand":[],"product_cat":[116,340],"product_tag":[],"class_list":{"0":"post-2128","1":"product","2":"type-product","3":"status-publish","4":"has-post-thumbnail","6":"product_cat-head-tennisschuhe-kinder","7":"product_cat-tennis-sale","9":"first","10":"instock","11":"sale","12":"shipping-taxable","13":"purchasable","14":"product-type-variable"},"supplier_id":null,"supplier_sku":"","barcode":null,"atum_controlled":true,"out_stock_date":null,"out_stock_threshold":null,"inheritable":true,"inbound_stock":0,"stock_on_hold":0,"sold_today":0,"sales_last_days":0,"reserved_stock":0,"customer_returns":0,"warehouse_damage":0,"lost_in_post":0,"other_logs":0,"out_stock_days":0,"lost_sales":0,"has_location":false,"update_date":"2026-05-09T01:43:20","atum_locations":[],"atum_stock_status":"instock","restock_status":false,"low_stock_amount":"","sales_update_date":"2026-05-09T01:43:20","calc_backorders":null,"acf":[],"_links":{"self":[{"href":"https:\/\/topspinservice.at\/en\/wp-json\/wp\/v2\/product\/2128","targetHints":{"allow":["GET"]}}],"collection":[{"href":"https:\/\/topspinservice.at\/en\/wp-json\/wp\/v2\/product"}],"about":[{"href":"https:\/\/topspinservice.at\/en\/wp-json\/wp\/v2\/types\/product"}],"wp:featuredmedia":[{"embeddable":true,"href":"https:\/\/topspinservice.at\/en\/wp-json\/wp\/v2\/media\/2324"}],"wp:attachment":[{"href":"https:\/\/topspinservice.at\/en\/wp-json\/wp\/v2\/media?parent=2128"}],"wp:term":[{"taxonomy":"product_brand","embeddable":true,"href":"https:\/\/topspinservice.at\/en\/wp-json\/wp\/v2\/product_brand?post=2128"},{"taxonomy":"product_cat","embeddable":true,"href":"https:\/\/topspinservice.at\/en\/wp-json\/wp\/v2\/product_cat?post=2128"},{"taxonomy":"product_tag","embeddable":true,"href":"https:\/\/topspinservice.at\/en\/wp-json\/wp\/v2\/product_tag?post=2128"}],"curies":[{"name":"wp","href":"https:\/\/api.w.org\/{rel}","templated":true}]}}