{"id":2153,"date":"2025-02-22T18:35:44","date_gmt":"2025-02-22T17:35:44","guid":{"rendered":"https:\/\/topspinservice.at\/produkt\/head-pro-x-racquet-bag-xl-bk"},"modified":"2026-04-26T11:48:27","modified_gmt":"2026-04-26T09:48:27","slug":"head-pro-x-racquet-bag-xl-bk","status":"publish","type":"product","link":"https:\/\/topspinservice.at\/en\/produkt\/head-pro-x-racquet-bag-xl-bk","title":{"rendered":"Head Pro X Racquet Bag XL BK 12pcs"},"content":{"rendered":"<p><span class=\"ng-binding\" style=\"box-sizing: border-box; color: #7d7d7d; font-family: Roboto, Arial, sans-serif; font-size: 14px; font-style: normal; font-variant-ligatures: normal; font-variant-caps: normal; font-weight: 400; letter-spacing: normal; orphans: 2; text-align: left; text-indent: 0px; text-transform: none; widows: 2; word-spacing: 0px; -webkit-text-stroke-width: 0px; white-space: normal; background-color: #ffffff; text-decoration-thickness: initial; text-decoration-style: initial; text-decoration-color: initial;\">Die luxuri\u00f6se PRO X RACQUET BAG XL Tennistasche wurde mit viel Liebe zum Detail entwickelt und verf\u00fcgt \u00fcber die Unterschrift und das Logo von Novak Djokovic, einer Tennisikone, die f\u00fcr sein unersch\u00fctterliches Engagement f\u00fcr Perfektion bekannt ist. Genau wie Djokovic setzt HEAD die Grenzen der Innovation fort und diese Tasche ist keine Ausnahme; sie wurde mit einem neuen, verfeinerten Design und einer verst\u00e4rkten Konstruktion f\u00fcr zus\u00e4tzliche Stabilit\u00e4t und Schutz sowie gr\u00f6\u00dferen Au\u00dfenf\u00e4chern aufger\u00fcstet. Das Update enth\u00e4lt auch einen neuen Tragegurt, der diese Tasche noch einfacher zwischen Match und Trainingseinheit zu tragen macht. Sie bietet Platz f\u00fcr bis zu 12 Schl\u00e4ger, die in einem der Hauptf\u00e4cher mit der Climate Control Technologie CCT+ ausgestattet sind, die sie vor extremen Temperaturen sch\u00fctzt.<\/span><\/p>\n<p>Organisieren Sie Ihre wichtigsten Utensilien m\u00fchelos in den zwei separaten Mittelf\u00e4chern, einschlie\u00dflich eines bel\u00fcfteten Raums f\u00fcr die Aufbewahrung von Kleidung oder Schuhen. Mit den beiden Zubeh\u00f6rtaschen au\u00dfen und zwei Mesh-Innentaschen innen hat alles seinen Platz. Als Zeichen des Engagements von HEAD f\u00fcr Nachhaltigkeit wird die Tasche mit einem Hangtag aus recyceltem Papier geliefert, das mit einer Hanfkordel befestigt und in einer recycelten Plastikt\u00fcte pr\u00e4sentiert wird.<\/p>\n<p>\u30fb Neues, luxuri\u00f6ses Design, welches voll im Trend liegt, mit hochwertigen Stoffen<br \/>\n\u30fb Verst\u00e4rkte Konstruktion f\u00fcr zus\u00e4tzliche Stabilit\u00e4t und Schutz<br \/>\n\u30fb Gr\u00f6\u00dfere Au\u00dfenf\u00e4cher<br \/>\n\u30fb Neues Griffband<br \/>\n\u30fb Platz f\u00fcr bis zu 12 Schl\u00e4ger<br \/>\n\u30fb CCT+ Klimakontrolltechnologie sch\u00fctzt die Schl\u00e4ger vor extremen Temperaturen<br \/>\n\u30fb Hangtag aus recyceltem Papier und mit einer Hanfkordel angebracht<br \/>\n\u30fb Verpackt in einem recycelten Plastikbeutel<\/p>\n<p>Farben: black\/ceramic white<br \/>\nVolumen (l): 70<br \/>\nAbmessungen: 80*35*40<br \/>\nMaterialzusammensetzung (au\u00dfen): 55% Polyester \/ 45% PU<br \/>\nMaterialzusammensetzung (innen): 80% Polyester \/ 20% TPE<\/p>","protected":false},"excerpt":{"rendered":"<p>Die luxuri\u00f6se PRO X RACQUET BAG XL Tennistasche wurde mit viel Liebe zum Detail entwickelt und verf\u00fcgt \u00fcber die Unterschrift und das Logo von Novak Djokovic, einer Tennisikone, die f\u00fcr sein unersch\u00fctterliches Engagement f\u00fcr Perfektion bekannt ist. Genau wie Djokovic setzt HEAD die Grenzen der Innovation fort und diese Tasche ist keine Ausnahme; sie wurde [&#8230;]\n","protected":false},"featured_media":3000,"template":"","meta":{"_acf_changed":false,"_monsterinsights_skip_tracking":false,"_monsterinsights_sitenote_active":false,"_monsterinsights_sitenote_note":"","_monsterinsights_sitenote_category":0},"product_brand":[],"product_cat":[110],"product_tag":[],"class_list":{"0":"post-2153","1":"product","2":"type-product","3":"status-publish","4":"has-post-thumbnail","6":"product_cat-head-schlaegertaschen","8":"first","9":"instock","10":"sale","11":"shipping-taxable","12":"purchasable","13":"product-type-simple"},"supplier_id":null,"supplier_sku":"","barcode":null,"atum_controlled":true,"out_stock_date":null,"out_stock_threshold":null,"inheritable":false,"inbound_stock":0,"stock_on_hold":0,"sold_today":0,"sales_last_days":0,"reserved_stock":0,"customer_returns":0,"warehouse_damage":0,"lost_in_post":0,"other_logs":0,"out_stock_days":0,"lost_sales":0,"has_location":false,"update_date":"2026-05-15T00:05:33","atum_locations":[],"atum_stock_status":"instock","restock_status":false,"low_stock_amount":"","sales_update_date":"2026-05-15T00:05:33","calc_backorders":0,"acf":[],"_links":{"self":[{"href":"https:\/\/topspinservice.at\/en\/wp-json\/wp\/v2\/product\/2153","targetHints":{"allow":["GET"]}}],"collection":[{"href":"https:\/\/topspinservice.at\/en\/wp-json\/wp\/v2\/product"}],"about":[{"href":"https:\/\/topspinservice.at\/en\/wp-json\/wp\/v2\/types\/product"}],"wp:featuredmedia":[{"embeddable":true,"href":"https:\/\/topspinservice.at\/en\/wp-json\/wp\/v2\/media\/3000"}],"wp:attachment":[{"href":"https:\/\/topspinservice.at\/en\/wp-json\/wp\/v2\/media?parent=2153"}],"wp:term":[{"taxonomy":"product_brand","embeddable":true,"href":"https:\/\/topspinservice.at\/en\/wp-json\/wp\/v2\/product_brand?post=2153"},{"taxonomy":"product_cat","embeddable":true,"href":"https:\/\/topspinservice.at\/en\/wp-json\/wp\/v2\/product_cat?post=2153"},{"taxonomy":"product_tag","embeddable":true,"href":"https:\/\/topspinservice.at\/en\/wp-json\/wp\/v2\/product_tag?post=2153"}],"curies":[{"name":"wp","href":"https:\/\/api.w.org\/{rel}","templated":true}]}}