{"id":2157,"date":"2025-02-22T18:41:47","date_gmt":"2025-02-22T17:41:47","guid":{"rendered":"https:\/\/topspinservice.at\/?post_type=product&#038;p=2157"},"modified":"2026-04-26T11:48:27","modified_gmt":"2026-04-26T09:48:27","slug":"head-pro-x-racquet-bag-l-bk-9er","status":"publish","type":"product","link":"https:\/\/topspinservice.at\/en\/produkt\/head-pro-x-racquet-bag-l-bk-9er","title":{"rendered":"Head Pro X Racquet Bag L BK 9er"},"content":{"rendered":"<p>Die luxuri\u00f6se PRO X RACQUET BAG L Tennistasche wurde mit akribischer Liebe zum Detail entwickelt und verf\u00fcgt \u00fcber die Unterschrift und das Logo von Novak Djokovic, einer Tennisikone, die f\u00fcr sein unersch\u00fctterliches Engagement f\u00fcr Perfektion bekannt ist. Genau wie Djokovic setzt HEAD die Grenzen der Innovation fort und diese Tasche ist keine Ausnahme; sie wurde mit einem neuen, verfeinerten Design und einer verst\u00e4rkten Konstruktion f\u00fcr zus\u00e4tzliche Stabilit\u00e4t und Schutz sowie gr\u00f6\u00dferen Au\u00dfenf\u00e4chern aufger\u00fcstet. Das Update enth\u00e4lt auch einen neuen Tragegurt, der diese Tasche noch einfacher zwischen Match und Trainingseinheit zu tragen macht. Sie bietet Platz f\u00fcr bis zu 9 Schl\u00e4ger, die in einem der Hauptf\u00e4cher mit der Climate Control Technologie CCT+ ausgestattet sind, die sie vor extremen Temperaturen sch\u00fctzt.<\/p>\n<p>Mit der PRO X RACQUET BAG L Tennistasche, die \u00fcber ein separates Mittelfach und einen bel\u00fcfteten Platz f\u00fcr die Aufbewahrung von Kleidung oder Schuhen verf\u00fcgt, kannst du deine wichtigsten Utensilien m\u00fchelos organisieren. Mit den beiden Zubeh\u00f6rtaschen au\u00dfen und zwei Mesh-Innentaschen innen hat alles seinen Platz. Als Zeichen des Engagements von HEAD f\u00fcr Nachhaltigkeit wird die Tasche mit einem Hangtag aus recyceltem Papier geliefert, das mit einer Hanfkordel befestigt und in einer recycelten Plastikt\u00fcte pr\u00e4sentiert wird.<\/p>\n<p>\u00b7 Neues, hochwertiges Design mit hochwertigen Stoffen<br \/>\n\u00b7 Verst\u00e4rkte Konstruktion f\u00fcr zus\u00e4tzliche Stabilit\u00e4t und Schutz<br \/>\n\u00b7 Gr\u00f6\u00dfere Au\u00dfenf\u00e4cher<br \/>\n\u00b7 Neues Griffband<br \/>\n\u00b7 Platz f\u00fcr bis zu 9 Schl\u00e4ger<br \/>\n\u00b7 CCT+ Klimakontrolltechnologie sch\u00fctzt die Schl\u00e4ger vor extremen Temperaturen<br \/>\n\u00b7 Hangtag aus recyceltem Papier und mit einer Hanfkordel angebracht<br \/>\n\u00b7 Verpackt in einem recycelten Plastikbeutel<\/p>\n<p>Farben: black\/ceramic white<br \/>\nVolumen (l): 60<br \/>\nAbmessungen: 80*35*34<br \/>\nMaterialzusammensetzung (au\u00dfen): 55% Polyester \/ 45% PU<br \/>\nMaterialzusammensetzung (innen): 75% Polyester \/ 25% TPE<\/p>","protected":false},"excerpt":{"rendered":"<p>Die luxuri\u00f6se PRO X RACQUET BAG L Tennistasche wurde mit akribischer Liebe zum Detail entwickelt und verf\u00fcgt \u00fcber die Unterschrift und das Logo von Novak Djokovic, einer Tennisikone, die f\u00fcr sein unersch\u00fctterliches Engagement f\u00fcr Perfektion bekannt ist. Genau wie Djokovic setzt HEAD die Grenzen der Innovation fort und diese Tasche ist keine Ausnahme; sie wurde [&#8230;]\n","protected":false},"featured_media":2220,"template":"","meta":{"_acf_changed":false,"_monsterinsights_skip_tracking":false,"_monsterinsights_sitenote_active":false,"_monsterinsights_sitenote_note":"","_monsterinsights_sitenote_category":0},"product_brand":[],"product_cat":[110],"product_tag":[],"class_list":{"0":"post-2157","1":"product","2":"type-product","3":"status-publish","4":"has-post-thumbnail","6":"product_cat-head-schlaegertaschen","8":"first","9":"instock","10":"sale","11":"shipping-taxable","12":"purchasable","13":"product-type-simple"},"supplier_id":null,"supplier_sku":"","barcode":null,"atum_controlled":true,"out_stock_date":null,"out_stock_threshold":null,"inheritable":false,"inbound_stock":0,"stock_on_hold":0,"sold_today":0,"sales_last_days":0,"reserved_stock":0,"customer_returns":0,"warehouse_damage":0,"lost_in_post":0,"other_logs":0,"out_stock_days":0,"lost_sales":0,"has_location":false,"update_date":"2026-05-12T00:03:37","atum_locations":[],"atum_stock_status":"instock","restock_status":false,"low_stock_amount":"","sales_update_date":"2026-05-12T00:03:37","calc_backorders":0,"acf":[],"_links":{"self":[{"href":"https:\/\/topspinservice.at\/en\/wp-json\/wp\/v2\/product\/2157","targetHints":{"allow":["GET"]}}],"collection":[{"href":"https:\/\/topspinservice.at\/en\/wp-json\/wp\/v2\/product"}],"about":[{"href":"https:\/\/topspinservice.at\/en\/wp-json\/wp\/v2\/types\/product"}],"wp:featuredmedia":[{"embeddable":true,"href":"https:\/\/topspinservice.at\/en\/wp-json\/wp\/v2\/media\/2220"}],"wp:attachment":[{"href":"https:\/\/topspinservice.at\/en\/wp-json\/wp\/v2\/media?parent=2157"}],"wp:term":[{"taxonomy":"product_brand","embeddable":true,"href":"https:\/\/topspinservice.at\/en\/wp-json\/wp\/v2\/product_brand?post=2157"},{"taxonomy":"product_cat","embeddable":true,"href":"https:\/\/topspinservice.at\/en\/wp-json\/wp\/v2\/product_cat?post=2157"},{"taxonomy":"product_tag","embeddable":true,"href":"https:\/\/topspinservice.at\/en\/wp-json\/wp\/v2\/product_tag?post=2157"}],"curies":[{"name":"wp","href":"https:\/\/api.w.org\/{rel}","templated":true}]}}