{"id":2159,"date":"2025-02-22T18:45:32","date_gmt":"2025-02-22T17:45:32","guid":{"rendered":"https:\/\/topspinservice.at\/?post_type=product&#038;p=2159"},"modified":"2025-12-27T18:29:30","modified_gmt":"2025-12-27T17:29:30","slug":"head-tour-backpack-25l-nv","status":"publish","type":"product","link":"https:\/\/topspinservice.at\/en\/produkt\/head-tour-backpack-25l-nv","title":{"rendered":"Head  Tour Backpack 25L NV"},"content":{"rendered":"<div class=\"col-12 ng-scope\" style=\"box-sizing: border-box; position: relative; width: 590px; min-height: 1px; padding-right: 5px; padding-left: 5px; flex: 0 0 100%; max-width: 100%; color: #7d7d7d; font-family: Roboto, Arial, sans-serif; font-size: 14px; font-style: normal; font-variant-ligatures: normal; font-variant-caps: normal; font-weight: 400; letter-spacing: normal; orphans: 2; text-align: left; text-indent: 0px; text-transform: none; widows: 2; word-spacing: 0px; -webkit-text-stroke-width: 0px; white-space: normal; background-color: #ffffff; text-decoration-thickness: initial; text-decoration-style: initial; text-decoration-color: initial;\">\n<p><span class=\"ng-binding\" style=\"box-sizing: border-box;\">Zeigen Sie Stil mit dem TOUR BACKPACK 25L in frischem, modernem Design. Die neue Polsterung erh\u00f6ht die Stabilit\u00e4t der Tasche, die neben einem Schl\u00e4gerfach f\u00fcr ein oder zwei Rackets auch \u00fcber ein Hauptfach und ein integriertes Schuhfach verf\u00fcgt.Unterwegs kannst du dank der Rei\u00dfverschluss-Au\u00dfentasche und zwei Netzseitentaschen leicht an deine wichtigsten Utensilien herankommen. Um zu zeigen, wie HEAD versucht, den Plastikverbrauch zu reduzieren, wird das Hangtag aus recyceltem Papier hergestellt, mit einer Hanfkordel befestigt und in einer neuen recycelten Plastikt\u00fcte pr\u00e4sentiert.<\/span><\/p>\n<p>\u2022 Neues Design<br \/>\n\u2022 Neue Polsterung f\u00fcr zus\u00e4tzliche Stabilit\u00e4t<br \/>\n\u2022 Hauptfach<br \/>\n\u2022 Fach f\u00fcr ein oder zwei Rackets<br \/>\n\u2022 Integriertes Schuhfach<br \/>\n\u2022 Au\u00dfentasche mit Rei\u00dfverschluss<br \/>\n\u2022 Zwei Mesh-Seitentaschen<br \/>\n\u2022 Hangtag aus recyceltem Papier und Hanfkordel<br \/>\n\u2022 Verpackt in einem neuen recycelten Plastikbeutel<\/p>\n<p>Farben: navy<br \/>\nVolumen (l): 25<br \/>\nAbmessungen: 33.5*51*25<br \/>\nMaterialzusammensetzung (au\u00dfen): 70% Polyester \/ 20% PU \/ 10% Nylon<br \/>\nMaterialzusammensetzung (innen): 100% Polyester<\/p>\n<\/div>","protected":false},"excerpt":{"rendered":"<p>Zeigen Sie Stil mit dem TOUR BACKPACK 25L in frischem, modernem Design. Die neue Polsterung erh\u00f6ht die Stabilit\u00e4t der Tasche, die neben einem Schl\u00e4gerfach f\u00fcr ein oder zwei Rackets auch \u00fcber ein Hauptfach und ein integriertes Schuhfach verf\u00fcgt.Unterwegs kannst du dank der Rei\u00dfverschluss-Au\u00dfentasche und zwei Netzseitentaschen leicht an deine wichtigsten Utensilien herankommen. Um zu zeigen, [&#8230;]\n","protected":false},"featured_media":2171,"template":"","meta":{"_acf_changed":false,"_monsterinsights_skip_tracking":false,"_monsterinsights_sitenote_active":false,"_monsterinsights_sitenote_note":"","_monsterinsights_sitenote_category":0},"product_brand":[],"product_cat":[108],"product_tag":[],"class_list":{"0":"post-2159","1":"product","2":"type-product","3":"status-publish","4":"has-post-thumbnail","6":"product_cat-head-rucksaecke","8":"first","9":"instock","10":"sale","11":"shipping-taxable","12":"purchasable","13":"product-type-simple"},"supplier_id":null,"supplier_sku":"","barcode":null,"atum_controlled":true,"out_stock_date":null,"out_stock_threshold":null,"inheritable":false,"inbound_stock":0,"stock_on_hold":0,"sold_today":0,"sales_last_days":0,"reserved_stock":0,"customer_returns":0,"warehouse_damage":0,"lost_in_post":0,"other_logs":0,"out_stock_days":0,"lost_sales":0,"has_location":false,"update_date":"2026-05-07T01:39:11","atum_locations":[],"atum_stock_status":"instock","restock_status":false,"low_stock_amount":"","sales_update_date":"2026-05-07T01:39:11","calc_backorders":0,"acf":[],"_links":{"self":[{"href":"https:\/\/topspinservice.at\/en\/wp-json\/wp\/v2\/product\/2159","targetHints":{"allow":["GET"]}}],"collection":[{"href":"https:\/\/topspinservice.at\/en\/wp-json\/wp\/v2\/product"}],"about":[{"href":"https:\/\/topspinservice.at\/en\/wp-json\/wp\/v2\/types\/product"}],"wp:featuredmedia":[{"embeddable":true,"href":"https:\/\/topspinservice.at\/en\/wp-json\/wp\/v2\/media\/2171"}],"wp:attachment":[{"href":"https:\/\/topspinservice.at\/en\/wp-json\/wp\/v2\/media?parent=2159"}],"wp:term":[{"taxonomy":"product_brand","embeddable":true,"href":"https:\/\/topspinservice.at\/en\/wp-json\/wp\/v2\/product_brand?post=2159"},{"taxonomy":"product_cat","embeddable":true,"href":"https:\/\/topspinservice.at\/en\/wp-json\/wp\/v2\/product_cat?post=2159"},{"taxonomy":"product_tag","embeddable":true,"href":"https:\/\/topspinservice.at\/en\/wp-json\/wp\/v2\/product_tag?post=2159"}],"curies":[{"name":"wp","href":"https:\/\/api.w.org\/{rel}","templated":true}]}}