{"id":2160,"date":"2025-02-22T18:47:34","date_gmt":"2025-02-22T17:47:34","guid":{"rendered":"https:\/\/topspinservice.at\/?post_type=product&#038;p=2160"},"modified":"2026-01-04T10:21:10","modified_gmt":"2026-01-04T09:21:10","slug":"head-jr-tour-backpack-20l-bkwh","status":"publish","type":"product","link":"https:\/\/topspinservice.at\/en\/produkt\/head-jr-tour-backpack-20l-bkwh","title":{"rendered":"Head JR Tour Backpack 20L BKWH"},"content":{"rendered":"<p>Der modische JR TOUR BACKPACK 20L BKWH, eine neue Form in unserer Kollektion, ist ideal f\u00fcr Junioren, die aus unseren Kinderrucks\u00e4cken herausgewachsen sind, aber noch zu klein f\u00fcr unsere Erwachsenenmodelle sind. F\u00fcr optimalen Sitz und Komfort ist der Rucksack mit jugendgerechten Gurten und einer Brustschnalle ausgestattet. Zur weiteren Ausstattung geh\u00f6ren ein Namensschild im Inneren und reflektierende Logos f\u00fcr die Sichtbarkeit im Dunkeln. Junioren k\u00f6nnen alles, was sie brauchen, in einem Rucksack mit einem Hauptfach, einem R\u00fcckenfach f\u00fcr einen Schl\u00e4ger und einem Zubeh\u00f6rfach mit Rei\u00dfverschluss auf der Vorderseite transportieren. Die R\u00fcckenpolsterung sorgt f\u00fcr zus\u00e4tzlichen Komfort, und an einer Seite befindet sich eine Netztasche f\u00fcr Flaschen. Um die Bem\u00fchungen von HEAD zur Verringerung des Plastikverbrauchs zu verdeutlichen, ist das Hangtag aus recyceltem Papier hergestellt und mit einer Hanfkordel befestigt. Die Tasche wird in einer neuen Verpackung aus recyceltem Plastik pr\u00e4sentiert.<\/p>\n<p>&nbsp;<\/p>\n<p>\u2022 Hauptfach<br \/>\n\u2022 Fach an der R\u00fcckseite f\u00fcr einen Schl\u00e4ger<br \/>\n\u2022 Zubeh\u00f6rfach mit Rei\u00dfverschluss vorne<br \/>\n\u2022 Kindgerechte Rucksackgurte mit Brustschnalle<br \/>\n\u2022 R\u00fcckenpolster<br \/>\n\u2022 Seitliche Netztasche f\u00fcr Flaschen<br \/>\n\u2022 Namensschild innen<br \/>\n\u2022 Reflektierende Logos<br \/>\n\u2022 Hangtag aus recyceltem Papier mit Hanfkordel<br \/>\n\u2022 Pr\u00e4sentiert in neuer Verpackung aus recyceltem Plastik<\/p>\n<p>Volumen (l): 20<br \/>\nAbmessungen: 30*40*20<br \/>\nMaterialzusammensetzung (au\u00dfen): 100% Polyester<br \/>\nMaterialzusammensetzung (innen): 100% Polyester<\/p>","protected":false},"excerpt":{"rendered":"<p>Der modische JR TOUR BACKPACK 20L BKWH, eine neue Form in unserer Kollektion, ist ideal f\u00fcr Junioren, die aus unseren Kinderrucks\u00e4cken herausgewachsen sind, aber noch zu klein f\u00fcr unsere Erwachsenenmodelle sind. F\u00fcr optimalen Sitz und Komfort ist der Rucksack mit jugendgerechten Gurten und einer Brustschnalle ausgestattet. Zur weiteren Ausstattung geh\u00f6ren ein Namensschild im Inneren und [&#8230;]\n","protected":false},"featured_media":2168,"template":"","meta":{"_acf_changed":false,"_monsterinsights_skip_tracking":false,"_monsterinsights_sitenote_active":false,"_monsterinsights_sitenote_note":"","_monsterinsights_sitenote_category":0},"product_brand":[],"product_cat":[108],"product_tag":[],"class_list":{"0":"post-2160","1":"product","2":"type-product","3":"status-publish","4":"has-post-thumbnail","6":"product_cat-head-rucksaecke","8":"first","9":"instock","10":"sale","11":"shipping-taxable","12":"purchasable","13":"product-type-simple"},"supplier_id":null,"supplier_sku":"","barcode":null,"atum_controlled":true,"out_stock_date":null,"out_stock_threshold":null,"inheritable":false,"inbound_stock":0,"stock_on_hold":0,"sold_today":0,"sales_last_days":0,"reserved_stock":0,"customer_returns":0,"warehouse_damage":0,"lost_in_post":0,"other_logs":0,"out_stock_days":0,"lost_sales":0,"has_location":false,"update_date":"2026-05-07T01:39:11","atum_locations":[],"atum_stock_status":"instock","restock_status":false,"low_stock_amount":"","sales_update_date":"2026-05-07T01:39:11","calc_backorders":0,"acf":[],"_links":{"self":[{"href":"https:\/\/topspinservice.at\/en\/wp-json\/wp\/v2\/product\/2160","targetHints":{"allow":["GET"]}}],"collection":[{"href":"https:\/\/topspinservice.at\/en\/wp-json\/wp\/v2\/product"}],"about":[{"href":"https:\/\/topspinservice.at\/en\/wp-json\/wp\/v2\/types\/product"}],"wp:featuredmedia":[{"embeddable":true,"href":"https:\/\/topspinservice.at\/en\/wp-json\/wp\/v2\/media\/2168"}],"wp:attachment":[{"href":"https:\/\/topspinservice.at\/en\/wp-json\/wp\/v2\/media?parent=2160"}],"wp:term":[{"taxonomy":"product_brand","embeddable":true,"href":"https:\/\/topspinservice.at\/en\/wp-json\/wp\/v2\/product_brand?post=2160"},{"taxonomy":"product_cat","embeddable":true,"href":"https:\/\/topspinservice.at\/en\/wp-json\/wp\/v2\/product_cat?post=2160"},{"taxonomy":"product_tag","embeddable":true,"href":"https:\/\/topspinservice.at\/en\/wp-json\/wp\/v2\/product_tag?post=2160"}],"curies":[{"name":"wp","href":"https:\/\/api.w.org\/{rel}","templated":true}]}}