{"id":2302,"date":"2025-03-08T11:32:44","date_gmt":"2025-03-08T10:32:44","guid":{"rendered":"https:\/\/topspinservice.at\/?post_type=product&#038;p=2302"},"modified":"2025-09-16T13:55:32","modified_gmt":"2025-09-16T11:55:32","slug":"head-head-pro-3er-dose-24-stueck-karton","status":"publish","type":"product","link":"https:\/\/topspinservice.at\/en\/produkt\/head-head-pro-3er-dose-24-stueck-karton","title":{"rendered":"Head HEAD PRO 3-pack, 24-piece carton"},"content":{"rendered":"<p>Der PERFORMANCE-Ball f\u00fcr das VIELSEITIGE Spiel:<br \/>\nDas Wochenende ist da und du willst f\u00fcr dein Team alles geben. Der HEAD PRO ist eine hervorragende Wahl f\u00fcr ClubspielerInnen, die ihren Sport wirklich ernst nehmen. Mit Encore\u2122 Technologie f\u00fcr l\u00e4ngere Haltbarkeit und SmartOptik\u2122 Filz f\u00fcr jederzeit bessere Sichtbarkeit. Die neue nachhaltigere Verpackung verbraucht weniger Plastik und ist leichter zu recyceln.<\/p>","protected":false},"excerpt":{"rendered":"<p>Der PERFORMANCE-Ball f\u00fcr das VIELSEITIGE Spiel: Das Wochenende ist da und du willst f\u00fcr dein Team alles geben. Der HEAD PRO ist eine hervorragende Wahl f\u00fcr ClubspielerInnen, die ihren Sport wirklich ernst nehmen. Mit Encore\u2122 Technologie f\u00fcr l\u00e4ngere Haltbarkeit und SmartOptik\u2122 Filz f\u00fcr jederzeit bessere Sichtbarkeit. Die neue nachhaltigere Verpackung verbraucht weniger Plastik und ist [&#8230;]\n","protected":false},"featured_media":2369,"template":"","meta":{"_acf_changed":false,"_monsterinsights_skip_tracking":false,"_monsterinsights_sitenote_active":false,"_monsterinsights_sitenote_note":"","_monsterinsights_sitenote_category":0},"product_brand":[],"product_cat":[94],"product_tag":[238,159,221],"class_list":{"0":"post-2302","1":"product","2":"type-product","3":"status-publish","4":"has-post-thumbnail","6":"product_cat-head-tennisbaelle-kaufen","7":"product_tag-balls","8":"product_tag-head","9":"product_tag-tour","11":"first","12":"onbackorder","13":"sale","14":"shipping-taxable","15":"purchasable","16":"product-type-simple"},"supplier_id":null,"supplier_sku":"","barcode":null,"atum_controlled":true,"out_stock_date":"2025-03-08 11:33:28","out_stock_threshold":null,"inheritable":false,"inbound_stock":0,"stock_on_hold":0,"sold_today":0,"sales_last_days":0,"reserved_stock":0,"customer_returns":0,"warehouse_damage":0,"lost_in_post":0,"other_logs":0,"out_stock_days":424,"lost_sales":0,"has_location":false,"update_date":"2026-05-07T01:39:11","atum_locations":[],"atum_stock_status":"onbackorder","restock_status":false,"low_stock_amount":"","sales_update_date":"2026-05-07T01:39:11","calc_backorders":0,"acf":[],"_links":{"self":[{"href":"https:\/\/topspinservice.at\/en\/wp-json\/wp\/v2\/product\/2302","targetHints":{"allow":["GET"]}}],"collection":[{"href":"https:\/\/topspinservice.at\/en\/wp-json\/wp\/v2\/product"}],"about":[{"href":"https:\/\/topspinservice.at\/en\/wp-json\/wp\/v2\/types\/product"}],"wp:featuredmedia":[{"embeddable":true,"href":"https:\/\/topspinservice.at\/en\/wp-json\/wp\/v2\/media\/2369"}],"wp:attachment":[{"href":"https:\/\/topspinservice.at\/en\/wp-json\/wp\/v2\/media?parent=2302"}],"wp:term":[{"taxonomy":"product_brand","embeddable":true,"href":"https:\/\/topspinservice.at\/en\/wp-json\/wp\/v2\/product_brand?post=2302"},{"taxonomy":"product_cat","embeddable":true,"href":"https:\/\/topspinservice.at\/en\/wp-json\/wp\/v2\/product_cat?post=2302"},{"taxonomy":"product_tag","embeddable":true,"href":"https:\/\/topspinservice.at\/en\/wp-json\/wp\/v2\/product_tag?post=2302"}],"curies":[{"name":"wp","href":"https:\/\/api.w.org\/{rel}","templated":true}]}}