{"id":2303,"date":"2025-03-08T11:43:50","date_gmt":"2025-03-08T10:43:50","guid":{"rendered":"https:\/\/topspinservice.at\/?post_type=product&#038;p=2303"},"modified":"2025-12-27T18:56:18","modified_gmt":"2025-12-27T17:56:18","slug":"head-head-championship-3er-dose","status":"publish","type":"product","link":"https:\/\/topspinservice.at\/en\/produkt\/head-head-championship-3er-dose","title":{"rendered":"Head HEAD CHAMPIONSHIP 3-pack can"},"content":{"rendered":"<p>Der QUALIT\u00c4TS-Ball f\u00fcr das ALLT\u00c4GLICHE Spiel:<br \/>\nDer HEAD CHAMPIONSHIP Ball ist ein einfach zu spielender Ball f\u00fcr ClubspielerInnen und EinsteigerInnen. Dieser universal einsetzbare Ball garantiert eine hervorragende Allround-Performance f\u00fcr ClubspielerInnen. Die neue nachhaltigere Verpackung verbraucht weniger Plastik und ist leichter zu recyceln.<\/p>","protected":false},"excerpt":{"rendered":"<p>Der QUALIT\u00c4TS-Ball f\u00fcr das ALLT\u00c4GLICHE Spiel: Der HEAD CHAMPIONSHIP Ball ist ein einfach zu spielender Ball f\u00fcr ClubspielerInnen und EinsteigerInnen. Dieser universal einsetzbare Ball garantiert eine hervorragende Allround-Performance f\u00fcr ClubspielerInnen. Die neue nachhaltigere Verpackung verbraucht weniger Plastik und ist leichter zu recyceln.<\/p>","protected":false},"featured_media":2367,"template":"","meta":{"_acf_changed":false,"_monsterinsights_skip_tracking":false,"_monsterinsights_sitenote_active":false,"_monsterinsights_sitenote_note":"","_monsterinsights_sitenote_category":0},"product_brand":[],"product_cat":[94],"product_tag":[238,159,221],"class_list":{"0":"post-2303","1":"product","2":"type-product","3":"status-publish","4":"has-post-thumbnail","6":"product_cat-head-tennisbaelle-kaufen","7":"product_tag-balls","8":"product_tag-head","9":"product_tag-tour","11":"first","12":"instock","13":"sale","14":"shipping-taxable","15":"purchasable","16":"product-type-simple"},"supplier_id":null,"supplier_sku":"","barcode":null,"atum_controlled":true,"out_stock_date":null,"out_stock_threshold":null,"inheritable":false,"inbound_stock":0,"stock_on_hold":0,"sold_today":0,"sales_last_days":0,"reserved_stock":0,"customer_returns":0,"warehouse_damage":0,"lost_in_post":0,"other_logs":0,"out_stock_days":0,"lost_sales":0,"has_location":false,"update_date":"2026-05-14T00:04:17","atum_locations":[],"atum_stock_status":"instock","restock_status":false,"low_stock_amount":"","sales_update_date":"2026-05-14T00:04:17","calc_backorders":0,"acf":[],"_links":{"self":[{"href":"https:\/\/topspinservice.at\/en\/wp-json\/wp\/v2\/product\/2303","targetHints":{"allow":["GET"]}}],"collection":[{"href":"https:\/\/topspinservice.at\/en\/wp-json\/wp\/v2\/product"}],"about":[{"href":"https:\/\/topspinservice.at\/en\/wp-json\/wp\/v2\/types\/product"}],"wp:featuredmedia":[{"embeddable":true,"href":"https:\/\/topspinservice.at\/en\/wp-json\/wp\/v2\/media\/2367"}],"wp:attachment":[{"href":"https:\/\/topspinservice.at\/en\/wp-json\/wp\/v2\/media?parent=2303"}],"wp:term":[{"taxonomy":"product_brand","embeddable":true,"href":"https:\/\/topspinservice.at\/en\/wp-json\/wp\/v2\/product_brand?post=2303"},{"taxonomy":"product_cat","embeddable":true,"href":"https:\/\/topspinservice.at\/en\/wp-json\/wp\/v2\/product_cat?post=2303"},{"taxonomy":"product_tag","embeddable":true,"href":"https:\/\/topspinservice.at\/en\/wp-json\/wp\/v2\/product_tag?post=2303"}],"curies":[{"name":"wp","href":"https:\/\/api.w.org\/{rel}","templated":true}]}}