{"id":2539,"date":"2025-03-14T22:44:47","date_gmt":"2025-03-14T21:44:47","guid":{"rendered":"https:\/\/topspinservice.at\/?post_type=product&#038;p=2539"},"modified":"2026-05-05T12:56:56","modified_gmt":"2026-05-05T10:56:56","slug":"head-schweissband-lang-5","status":"publish","type":"product","link":"https:\/\/topspinservice.at\/en\/produkt\/head-schweissband-lang-5","title":{"rendered":"Head Schwei\u00dfband 2er lang 5&#8243;"},"content":{"rendered":"<p>Dieses 5&#8220; Schwei\u00dfband hilft dir, dein Gesicht auch bei den hei\u00dfesten Matches trocken zu halten, wenn du kein Handtuch in der N\u00e4he hast. Es ist erh\u00e4ltlich in acht verschiedenen Farben und besteht f\u00fcr die notwendige Elastizit\u00e4t aus 90\u00a0% Nylon und 10\u00a0% Elasthan.<\/p>","protected":false},"excerpt":{"rendered":"<p>Dieses 5&#8220; Schwei\u00dfband hilft dir, dein Gesicht auch bei den hei\u00dfesten Matches trocken zu halten, wenn du kein Handtuch in der N\u00e4he hast. Es ist erh\u00e4ltlich in acht verschiedenen Farben und besteht f\u00fcr die notwendige Elastizit\u00e4t aus 90\u00a0% Nylon und 10\u00a0% Elasthan.<\/p>","protected":false},"featured_media":2546,"template":"","meta":{"_acf_changed":false,"_monsterinsights_skip_tracking":false,"_monsterinsights_sitenote_active":false,"_monsterinsights_sitenote_note":"","_monsterinsights_sitenote_category":0},"product_brand":[],"product_cat":[288],"product_tag":[241,239,240,224],"class_list":{"0":"post-2539","1":"product","2":"type-product","3":"status-publish","4":"has-post-thumbnail","6":"product_cat-schweissbaender","7":"product_tag-grap","8":"product_tag-overgrip","9":"product_tag-super","10":"product_tag-yonex","12":"first","13":"instock","14":"sale","15":"shipping-taxable","16":"purchasable","17":"product-type-variable","18":"has-default-attributes"},"supplier_id":null,"supplier_sku":"","barcode":null,"atum_controlled":true,"out_stock_date":null,"out_stock_threshold":null,"inheritable":false,"inbound_stock":0,"stock_on_hold":0,"sold_today":0,"sales_last_days":0,"reserved_stock":0,"customer_returns":0,"warehouse_damage":0,"lost_in_post":0,"other_logs":0,"out_stock_days":0,"lost_sales":0,"has_location":false,"update_date":"2026-05-07T01:39:04","atum_locations":[],"atum_stock_status":"instock","restock_status":false,"low_stock_amount":"","sales_update_date":"2026-05-07T01:39:04","calc_backorders":null,"acf":[],"_links":{"self":[{"href":"https:\/\/topspinservice.at\/en\/wp-json\/wp\/v2\/product\/2539","targetHints":{"allow":["GET"]}}],"collection":[{"href":"https:\/\/topspinservice.at\/en\/wp-json\/wp\/v2\/product"}],"about":[{"href":"https:\/\/topspinservice.at\/en\/wp-json\/wp\/v2\/types\/product"}],"wp:featuredmedia":[{"embeddable":true,"href":"https:\/\/topspinservice.at\/en\/wp-json\/wp\/v2\/media\/2546"}],"wp:attachment":[{"href":"https:\/\/topspinservice.at\/en\/wp-json\/wp\/v2\/media?parent=2539"}],"wp:term":[{"taxonomy":"product_brand","embeddable":true,"href":"https:\/\/topspinservice.at\/en\/wp-json\/wp\/v2\/product_brand?post=2539"},{"taxonomy":"product_cat","embeddable":true,"href":"https:\/\/topspinservice.at\/en\/wp-json\/wp\/v2\/product_cat?post=2539"},{"taxonomy":"product_tag","embeddable":true,"href":"https:\/\/topspinservice.at\/en\/wp-json\/wp\/v2\/product_tag?post=2539"}],"curies":[{"name":"wp","href":"https:\/\/api.w.org\/{rel}","templated":true}]}}