{"id":2555,"date":"2025-03-14T23:02:21","date_gmt":"2025-03-14T22:02:21","guid":{"rendered":"https:\/\/topspinservice.at\/?post_type=product&#038;p=2555"},"modified":"2026-03-24T19:46:41","modified_gmt":"2026-03-24T18:46:41","slug":"head-xtra-damp-2er","status":"publish","type":"product","link":"https:\/\/topspinservice.at\/en\/produkt\/head-xtra-damp-2er","title":{"rendered":"Head Xtra Damp 2er"},"content":{"rendered":"<p>Der XTRA DAMP D\u00e4mpfer in der typischen Dreiecksform ist in vier Farben erh\u00e4ltlich. Er besteht aus weichem Gummimaterial und sorgt beim Spielen f\u00fcr mehr Komfort. Dar\u00fcber hinaus verringert er das Risiko eines Tennisarms. F\u00fcr optimale Leistung wird er zwischen den beiden mittleren L\u00e4ngssaiten eingesetzt.<\/p>","protected":false},"excerpt":{"rendered":"<p>Der XTRA DAMP D\u00e4mpfer in der typischen Dreiecksform ist in vier Farben erh\u00e4ltlich. Er besteht aus weichem Gummimaterial und sorgt beim Spielen f\u00fcr mehr Komfort. Dar\u00fcber hinaus verringert er das Risiko eines Tennisarms. F\u00fcr optimale Leistung wird er zwischen den beiden mittleren L\u00e4ngssaiten eingesetzt.<\/p>","protected":false},"featured_media":2561,"template":"","meta":{"_acf_changed":false,"_monsterinsights_skip_tracking":false,"_monsterinsights_sitenote_active":false,"_monsterinsights_sitenote_note":"","_monsterinsights_sitenote_category":0},"product_brand":[],"product_cat":[289],"product_tag":[241,239,240,224],"class_list":{"0":"post-2555","1":"product","2":"type-product","3":"status-publish","4":"has-post-thumbnail","6":"product_cat-vibrationsstopper","7":"product_tag-grap","8":"product_tag-overgrip","9":"product_tag-super","10":"product_tag-yonex","12":"first","13":"instock","14":"sale","15":"shipping-taxable","16":"purchasable","17":"product-type-variable","18":"has-default-attributes"},"supplier_id":null,"supplier_sku":"","barcode":null,"atum_controlled":true,"out_stock_date":null,"out_stock_threshold":null,"inheritable":false,"inbound_stock":0,"stock_on_hold":0,"sold_today":0,"sales_last_days":0,"reserved_stock":0,"customer_returns":0,"warehouse_damage":0,"lost_in_post":0,"other_logs":0,"out_stock_days":0,"lost_sales":0,"has_location":false,"update_date":"2026-05-07T01:39:10","atum_locations":[],"atum_stock_status":"instock","restock_status":false,"low_stock_amount":"","sales_update_date":"2026-05-07T01:39:10","calc_backorders":null,"acf":[],"_links":{"self":[{"href":"https:\/\/topspinservice.at\/en\/wp-json\/wp\/v2\/product\/2555","targetHints":{"allow":["GET"]}}],"collection":[{"href":"https:\/\/topspinservice.at\/en\/wp-json\/wp\/v2\/product"}],"about":[{"href":"https:\/\/topspinservice.at\/en\/wp-json\/wp\/v2\/types\/product"}],"wp:featuredmedia":[{"embeddable":true,"href":"https:\/\/topspinservice.at\/en\/wp-json\/wp\/v2\/media\/2561"}],"wp:attachment":[{"href":"https:\/\/topspinservice.at\/en\/wp-json\/wp\/v2\/media?parent=2555"}],"wp:term":[{"taxonomy":"product_brand","embeddable":true,"href":"https:\/\/topspinservice.at\/en\/wp-json\/wp\/v2\/product_brand?post=2555"},{"taxonomy":"product_cat","embeddable":true,"href":"https:\/\/topspinservice.at\/en\/wp-json\/wp\/v2\/product_cat?post=2555"},{"taxonomy":"product_tag","embeddable":true,"href":"https:\/\/topspinservice.at\/en\/wp-json\/wp\/v2\/product_tag?post=2555"}],"curies":[{"name":"wp","href":"https:\/\/api.w.org\/{rel}","templated":true}]}}