{"id":2562,"date":"2025-03-14T23:15:12","date_gmt":"2025-03-14T22:15:12","guid":{"rendered":"https:\/\/topspinservice.at\/?post_type=product&#038;p=2562"},"modified":"2025-12-27T18:09:01","modified_gmt":"2025-12-27T17:09:01","slug":"head-tour-gym-sack-bkwh","status":"publish","type":"product","link":"https:\/\/topspinservice.at\/en\/produkt\/head-tour-gym-sack-bkwh","title":{"rendered":"Head Tour Gym Sack BKWH"},"content":{"rendered":"<p>Auf dem Platz, auf Reisen oder einfach nur unterwegs: Der TOUR GYM SACK BKWH ist ein praktischer Begleiter zu jedem Anlass. Die Tasche aus recyceltem PET-Gewebe \u00fcberzeugt mit einem neuen, modernen Design, das f\u00fcr frischen Wind sorgt. Die leichte Tasche ist ideal f\u00fcr Reisen, da sie bei Nichtgebrauch einfach und ordentlich in ihrer eigenen Tasche mit Rei\u00dfverschluss verstaut werden kann. HEAD hat nicht nur recycelte PET-Stoffe f\u00fcr die Sporttasche gew\u00e4hlt, sondern auch versucht, den Plastikverbrauch durch ein Hangtag aus recyceltem Papier zu reduzieren, der mit einer Hanfschnur befestigt ist. Die Tasche wird in einer neuen Verpackung aus recyceltem Plastik pr\u00e4sentiert.<\/p>\n<p>\u2022 Neues, modernes Design<br \/>\n\u2022 Recyceltes PET-Gewebe<br \/>\n\u2022 Leicht und einfach in der Rei\u00dfverschlusstasche zu verstauen<br \/>\n\u2022 Hangtag aus recyceltem Papier und Hanf<br \/>\n\u2022 Pr\u00e4sentiert in neuer Verpackung aus recyceltem Plastik<\/p>\n<p>Farben: black\/white<br \/>\nVolumen (l): 12<br \/>\nAbmessungen: 33*45 cm<br \/>\nMaterialzusammensetzung (au\u00dfen): 100% rPET<br \/>\nMaterialzusammensetzung (innen): 100% rPET<\/p>","protected":false},"excerpt":{"rendered":"<p>Auf dem Platz, auf Reisen oder einfach nur unterwegs: Der TOUR GYM SACK BKWH ist ein praktischer Begleiter zu jedem Anlass. Die Tasche aus recyceltem PET-Gewebe \u00fcberzeugt mit einem neuen, modernen Design, das f\u00fcr frischen Wind sorgt. Die leichte Tasche ist ideal f\u00fcr Reisen, da sie bei Nichtgebrauch einfach und ordentlich in ihrer eigenen Tasche [&#8230;]\n","protected":false},"featured_media":2563,"template":"","meta":{"_acf_changed":false,"_monsterinsights_skip_tracking":false,"_monsterinsights_sitenote_active":false,"_monsterinsights_sitenote_note":"","_monsterinsights_sitenote_category":0},"product_brand":[],"product_cat":[294],"product_tag":[],"class_list":{"0":"post-2562","1":"product","2":"type-product","3":"status-publish","4":"has-post-thumbnail","6":"product_cat-sonstiges","8":"first","9":"instock","10":"sale","11":"shipping-taxable","12":"purchasable","13":"product-type-simple"},"supplier_id":null,"supplier_sku":"","barcode":null,"atum_controlled":true,"out_stock_date":null,"out_stock_threshold":null,"inheritable":false,"inbound_stock":0,"stock_on_hold":0,"sold_today":0,"sales_last_days":0,"reserved_stock":0,"customer_returns":0,"warehouse_damage":0,"lost_in_post":0,"other_logs":0,"out_stock_days":0,"lost_sales":0,"has_location":false,"update_date":"2026-05-15T00:05:32","atum_locations":[],"atum_stock_status":"instock","restock_status":false,"low_stock_amount":"","sales_update_date":"2026-05-15T00:05:32","calc_backorders":0,"acf":[],"_links":{"self":[{"href":"https:\/\/topspinservice.at\/en\/wp-json\/wp\/v2\/product\/2562","targetHints":{"allow":["GET"]}}],"collection":[{"href":"https:\/\/topspinservice.at\/en\/wp-json\/wp\/v2\/product"}],"about":[{"href":"https:\/\/topspinservice.at\/en\/wp-json\/wp\/v2\/types\/product"}],"wp:featuredmedia":[{"embeddable":true,"href":"https:\/\/topspinservice.at\/en\/wp-json\/wp\/v2\/media\/2563"}],"wp:attachment":[{"href":"https:\/\/topspinservice.at\/en\/wp-json\/wp\/v2\/media?parent=2562"}],"wp:term":[{"taxonomy":"product_brand","embeddable":true,"href":"https:\/\/topspinservice.at\/en\/wp-json\/wp\/v2\/product_brand?post=2562"},{"taxonomy":"product_cat","embeddable":true,"href":"https:\/\/topspinservice.at\/en\/wp-json\/wp\/v2\/product_cat?post=2562"},{"taxonomy":"product_tag","embeddable":true,"href":"https:\/\/topspinservice.at\/en\/wp-json\/wp\/v2\/product_tag?post=2562"}],"curies":[{"name":"wp","href":"https:\/\/api.w.org\/{rel}","templated":true}]}}