{"id":2564,"date":"2025-03-14T23:18:14","date_gmt":"2025-03-14T22:18:14","guid":{"rendered":"https:\/\/topspinservice.at\/?post_type=product&#038;p=2564"},"modified":"2025-12-27T18:32:35","modified_gmt":"2025-12-27T17:32:35","slug":"head-tour-shoe-bag-bkwh","status":"publish","type":"product","link":"https:\/\/topspinservice.at\/en\/produkt\/head-tour-shoe-bag-bkwh","title":{"rendered":"Head Tour Shoe Bag BKWH"},"content":{"rendered":"<p>Nach einem Spiel oder einer Trainingseinheit verwenden viele Turnierspieler die TOUR SHOE BAG BKWH, um ihre schmutzigen Schuhe bel\u00fcftet und getrennt vom Rest ihrer Ausr\u00fcstung aufzubewahren. Die Schuhtasche, die jetzt in einem neuen und modernen Design angeboten und aus recyceltem PET-Gewebe hergestellt wird, \u00fcberzeugt mit einer modernen Form, die zum Rest der TOUR-Reihe von HEAD passt. Die praktische TOUR SHOE BAG BKWH verf\u00fcgt \u00fcber ein Hauptfach f\u00fcr ein Paar Schuhe sowie ein Rei\u00dfverschlussfach f\u00fcr Zubeh\u00f6r. HEAD hat nicht nur recycelte PET-Stoffe f\u00fcr die Schuhtasche gew\u00e4hlt, sondern auch versucht, den Plastikverbrauch durch ein Hangtag aus recyceltem Papier zu reduzieren, der mit einer Hanfkordel befestigt ist. Die Tasche wird in einer neuen Verpackung aus recyceltem Plastik pr\u00e4sentiert.<\/p>\n<p>\u2022 Bel\u00fcftet<br \/>\n\u2022 Moderne Form<br \/>\n\u2022 Neues, modernes Design<br \/>\n\u2022 Zubeh\u00f6rtasche mit Rei\u00dfverschluss<br \/>\n\u2022 Verstaubar<br \/>\n\u2022 Recyceltes PET-Gewebe<br \/>\n\u2022 Hangtag aus recyceltem Papier und Hanf<br \/>\n\u2022 Pr\u00e4sentiert in neuer Verpackung aus recyceltem Plastik<\/p>\n<p>Farben: black\/white<br \/>\nVolumen (l): 10<br \/>\nAbmessungen: 36*14*24 cm<br \/>\nMaterialzusammensetzung (au\u00dfen): 100% rPET<br \/>\nMaterialzusammensetzung (innen): 100% rPET<\/p>","protected":false},"excerpt":{"rendered":"<p>Nach einem Spiel oder einer Trainingseinheit verwenden viele Turnierspieler die TOUR SHOE BAG BKWH, um ihre schmutzigen Schuhe bel\u00fcftet und getrennt vom Rest ihrer Ausr\u00fcstung aufzubewahren. Die Schuhtasche, die jetzt in einem neuen und modernen Design angeboten und aus recyceltem PET-Gewebe hergestellt wird, \u00fcberzeugt mit einer modernen Form, die zum Rest der TOUR-Reihe von HEAD [&#8230;]\n","protected":false},"featured_media":2566,"template":"","meta":{"_acf_changed":false,"_monsterinsights_skip_tracking":false,"_monsterinsights_sitenote_active":false,"_monsterinsights_sitenote_note":"","_monsterinsights_sitenote_category":0},"product_brand":[],"product_cat":[294],"product_tag":[],"class_list":{"0":"post-2564","1":"product","2":"type-product","3":"status-publish","4":"has-post-thumbnail","6":"product_cat-sonstiges","8":"first","9":"instock","10":"sale","11":"shipping-taxable","12":"purchasable","13":"product-type-simple"},"supplier_id":null,"supplier_sku":"","barcode":null,"atum_controlled":true,"out_stock_date":null,"out_stock_threshold":null,"inheritable":false,"inbound_stock":0,"stock_on_hold":0,"sold_today":0,"sales_last_days":0,"reserved_stock":0,"customer_returns":0,"warehouse_damage":0,"lost_in_post":0,"other_logs":0,"out_stock_days":0,"lost_sales":0,"has_location":false,"update_date":"2026-05-14T00:04:17","atum_locations":[],"atum_stock_status":"instock","restock_status":false,"low_stock_amount":"","sales_update_date":"2026-05-14T00:04:17","calc_backorders":0,"acf":[],"_links":{"self":[{"href":"https:\/\/topspinservice.at\/en\/wp-json\/wp\/v2\/product\/2564","targetHints":{"allow":["GET"]}}],"collection":[{"href":"https:\/\/topspinservice.at\/en\/wp-json\/wp\/v2\/product"}],"about":[{"href":"https:\/\/topspinservice.at\/en\/wp-json\/wp\/v2\/types\/product"}],"wp:featuredmedia":[{"embeddable":true,"href":"https:\/\/topspinservice.at\/en\/wp-json\/wp\/v2\/media\/2566"}],"wp:attachment":[{"href":"https:\/\/topspinservice.at\/en\/wp-json\/wp\/v2\/media?parent=2564"}],"wp:term":[{"taxonomy":"product_brand","embeddable":true,"href":"https:\/\/topspinservice.at\/en\/wp-json\/wp\/v2\/product_brand?post=2564"},{"taxonomy":"product_cat","embeddable":true,"href":"https:\/\/topspinservice.at\/en\/wp-json\/wp\/v2\/product_cat?post=2564"},{"taxonomy":"product_tag","embeddable":true,"href":"https:\/\/topspinservice.at\/en\/wp-json\/wp\/v2\/product_tag?post=2564"}],"curies":[{"name":"wp","href":"https:\/\/api.w.org\/{rel}","templated":true}]}}