{"id":2578,"date":"2025-03-14T23:44:23","date_gmt":"2025-03-14T22:44:23","guid":{"rendered":"https:\/\/topspinservice.at\/?post_type=product&#038;p=2578"},"modified":"2025-12-27T18:29:30","modified_gmt":"2025-12-27T17:29:30","slug":"head-tour-backpack-25l-fo","status":"publish","type":"product","link":"https:\/\/topspinservice.at\/en\/produkt\/head-tour-backpack-25l-fo","title":{"rendered":"Head  Tour Backpack 25L FO"},"content":{"rendered":"<div class=\"col-12 ng-scope\" style=\"box-sizing: border-box; position: relative; width: 590px; min-height: 1px; padding-right: 5px; padding-left: 5px; flex: 0 0 100%; max-width: 100%; color: #7d7d7d; font-family: Roboto, Arial, sans-serif; font-size: 14px; font-style: normal; font-variant-ligatures: normal; font-variant-caps: normal; font-weight: 400; letter-spacing: normal; orphans: 2; text-align: left; text-indent: 0px; text-transform: none; widows: 2; word-spacing: 0px; -webkit-text-stroke-width: 0px; white-space: normal; background-color: #ffffff; text-decoration-thickness: initial; text-decoration-style: initial; text-decoration-color: initial;\">\n<p><span class=\"ng-binding\" style=\"box-sizing: border-box; color: #7d7d7d; font-family: Roboto, Arial, sans-serif; font-size: 14px; font-style: normal; font-variant-ligatures: normal; font-variant-caps: normal; font-weight: 400; letter-spacing: normal; orphans: 2; text-align: left; text-indent: 0px; text-transform: none; widows: 2; word-spacing: 0px; -webkit-text-stroke-width: 0px; white-space: normal; background-color: #ffffff; text-decoration-thickness: initial; text-decoration-style: initial; text-decoration-color: initial;\">Setze deinen Stil mit dem frischen und modernen Design der TOUR BACKPACK 25L FO in Szene. Eine neue Polsterung erh\u00f6ht die Stabilit\u00e4t der Tasche, die neben einem Schl\u00e4gerfach f\u00fcr einen oder zwei Schl\u00e4ger auch ein Hauptfach und ein integriertes Schuhfach bietet. Unterwegs kannst du dank der Au\u00dfentasche mit Rei\u00dfverschluss und der beiden seitlichen Netztaschen leicht an deine wichtigsten Utensilien herankommen. Um die Bem\u00fchungen von HEAD zur Verringerung des Plastikverbrauchs zu verdeutlichen, ist das Hangtag aus recyceltem Papier hergestellt und mit einer Hanfkordel befestigt. Die Tasche wird in einer neuen Verpackung aus recyceltem Plastik pr\u00e4sentiert.<\/span><\/p>\n<p>\u2022 Neues Design<br \/>\n\u2022 Neue Polsterung f\u00fcr zus\u00e4tzliche Stabilit\u00e4t<br \/>\n\u2022 Hauptfach<br \/>\n\u2022 Schl\u00e4gerfach f\u00fcr einen oder zwei Schl\u00e4ger<br \/>\n\u2022 Integrated shoe compartment<br \/>\n\u2022 Au\u00dfentasche mit Rei\u00dfverschluss<br \/>\n\u2022 Zwei Seitentaschen aus Mesh<br \/>\n\u2022 Hangtag aus recyceltem Papier mit Hanfkordel<br \/>\n\u2022 Pr\u00e4sentiert in neuer Verpackung aus recyceltem Plastik<\/p>\n<p>Farben: fluo orange<br \/>\nVolumen (l): 25<br \/>\nAbmessungen: 33.5*51*25<br \/>\nMaterialzusammensetzung (au\u00dfen): 45% Polyester \/ 55% PU<br \/>\nMaterialzusammensetzung (innen): 100% Polyester<\/p>\n<\/div>","protected":false},"excerpt":{"rendered":"<p>Setze deinen Stil mit dem frischen und modernen Design der TOUR BACKPACK 25L FO in Szene. Eine neue Polsterung erh\u00f6ht die Stabilit\u00e4t der Tasche, die neben einem Schl\u00e4gerfach f\u00fcr einen oder zwei Schl\u00e4ger auch ein Hauptfach und ein integriertes Schuhfach bietet. Unterwegs kannst du dank der Au\u00dfentasche mit Rei\u00dfverschluss und der beiden seitlichen Netztaschen leicht [&#8230;]\n","protected":false},"featured_media":2580,"template":"","meta":{"_acf_changed":false,"_monsterinsights_skip_tracking":false,"_monsterinsights_sitenote_active":false,"_monsterinsights_sitenote_note":"","_monsterinsights_sitenote_category":0},"product_brand":[],"product_cat":[108],"product_tag":[],"class_list":{"0":"post-2578","1":"product","2":"type-product","3":"status-publish","4":"has-post-thumbnail","6":"product_cat-head-rucksaecke","8":"first","9":"instock","10":"sale","11":"shipping-taxable","12":"purchasable","13":"product-type-simple"},"supplier_id":null,"supplier_sku":"","barcode":null,"atum_controlled":true,"out_stock_date":null,"out_stock_threshold":null,"inheritable":false,"inbound_stock":0,"stock_on_hold":0,"sold_today":0,"sales_last_days":0,"reserved_stock":0,"customer_returns":0,"warehouse_damage":0,"lost_in_post":0,"other_logs":0,"out_stock_days":0,"lost_sales":0,"has_location":false,"update_date":"2026-05-13T00:03:58","atum_locations":[],"atum_stock_status":"instock","restock_status":false,"low_stock_amount":"","sales_update_date":"2026-05-13T00:03:58","calc_backorders":0,"acf":[],"_links":{"self":[{"href":"https:\/\/topspinservice.at\/en\/wp-json\/wp\/v2\/product\/2578","targetHints":{"allow":["GET"]}}],"collection":[{"href":"https:\/\/topspinservice.at\/en\/wp-json\/wp\/v2\/product"}],"about":[{"href":"https:\/\/topspinservice.at\/en\/wp-json\/wp\/v2\/types\/product"}],"wp:featuredmedia":[{"embeddable":true,"href":"https:\/\/topspinservice.at\/en\/wp-json\/wp\/v2\/media\/2580"}],"wp:attachment":[{"href":"https:\/\/topspinservice.at\/en\/wp-json\/wp\/v2\/media?parent=2578"}],"wp:term":[{"taxonomy":"product_brand","embeddable":true,"href":"https:\/\/topspinservice.at\/en\/wp-json\/wp\/v2\/product_brand?post=2578"},{"taxonomy":"product_cat","embeddable":true,"href":"https:\/\/topspinservice.at\/en\/wp-json\/wp\/v2\/product_cat?post=2578"},{"taxonomy":"product_tag","embeddable":true,"href":"https:\/\/topspinservice.at\/en\/wp-json\/wp\/v2\/product_tag?post=2578"}],"curies":[{"name":"wp","href":"https:\/\/api.w.org\/{rel}","templated":true}]}}