{"id":2582,"date":"2025-03-14T23:50:36","date_gmt":"2025-03-14T22:50:36","guid":{"rendered":"https:\/\/topspinservice.at\/?post_type=product&#038;p=2582"},"modified":"2026-04-26T11:31:27","modified_gmt":"2026-04-26T09:31:27","slug":"head-tour-racquet-bag-xl-fo-15er","status":"publish","type":"product","link":"https:\/\/topspinservice.at\/en\/produkt\/head-tour-racquet-bag-xl-fo-15er","title":{"rendered":"Head Tour Racquet Bag XL FO 15er"},"content":{"rendered":"<p>In der ger\u00e4umigen, neu aufgelegten TOUR RACQUET BAG XL FO kannst du bis zu 12\u00a0Schl\u00e4ger und alles andere, was du brauchst, transportieren. Neben einer neuen Form hat die Tasche jetzt auch eine neue Polsterung f\u00fcr zus\u00e4tzliche Stabilit\u00e4t. Eines der drei ger\u00e4umigen Haupt\u00e4cher verf\u00fcgt \u00fcber die Climate\u00a0Control-Technologie CCT+, die deine Schl\u00e4ger vor extremen Temperaturen sch\u00fctzt. Au\u00dferdem verf\u00fcgt sie \u00fcber ein integriertes Schuhfach, eine Innentasche mit Rei\u00dfverschluss und eine Au\u00dfentasche mit Rei\u00dfverschluss f\u00fcr den schnellen Zugriff. Mit dem Rucksack-Tragesystem und den neuen Griffen an der Oberseite kannst du den TOUR RACQUET BAG XL FO wahlweise \u00fcber die Schulter oder den R\u00fccken tragen oder in der Hand halten. Um die Bem\u00fchungen von HEAD zur Verringerung des Plastikverbrauchs zu verdeutlichen, ist das Hangtag aus recyceltem Papier hergestellt und mit einer Hanfkordel befestigt. Die Tasche wird in einer neuen Verpackung aus recyceltem Plastik pr\u00e4sentiert.<\/p>\n<p>\u2022 Gro\u00dfes Platzangebot mit drei Hauptf\u00e4chern<br \/>\n\u2022 Platz f\u00fcr bis zu 12\u00a0Schl\u00e4ger<br \/>\n\u2022 Neue Form<br \/>\n\u2022 Neue Polsterung f\u00fcr zus\u00e4tzliche Stabilit\u00e4t<br \/>\n\u2022 Neue Tragegriffe oben<br \/>\n\u2022 Climate Control Technologie CCT+ sch\u00fctzt deine Schl\u00e4ger<br \/>\n\u2022 Backpack carrying system<br \/>\n\u2022 Hangtag aus recyceltem Papier mit Hanfkordel<br \/>\n\u2022 Pr\u00e4sentiert in neuer Verpackung aus recyceltem Plastik<\/p>\n<p>Farben: fluo orange<br \/>\nVolume (l): 75<br \/>\nAbmessungen: 76.5*33*38<br \/>\nMaterialzusammensetzung (au\u00dfen): 65% Polyester \/ 35% PU<br \/>\nMaterialzusammensetzung (innen): 70% Polyester \/ 30% TPE<\/p>","protected":false},"excerpt":{"rendered":"<p>In der ger\u00e4umigen, neu aufgelegten TOUR RACQUET BAG XL FO kannst du bis zu 12\u00a0Schl\u00e4ger und alles andere, was du brauchst, transportieren. Neben einer neuen Form hat die Tasche jetzt auch eine neue Polsterung f\u00fcr zus\u00e4tzliche Stabilit\u00e4t. Eines der drei ger\u00e4umigen Haupt\u00e4cher verf\u00fcgt \u00fcber die Climate\u00a0Control-Technologie CCT+, die deine Schl\u00e4ger vor extremen Temperaturen sch\u00fctzt. Au\u00dferdem [&#8230;]\n","protected":false},"featured_media":2583,"template":"","meta":{"_acf_changed":false,"_monsterinsights_skip_tracking":false,"_monsterinsights_sitenote_active":false,"_monsterinsights_sitenote_note":"","_monsterinsights_sitenote_category":0},"product_brand":[],"product_cat":[110],"product_tag":[],"class_list":{"0":"post-2582","1":"product","2":"type-product","3":"status-publish","4":"has-post-thumbnail","6":"product_cat-head-schlaegertaschen","8":"first","9":"instock","10":"sale","11":"shipping-taxable","12":"purchasable","13":"product-type-simple"},"supplier_id":null,"supplier_sku":"","barcode":null,"atum_controlled":true,"out_stock_date":null,"out_stock_threshold":null,"inheritable":false,"inbound_stock":0,"stock_on_hold":0,"sold_today":0,"sales_last_days":0,"reserved_stock":0,"customer_returns":0,"warehouse_damage":0,"lost_in_post":0,"other_logs":0,"out_stock_days":0,"lost_sales":0,"has_location":false,"update_date":"2026-05-15T00:05:33","atum_locations":[],"atum_stock_status":"instock","restock_status":false,"low_stock_amount":"","sales_update_date":"2026-05-15T00:05:33","calc_backorders":0,"acf":[],"_links":{"self":[{"href":"https:\/\/topspinservice.at\/en\/wp-json\/wp\/v2\/product\/2582","targetHints":{"allow":["GET"]}}],"collection":[{"href":"https:\/\/topspinservice.at\/en\/wp-json\/wp\/v2\/product"}],"about":[{"href":"https:\/\/topspinservice.at\/en\/wp-json\/wp\/v2\/types\/product"}],"wp:featuredmedia":[{"embeddable":true,"href":"https:\/\/topspinservice.at\/en\/wp-json\/wp\/v2\/media\/2583"}],"wp:attachment":[{"href":"https:\/\/topspinservice.at\/en\/wp-json\/wp\/v2\/media?parent=2582"}],"wp:term":[{"taxonomy":"product_brand","embeddable":true,"href":"https:\/\/topspinservice.at\/en\/wp-json\/wp\/v2\/product_brand?post=2582"},{"taxonomy":"product_cat","embeddable":true,"href":"https:\/\/topspinservice.at\/en\/wp-json\/wp\/v2\/product_cat?post=2582"},{"taxonomy":"product_tag","embeddable":true,"href":"https:\/\/topspinservice.at\/en\/wp-json\/wp\/v2\/product_tag?post=2582"}],"curies":[{"name":"wp","href":"https:\/\/api.w.org\/{rel}","templated":true}]}}