{"id":2587,"date":"2025-03-14T23:54:08","date_gmt":"2025-03-14T22:54:08","guid":{"rendered":"https:\/\/topspinservice.at\/?post_type=product&#038;p=2587"},"modified":"2026-04-26T11:31:27","modified_gmt":"2026-04-26T09:31:27","slug":"head-tour-racquet-bag-l-fo-9er","status":"publish","type":"product","link":"https:\/\/topspinservice.at\/en\/produkt\/head-tour-racquet-bag-l-fo-9er","title":{"rendered":"Head Tour Racquet Bag L FO 9er"},"content":{"rendered":"<p>In der Tennistasche TOUR RACQUET BAG L FO finden bis zu 9\u00a0Schl\u00e4ger und alle anderen wichtigen Utensilien Platz. Die Tennistasche wurde mit einer neuen Form und einer neuen Polsterung f\u00fcr zus\u00e4tzliche Stabilit\u00e4t \u00fcberarbeitet. Eines der beiden ger\u00e4umigen Hauptf\u00e4cher ist mit der Climate Control Technologie CCT+ ausgestattet, die deine Schl\u00e4ger vor extremen Temperaturen sch\u00fctzt. Ein integriertes Schuhfach, eine Innentasche mit Rei\u00dfverschluss und eine Au\u00dfentasche mit Rei\u00dfverschluss f\u00fcr den schnellen Zugriff machen das Organisieren deiner Utensilien zum Kinderspiel. Mit dem Rucksack-Tragesystem und den neuen Griffen an der Oberseite hast du die Wahl, ob du die TOUR RACQUET BAG L FO \u00fcber die Schulter oder auf dem R\u00fccken tr\u00e4gst oder sie in der Hand h\u00e4ltst. Um die Bem\u00fchungen von HEAD zur Verringerung des Plastikverbrauchs zu verdeutlichen, ist das Hangtag aus recyceltem Papier hergestellt und mit einer Hanfkordel befestigt. Die Tasche wird in einer neuen Verpackung aus recyceltem Plastik pr\u00e4sentiert.<\/p>\n<p>\u2022 Ger\u00e4umig<br \/>\n\u2022 Platz f\u00fcr bis zu 9\u00a0Schl\u00e4ger<br \/>\n\u2022 Neue Form<br \/>\n\u2022 Neue Polsterung f\u00fcr zus\u00e4tzliche Stabilit\u00e4t<br \/>\n\u2022 Neue Tragegriffe oben<br \/>\n\u2022 Climate Control Technologie CCT+ sch\u00fctzt deine Schl\u00e4ger<br \/>\n\u2022 Rucksack-Tragesystem<br \/>\n\u2022 Hangtag aus recyceltem Papier mit Hanfkordel<br \/>\n\u2022 Pr\u00e4sentiert in neuer Verpackung aus recyceltem Plastik<\/p>\n<p>Farben: fluo orange<br \/>\nVolumen (l): 65<br \/>\nAbmessungen: 76.5*33*32<br \/>\nMaterialzusammensetzung (au\u00dfen): 60% Polyester \/ 40% PU<br \/>\nMaterialzusammensetzung (innen): 70% Polyester \/ 30% TPE<\/p>","protected":false},"excerpt":{"rendered":"<p>In der Tennistasche TOUR RACQUET BAG L FO finden bis zu 9\u00a0Schl\u00e4ger und alle anderen wichtigen Utensilien Platz. Die Tennistasche wurde mit einer neuen Form und einer neuen Polsterung f\u00fcr zus\u00e4tzliche Stabilit\u00e4t \u00fcberarbeitet. Eines der beiden ger\u00e4umigen Hauptf\u00e4cher ist mit der Climate Control Technologie CCT+ ausgestattet, die deine Schl\u00e4ger vor extremen Temperaturen sch\u00fctzt. Ein integriertes [&#8230;]\n","protected":false},"featured_media":2588,"template":"","meta":{"_acf_changed":false,"_monsterinsights_skip_tracking":false,"_monsterinsights_sitenote_active":false,"_monsterinsights_sitenote_note":"","_monsterinsights_sitenote_category":0},"product_brand":[],"product_cat":[110],"product_tag":[],"class_list":{"0":"post-2587","1":"product","2":"type-product","3":"status-publish","4":"has-post-thumbnail","6":"product_cat-head-schlaegertaschen","8":"first","9":"instock","10":"sale","11":"shipping-taxable","12":"purchasable","13":"product-type-simple"},"supplier_id":null,"supplier_sku":"","barcode":null,"atum_controlled":true,"out_stock_date":null,"out_stock_threshold":null,"inheritable":false,"inbound_stock":0,"stock_on_hold":0,"sold_today":0,"sales_last_days":0,"reserved_stock":0,"customer_returns":0,"warehouse_damage":0,"lost_in_post":0,"other_logs":0,"out_stock_days":0,"lost_sales":0,"has_location":false,"update_date":"2026-05-07T01:39:04","atum_locations":[],"atum_stock_status":"instock","restock_status":false,"low_stock_amount":"","sales_update_date":"2026-05-07T01:39:04","calc_backorders":0,"acf":[],"_links":{"self":[{"href":"https:\/\/topspinservice.at\/en\/wp-json\/wp\/v2\/product\/2587","targetHints":{"allow":["GET"]}}],"collection":[{"href":"https:\/\/topspinservice.at\/en\/wp-json\/wp\/v2\/product"}],"about":[{"href":"https:\/\/topspinservice.at\/en\/wp-json\/wp\/v2\/types\/product"}],"wp:featuredmedia":[{"embeddable":true,"href":"https:\/\/topspinservice.at\/en\/wp-json\/wp\/v2\/media\/2588"}],"wp:attachment":[{"href":"https:\/\/topspinservice.at\/en\/wp-json\/wp\/v2\/media?parent=2587"}],"wp:term":[{"taxonomy":"product_brand","embeddable":true,"href":"https:\/\/topspinservice.at\/en\/wp-json\/wp\/v2\/product_brand?post=2587"},{"taxonomy":"product_cat","embeddable":true,"href":"https:\/\/topspinservice.at\/en\/wp-json\/wp\/v2\/product_cat?post=2587"},{"taxonomy":"product_tag","embeddable":true,"href":"https:\/\/topspinservice.at\/en\/wp-json\/wp\/v2\/product_tag?post=2587"}],"curies":[{"name":"wp","href":"https:\/\/api.w.org\/{rel}","templated":true}]}}