{"id":2590,"date":"2025-03-14T23:58:05","date_gmt":"2025-03-14T22:58:05","guid":{"rendered":"https:\/\/topspinservice.at\/?post_type=product&#038;p=2590"},"modified":"2026-04-26T11:47:50","modified_gmt":"2026-04-26T09:47:50","slug":"head-pro-x-duffle-bag-l-bkdg-12er","status":"publish","type":"product","link":"https:\/\/topspinservice.at\/en\/produkt\/head-pro-x-duffle-bag-l-bkdg-12er","title":{"rendered":"Head Pro X Duffle Bag L BKDG 12pcs"},"content":{"rendered":"<p>The updated PRO X DUFFLE BAG is made from recycled PET bottles and, with its modern, urban aesthetic, is a contemporary, sustainable choice. Alexander Zverev, who believes that &quot;we should all care more about the planet,&quot; carries this bag, which holds up to 12 rackets and protects them from high temperatures thanks to CCT+ Climate Control technology. It doesn&#039;t look like a traditional tennis bag: the modern, multifunctional design has been updated with changes to the DUFFLE shape. The upgrade also includes improvements to the backpack carrying system, allowing for more comfortable carrying, as well as a new position for the separate, ventilated shoe compartment, which makes it easier to grab a racket handle.<\/p>\n<p>There&#039;s a removable bag for sweaty clothes, large external pockets on both sides, and accessory pockets inside and out. This bag exemplifies how HEAD embraces its responsibility for greater sustainability and protecting the planet: The hangtag is made from recycled paper and attached with a hemp cord.<\/p>\n<p>\u2022 New DUFFLE shape<br \/>\n\u2022 Made from recycled PET bottles<br \/>\n\u2022 Space for up to 12 rackets<br \/>\n\u2022 CCT+ climate control technology protects rackets<br \/>\n\u2022 Upgraded backpack carrying system<br \/>\n\u2022 Larger outer pockets on both sides<br \/>\n\u2022 New position for the shoe compartment<br \/>\n\u2022 Detachable shoulder bag for sweaty clothing<br \/>\n\u2022 Hangtag made from recycled paper and attached with a hemp cord<\/p>\n<p>Colors: black\/dark grey<br \/>\nVolume (l): 75<br \/>\nDimensions: 75*32*34<br \/>\nMaterial composition (outer): 55% rPET \/ 45% PU<br \/>\nMaterial composition (inner): 80% rPET \/ 20% TPE<\/p>","protected":false},"excerpt":{"rendered":"<p>Die aktualisierte PRO X DUFFLE BAG ist aus recycelten PET-Flaschen hergestellt und ist mit ihrer modernen, urbanen \u00c4sthetik eine moderne, nachhaltige Wahl. Alexander Zverev, der der Meinung ist, dass &#8222;wir uns alle mehr um den Planeten k\u00fcmmern sollten&#8220;, tr\u00e4gt diese Tasche, die Platz f\u00fcr bis zu 12 Schl\u00e4ger bietet, die durch die CCT+ Climate Control [&#8230;]\n","protected":false},"featured_media":2591,"template":"","meta":{"_acf_changed":false,"_monsterinsights_skip_tracking":false,"_monsterinsights_sitenote_active":false,"_monsterinsights_sitenote_note":"","_monsterinsights_sitenote_category":0},"product_brand":[],"product_cat":[110],"product_tag":[],"class_list":{"0":"post-2590","1":"product","2":"type-product","3":"status-publish","4":"has-post-thumbnail","6":"product_cat-head-schlaegertaschen","8":"first","9":"instock","10":"sale","11":"shipping-taxable","12":"purchasable","13":"product-type-simple"},"supplier_id":null,"supplier_sku":"","barcode":null,"atum_controlled":true,"out_stock_date":null,"out_stock_threshold":null,"inheritable":false,"inbound_stock":0,"stock_on_hold":0,"sold_today":0,"sales_last_days":0,"reserved_stock":0,"customer_returns":0,"warehouse_damage":0,"lost_in_post":0,"other_logs":0,"out_stock_days":0,"lost_sales":0,"has_location":false,"update_date":"2026-05-13T00:03:58","atum_locations":[],"atum_stock_status":"instock","restock_status":false,"low_stock_amount":"","sales_update_date":"2026-05-13T00:03:58","calc_backorders":0,"acf":[],"_links":{"self":[{"href":"https:\/\/topspinservice.at\/en\/wp-json\/wp\/v2\/product\/2590","targetHints":{"allow":["GET"]}}],"collection":[{"href":"https:\/\/topspinservice.at\/en\/wp-json\/wp\/v2\/product"}],"about":[{"href":"https:\/\/topspinservice.at\/en\/wp-json\/wp\/v2\/types\/product"}],"wp:featuredmedia":[{"embeddable":true,"href":"https:\/\/topspinservice.at\/en\/wp-json\/wp\/v2\/media\/2591"}],"wp:attachment":[{"href":"https:\/\/topspinservice.at\/en\/wp-json\/wp\/v2\/media?parent=2590"}],"wp:term":[{"taxonomy":"product_brand","embeddable":true,"href":"https:\/\/topspinservice.at\/en\/wp-json\/wp\/v2\/product_brand?post=2590"},{"taxonomy":"product_cat","embeddable":true,"href":"https:\/\/topspinservice.at\/en\/wp-json\/wp\/v2\/product_cat?post=2590"},{"taxonomy":"product_tag","embeddable":true,"href":"https:\/\/topspinservice.at\/en\/wp-json\/wp\/v2\/product_tag?post=2590"}],"curies":[{"name":"wp","href":"https:\/\/api.w.org\/{rel}","templated":true}]}}