{"id":2605,"date":"2025-03-15T10:07:55","date_gmt":"2025-03-15T09:07:55","guid":{"rendered":"https:\/\/topspinservice.at\/?post_type=product&#038;p=2605"},"modified":"2025-08-25T15:23:13","modified_gmt":"2025-08-25T13:23:13","slug":"head-gravity-jr-25-2025","status":"publish","type":"product","link":"https:\/\/topspinservice.at\/en\/produkt\/head-gravity-jr-25-2025","title":{"rendered":"Head Gravity JR. 25 230g 2025"},"content":{"rendered":"<p>Der GRAVITY JR. 25 wurde f\u00fcr junge Spieler entwickelt, die es lieben, den Ball hart zu schlagen. Der Schl\u00e4ger wurde mit der innovativen Auxetic 2.0-Technologie f\u00fcr ein weicheres Schlaggef\u00fchl und zus\u00e4tzliche Stabilit\u00e4t ausgestattet. Das schafft eine bessere Verbindung zum Ball und gibt Junioren die Kontrolle und das Selbstvertrauen, gro\u00dfe Schw\u00fcnge zu spielen. Dieser Schl\u00e4ger ist leichter und k\u00fcrzer als der GRAVITY f\u00fcr Erwachsene und l\u00e4sst sich besser man\u00f6vrieren, was den Junioren hilft, ihr modernes Powerspiel zu spielen. Genau wie die Erwachsenen-Rackets der GRAVITY-Serie, die von Alexander Zverev und Andrey Rublev empfohlen werden, hat der GRAVITY JR. 25 ein Flip-Design, das dir den Kopf verdrehen wird.<\/p>\n<p>\u2022 Moderne Auxetic 2.0-Technologie f\u00fcr ein weicheres Schlaggef\u00fchl und zus\u00e4tzliche Stabilit\u00e4t<br \/>\n\u2022 Leichter und k\u00fcrzer als der GRAVITY f\u00fcr Erwachsene f\u00fcr einfachere Handhabung und bessere Man\u00f6vrierbarkeit<br \/>\n\u2022 Gemacht f\u00fcr junge Spieler, die es lieben, den Ball hart zu schlagen<br \/>\n\u2022 Dynamisches 16\/19 Bespannungsbild<br \/>\n\u2022 GRAVITY Serie, die von Alexander Zverev und Andrey Rublev empfohlen wird<br \/>\n\u2022 Modernes Flip-Design<\/p>\n<p>Gewicht (unbesaitet): 230 g \/ 8.1 oz<br \/>\nCoverage pattern: 16\/19<br \/>\nSchlagfl\u00e4chengr\u00f6\u00dfe: 645 cm\u00b2 \/ 100 in\u00b2<br \/>\nGriffgr\u00f6\u00dfe: 00, 0,1<br \/>\nBalance: 315 mm \/ even<br \/>\nL\u00e4nge: 635 mm \/ 25 in<br \/>\nRahmenst\u00e4rke: 24 mm<br \/>\nAlter: 8 &#8211; 10<\/p>","protected":false},"excerpt":{"rendered":"<p>Der GRAVITY JR. 25 wurde f\u00fcr junge Spieler entwickelt, die es lieben, den Ball hart zu schlagen. Der Schl\u00e4ger wurde mit der innovativen Auxetic 2.0-Technologie f\u00fcr ein weicheres Schlaggef\u00fchl und zus\u00e4tzliche Stabilit\u00e4t ausgestattet. Das schafft eine bessere Verbindung zum Ball und gibt Junioren die Kontrolle und das Selbstvertrauen, gro\u00dfe Schw\u00fcnge zu spielen. Dieser Schl\u00e4ger ist [&#8230;]\n","protected":false},"featured_media":2609,"template":"","meta":{"_acf_changed":false,"_monsterinsights_skip_tracking":false,"_monsterinsights_sitenote_active":false,"_monsterinsights_sitenote_note":"","_monsterinsights_sitenote_category":0},"product_brand":[],"product_cat":[166],"product_tag":[],"class_list":{"0":"post-2605","1":"product","2":"type-product","3":"status-publish","4":"has-post-thumbnail","6":"product_cat-head-gravity-junior-kaufen","8":"first","9":"instock","10":"sale","11":"shipping-taxable","12":"purchasable","13":"product-type-variable","14":"has-default-attributes"},"supplier_id":null,"supplier_sku":"","barcode":null,"atum_controlled":true,"out_stock_date":null,"out_stock_threshold":null,"inheritable":false,"inbound_stock":0,"stock_on_hold":0,"sold_today":0,"sales_last_days":0,"reserved_stock":0,"customer_returns":0,"warehouse_damage":0,"lost_in_post":0,"other_logs":0,"out_stock_days":0,"lost_sales":0,"has_location":false,"update_date":"2026-05-07T01:39:04","atum_locations":[],"atum_stock_status":"instock","restock_status":false,"low_stock_amount":"","sales_update_date":"2026-05-07T01:39:04","calc_backorders":null,"acf":[],"_links":{"self":[{"href":"https:\/\/topspinservice.at\/en\/wp-json\/wp\/v2\/product\/2605","targetHints":{"allow":["GET"]}}],"collection":[{"href":"https:\/\/topspinservice.at\/en\/wp-json\/wp\/v2\/product"}],"about":[{"href":"https:\/\/topspinservice.at\/en\/wp-json\/wp\/v2\/types\/product"}],"wp:featuredmedia":[{"embeddable":true,"href":"https:\/\/topspinservice.at\/en\/wp-json\/wp\/v2\/media\/2609"}],"wp:attachment":[{"href":"https:\/\/topspinservice.at\/en\/wp-json\/wp\/v2\/media?parent=2605"}],"wp:term":[{"taxonomy":"product_brand","embeddable":true,"href":"https:\/\/topspinservice.at\/en\/wp-json\/wp\/v2\/product_brand?post=2605"},{"taxonomy":"product_cat","embeddable":true,"href":"https:\/\/topspinservice.at\/en\/wp-json\/wp\/v2\/product_cat?post=2605"},{"taxonomy":"product_tag","embeddable":true,"href":"https:\/\/topspinservice.at\/en\/wp-json\/wp\/v2\/product_tag?post=2605"}],"curies":[{"name":"wp","href":"https:\/\/api.w.org\/{rel}","templated":true}]}}