{"id":2613,"date":"2025-03-15T10:25:17","date_gmt":"2025-03-15T09:25:17","guid":{"rendered":"https:\/\/topspinservice.at\/?post_type=product&#038;p=2613"},"modified":"2025-08-25T15:20:17","modified_gmt":"2025-08-25T13:20:17","slug":"head-ig-gravity-jr-25-240g","status":"publish","type":"product","link":"https:\/\/topspinservice.at\/en\/produkt\/head-ig-gravity-jr-25-240g","title":{"rendered":"Head IG Gravity JR. 25 240g"},"content":{"rendered":"<p>Mit der HEAD Junior GRAVITY Racket-Reihe steht einer Tenniskarriere nichts im Wege. Der GRAVITY Jr. 25 ist aus leichtem Graphit-Verbundmaterial hergestellt und bietet Kindern zwischen 8 und 10\u00a0Jahren das perfekte Gewicht und zahlreiche Vorteile.<\/p>\n<p>Gewicht (unbesaitet): 240 g \/ 8.5 oz<br \/>\nCoverage pattern: 16\/19<br \/>\nSchlagfl\u00e4chengr\u00f6\u00dfe: 645 cm\u00b2 \/ 100 in\u00b2<br \/>\nGriffgr\u00f6\u00dfe: 0, 00<br \/>\nBalance: 300 mm \/ 0.7 in HL<br \/>\nL\u00e4nge: 635 mm \/ 25 in<br \/>\nRahmenst\u00e4rke: 22 mm<br \/>\nAlter: 8 &#8211; 10<\/p>","protected":false},"excerpt":{"rendered":"<p>Mit der HEAD Junior GRAVITY Racket-Reihe steht einer Tenniskarriere nichts im Wege. Der GRAVITY Jr. 25 ist aus leichtem Graphit-Verbundmaterial hergestellt und bietet Kindern zwischen 8 und 10\u00a0Jahren das perfekte Gewicht und zahlreiche Vorteile. Gewicht (unbesaitet): 240 g \/ 8.5 oz Bespannungsbild: 16\/19 Schlagfl\u00e4chengr\u00f6\u00dfe: 645 cm\u00b2 \/ 100 in\u00b2 Griffgr\u00f6\u00dfe: 0, 00 Balance: 300 mm [&#8230;]\n","protected":false},"featured_media":2615,"template":"","meta":{"_acf_changed":false,"_monsterinsights_skip_tracking":false,"_monsterinsights_sitenote_active":false,"_monsterinsights_sitenote_note":"","_monsterinsights_sitenote_category":0},"product_brand":[],"product_cat":[166],"product_tag":[],"class_list":{"0":"post-2613","1":"product","2":"type-product","3":"status-publish","4":"has-post-thumbnail","6":"product_cat-head-gravity-junior-kaufen","8":"first","9":"instock","10":"sale","11":"shipping-taxable","12":"purchasable","13":"product-type-variable","14":"has-default-attributes"},"supplier_id":null,"supplier_sku":"","barcode":null,"atum_controlled":true,"out_stock_date":null,"out_stock_threshold":null,"inheritable":false,"inbound_stock":0,"stock_on_hold":0,"sold_today":0,"sales_last_days":0,"reserved_stock":0,"customer_returns":0,"warehouse_damage":0,"lost_in_post":0,"other_logs":0,"out_stock_days":0,"lost_sales":0,"has_location":false,"update_date":"2026-05-14T00:04:18","atum_locations":[],"atum_stock_status":"instock","restock_status":false,"low_stock_amount":"","sales_update_date":"2026-05-14T00:04:18","calc_backorders":null,"acf":[],"_links":{"self":[{"href":"https:\/\/topspinservice.at\/en\/wp-json\/wp\/v2\/product\/2613","targetHints":{"allow":["GET"]}}],"collection":[{"href":"https:\/\/topspinservice.at\/en\/wp-json\/wp\/v2\/product"}],"about":[{"href":"https:\/\/topspinservice.at\/en\/wp-json\/wp\/v2\/types\/product"}],"wp:featuredmedia":[{"embeddable":true,"href":"https:\/\/topspinservice.at\/en\/wp-json\/wp\/v2\/media\/2615"}],"wp:attachment":[{"href":"https:\/\/topspinservice.at\/en\/wp-json\/wp\/v2\/media?parent=2613"}],"wp:term":[{"taxonomy":"product_brand","embeddable":true,"href":"https:\/\/topspinservice.at\/en\/wp-json\/wp\/v2\/product_brand?post=2613"},{"taxonomy":"product_cat","embeddable":true,"href":"https:\/\/topspinservice.at\/en\/wp-json\/wp\/v2\/product_cat?post=2613"},{"taxonomy":"product_tag","embeddable":true,"href":"https:\/\/topspinservice.at\/en\/wp-json\/wp\/v2\/product_tag?post=2613"}],"curies":[{"name":"wp","href":"https:\/\/api.w.org\/{rel}","templated":true}]}}