{"id":2616,"date":"2025-03-15T10:28:33","date_gmt":"2025-03-15T09:28:33","guid":{"rendered":"https:\/\/topspinservice.at\/?post_type=product&#038;p=2616"},"modified":"2025-08-25T15:20:20","modified_gmt":"2025-08-25T13:20:20","slug":"head-ig-gravity-jr-23","status":"publish","type":"product","link":"https:\/\/topspinservice.at\/en\/produkt\/head-ig-gravity-jr-23","title":{"rendered":"Head IG Gravity JR. 23"},"content":{"rendered":"<p>Mit der HEAD Junior GRAVITY Racket-Reihe steht einer Tenniskarriere nichts im Wege. Der GRAVITY Jr. 23 ist aus leichtem Graphit-Verbundmaterial hergestellt und bietet Kindern zwischen 6 und 8\u00a0Jahren das perfekte Gewicht und zahlreiche Vorteile.<\/p>\n<p>Gewicht (unbesaitet): 215 g \/ 7.6 oz<br \/>\nBespannungsbild: 16\/18<br \/>\nSchlagfl\u00e4chengr\u00f6\u00dfe: 615 cm\u00b2 \/ 95 in\u00b2<br \/>\nGriffgr\u00f6\u00dfe: 000, 0000<br \/>\nBalance: 275 mm \/ 0.7 in HL<br \/>\nL\u00e4nge: 585 mm \/ 23 in<br \/>\nRahmenst\u00e4rke: 20 mm<br \/>\nAlter: 6 &#8211; 8<\/p>","protected":false},"excerpt":{"rendered":"<p>Mit der HEAD Junior GRAVITY Racket-Reihe steht einer Tenniskarriere nichts im Wege. Der GRAVITY Jr. 23 ist aus leichtem Graphit-Verbundmaterial hergestellt und bietet Kindern zwischen 6 und 8\u00a0Jahren das perfekte Gewicht und zahlreiche Vorteile. Gewicht (unbesaitet): 215 g \/ 7.6 oz Bespannungsbild: 16\/18 Schlagfl\u00e4chengr\u00f6\u00dfe: 615 cm\u00b2 \/ 95 in\u00b2 Griffgr\u00f6\u00dfe: 000, 0000 Balance: 275 mm [&#8230;]\n","protected":false},"featured_media":2618,"template":"","meta":{"_acf_changed":false,"_monsterinsights_skip_tracking":false,"_monsterinsights_sitenote_active":false,"_monsterinsights_sitenote_note":"","_monsterinsights_sitenote_category":0},"product_brand":[],"product_cat":[166],"product_tag":[],"class_list":{"0":"post-2616","1":"product","2":"type-product","3":"status-publish","4":"has-post-thumbnail","6":"product_cat-head-gravity-junior-kaufen","8":"first","9":"instock","10":"sale","11":"shipping-taxable","12":"purchasable","13":"product-type-variable","14":"has-default-attributes"},"supplier_id":null,"supplier_sku":"","barcode":null,"atum_controlled":true,"out_stock_date":null,"out_stock_threshold":null,"inheritable":false,"inbound_stock":0,"stock_on_hold":0,"sold_today":0,"sales_last_days":0,"reserved_stock":0,"customer_returns":0,"warehouse_damage":0,"lost_in_post":0,"other_logs":0,"out_stock_days":0,"lost_sales":0,"has_location":false,"update_date":"2026-05-07T01:39:04","atum_locations":[],"atum_stock_status":"instock","restock_status":false,"low_stock_amount":"","sales_update_date":"2026-05-07T01:39:04","calc_backorders":null,"acf":[],"_links":{"self":[{"href":"https:\/\/topspinservice.at\/en\/wp-json\/wp\/v2\/product\/2616","targetHints":{"allow":["GET"]}}],"collection":[{"href":"https:\/\/topspinservice.at\/en\/wp-json\/wp\/v2\/product"}],"about":[{"href":"https:\/\/topspinservice.at\/en\/wp-json\/wp\/v2\/types\/product"}],"wp:featuredmedia":[{"embeddable":true,"href":"https:\/\/topspinservice.at\/en\/wp-json\/wp\/v2\/media\/2618"}],"wp:attachment":[{"href":"https:\/\/topspinservice.at\/en\/wp-json\/wp\/v2\/media?parent=2616"}],"wp:term":[{"taxonomy":"product_brand","embeddable":true,"href":"https:\/\/topspinservice.at\/en\/wp-json\/wp\/v2\/product_brand?post=2616"},{"taxonomy":"product_cat","embeddable":true,"href":"https:\/\/topspinservice.at\/en\/wp-json\/wp\/v2\/product_cat?post=2616"},{"taxonomy":"product_tag","embeddable":true,"href":"https:\/\/topspinservice.at\/en\/wp-json\/wp\/v2\/product_tag?post=2616"}],"curies":[{"name":"wp","href":"https:\/\/api.w.org\/{rel}","templated":true}]}}