{"id":2627,"date":"2025-03-15T10:44:13","date_gmt":"2025-03-15T09:44:13","guid":{"rendered":"https:\/\/topspinservice.at\/?post_type=product&#038;p=2627"},"modified":"2025-08-25T15:16:19","modified_gmt":"2025-08-25T13:16:19","slug":"head-radical-jr-26-245g","status":"publish","type":"product","link":"https:\/\/topspinservice.at\/en\/produkt\/head-radical-jr-26-245g","title":{"rendered":"Head Radical JR. 26 245g"},"content":{"rendered":"<p>Die Radical Jr. Serie hilft Kindern auf sehr komfortable Art und Weise beim Start ihrer Reise in die Welt des Tennis. Der Aluminiumschl\u00e4ger nutzt die einzigartige Damp+ Einlage, die den Aufprall isoliert, um die Vibrationen abzud\u00e4mpfen. Der Radical Jr. 26 ist perfekt f\u00fcr Kinder zwischen 9 und 11\u00a0Jahren, bei denen sich alles um ein vielseitiges Spiel dreht. Das farbenfrohe und aufregende Design des Schl\u00e4gers ist inspiriert von der Radical-Kollektion und l\u00e4sst dich die Welt im auff\u00e4lligen Komplettlook erobern.<\/p>\n<p>Gewicht (unbesaitet): 245 g \/ 8.6 oz<br \/>\nCoverage pattern: 16\/19<br \/>\nSchlagfl\u00e4chengr\u00f6\u00dfe: 680 cm\u00b2 \/ 105 in\u00b2<br \/>\nGriffgr\u00f6\u00dfe: 00, 0, 10, 20<br \/>\nBalance: 315 mm \/ 0.6 in HL<br \/>\nL\u00e4nge: 660 mm \/ 26 in<br \/>\nFrame thickness: 20 mm<br \/>\nAlter: 9 &#8211; 11<\/p>","protected":false},"excerpt":{"rendered":"<p>Die Radical Jr. Serie hilft Kindern auf sehr komfortable Art und Weise beim Start ihrer Reise in die Welt des Tennis. Der Aluminiumschl\u00e4ger nutzt die einzigartige Damp+ Einlage, die den Aufprall isoliert, um die Vibrationen abzud\u00e4mpfen. Der Radical Jr. 26 ist perfekt f\u00fcr Kinder zwischen 9 und 11\u00a0Jahren, bei denen sich alles um ein vielseitiges [&#8230;]\n","protected":false},"featured_media":2629,"template":"","meta":{"_acf_changed":false,"_monsterinsights_skip_tracking":false,"_monsterinsights_sitenote_active":false,"_monsterinsights_sitenote_note":"","_monsterinsights_sitenote_category":0},"product_brand":[],"product_cat":[167],"product_tag":[],"class_list":{"0":"post-2627","1":"product","2":"type-product","3":"status-publish","4":"has-post-thumbnail","6":"product_cat-head-radical-junior-kaufen","8":"first","9":"instock","10":"sale","11":"shipping-taxable","12":"purchasable","13":"product-type-variable","14":"has-default-attributes"},"supplier_id":null,"supplier_sku":"","barcode":null,"atum_controlled":true,"out_stock_date":null,"out_stock_threshold":null,"inheritable":false,"inbound_stock":0,"stock_on_hold":0,"sold_today":0,"sales_last_days":0,"reserved_stock":0,"customer_returns":0,"warehouse_damage":0,"lost_in_post":0,"other_logs":0,"out_stock_days":0,"lost_sales":0,"has_location":false,"update_date":"2026-05-13T00:03:58","atum_locations":[],"atum_stock_status":"instock","restock_status":false,"low_stock_amount":"","sales_update_date":"2026-05-13T00:03:58","calc_backorders":null,"acf":[],"_links":{"self":[{"href":"https:\/\/topspinservice.at\/en\/wp-json\/wp\/v2\/product\/2627","targetHints":{"allow":["GET"]}}],"collection":[{"href":"https:\/\/topspinservice.at\/en\/wp-json\/wp\/v2\/product"}],"about":[{"href":"https:\/\/topspinservice.at\/en\/wp-json\/wp\/v2\/types\/product"}],"wp:featuredmedia":[{"embeddable":true,"href":"https:\/\/topspinservice.at\/en\/wp-json\/wp\/v2\/media\/2629"}],"wp:attachment":[{"href":"https:\/\/topspinservice.at\/en\/wp-json\/wp\/v2\/media?parent=2627"}],"wp:term":[{"taxonomy":"product_brand","embeddable":true,"href":"https:\/\/topspinservice.at\/en\/wp-json\/wp\/v2\/product_brand?post=2627"},{"taxonomy":"product_cat","embeddable":true,"href":"https:\/\/topspinservice.at\/en\/wp-json\/wp\/v2\/product_cat?post=2627"},{"taxonomy":"product_tag","embeddable":true,"href":"https:\/\/topspinservice.at\/en\/wp-json\/wp\/v2\/product_tag?post=2627"}],"curies":[{"name":"wp","href":"https:\/\/api.w.org\/{rel}","templated":true}]}}