{"id":2633,"date":"2025-03-15T10:52:17","date_gmt":"2025-03-15T09:52:17","guid":{"rendered":"https:\/\/topspinservice.at\/?post_type=product&#038;p=2633"},"modified":"2025-08-25T15:16:25","modified_gmt":"2025-08-25T13:16:25","slug":"head-radical-jr-23","status":"publish","type":"product","link":"https:\/\/topspinservice.at\/en\/produkt\/head-radical-jr-23","title":{"rendered":"Head Radical JR. 23"},"content":{"rendered":"<p>The Radical Jr. series helps children comfortably begin their tennis journey. The aluminum racket utilizes the unique Damp+ insert, which isolates impact to dampen vibrations. The Radical Jr. 23 is perfect for children aged 6 to 8 who are all about a versatile game. Inspired by the Radical collection, the racket&#039;s colorful and exciting design lets you conquer the world in a striking, head-to-toe look.<\/p>\n<p>Weight (unstrung): 215 g \/ 7.6 oz<br \/>\nCoverage pattern: 16\/18<br \/>\nPlaying surface size: 630 cm\u00b2 \/ 98 in\u00b2<br \/>\nHandle size: 000, 0000<br \/>\nBalance: 280 mm \/ 0.5 in HL<br \/>\nLength: 585 mm \/ 23 in<br \/>\nFrame thickness: 20 mm<br \/>\nAge: 6 \u2013 8<\/p>","protected":false},"excerpt":{"rendered":"<p>Die Radical Jr. Serie hilft Kindern auf sehr komfortable Art und Weise beim Start ihrer Reise in die Welt des Tennis. Der Aluminiumschl\u00e4ger nutzt die einzigartige Damp+ Einlage, die den Aufprall isoliert, um die Vibrationen abzud\u00e4mpfen. Der Radical Jr. 23 ist perfekt f\u00fcr Kinder zwischen 6 und 8\u00a0Jahren, bei denen sich alles um ein vielseitiges [&#8230;]\n","protected":false},"featured_media":2635,"template":"","meta":{"_acf_changed":false,"_monsterinsights_skip_tracking":false,"_monsterinsights_sitenote_active":false,"_monsterinsights_sitenote_note":"","_monsterinsights_sitenote_category":0},"product_brand":[],"product_cat":[167],"product_tag":[],"class_list":{"0":"post-2633","1":"product","2":"type-product","3":"status-publish","4":"has-post-thumbnail","6":"product_cat-head-radical-junior-kaufen","8":"first","9":"instock","10":"sale","11":"shipping-taxable","12":"purchasable","13":"product-type-variable","14":"has-default-attributes"},"supplier_id":null,"supplier_sku":"","barcode":null,"atum_controlled":true,"out_stock_date":null,"out_stock_threshold":null,"inheritable":false,"inbound_stock":0,"stock_on_hold":0,"sold_today":0,"sales_last_days":0,"reserved_stock":0,"customer_returns":0,"warehouse_damage":0,"lost_in_post":0,"other_logs":0,"out_stock_days":0,"lost_sales":0,"has_location":false,"update_date":"2026-05-13T00:03:58","atum_locations":[],"atum_stock_status":"instock","restock_status":false,"low_stock_amount":"","sales_update_date":"2026-05-13T00:03:58","calc_backorders":null,"acf":[],"_links":{"self":[{"href":"https:\/\/topspinservice.at\/en\/wp-json\/wp\/v2\/product\/2633","targetHints":{"allow":["GET"]}}],"collection":[{"href":"https:\/\/topspinservice.at\/en\/wp-json\/wp\/v2\/product"}],"about":[{"href":"https:\/\/topspinservice.at\/en\/wp-json\/wp\/v2\/types\/product"}],"wp:featuredmedia":[{"embeddable":true,"href":"https:\/\/topspinservice.at\/en\/wp-json\/wp\/v2\/media\/2635"}],"wp:attachment":[{"href":"https:\/\/topspinservice.at\/en\/wp-json\/wp\/v2\/media?parent=2633"}],"wp:term":[{"taxonomy":"product_brand","embeddable":true,"href":"https:\/\/topspinservice.at\/en\/wp-json\/wp\/v2\/product_brand?post=2633"},{"taxonomy":"product_cat","embeddable":true,"href":"https:\/\/topspinservice.at\/en\/wp-json\/wp\/v2\/product_cat?post=2633"},{"taxonomy":"product_tag","embeddable":true,"href":"https:\/\/topspinservice.at\/en\/wp-json\/wp\/v2\/product_tag?post=2633"}],"curies":[{"name":"wp","href":"https:\/\/api.w.org\/{rel}","templated":true}]}}