{"id":2645,"date":"2025-03-15T11:02:08","date_gmt":"2025-03-15T10:02:08","guid":{"rendered":"https:\/\/topspinservice.at\/?post_type=product&#038;p=2645"},"modified":"2025-08-25T15:19:01","modified_gmt":"2025-08-25T13:19:01","slug":"head-novak-23","status":"publish","type":"product","link":"https:\/\/topspinservice.at\/en\/produkt\/head-novak-23","title":{"rendered":"Head Novak 23"},"content":{"rendered":"<p>Mit seinem farbenfrohen, lebendigen Design ist der 23-Zoll NOVAK 23 ideal f\u00fcr Jungen im Alter von 6 bis 8 Jahren, die gerade anfangen, Tennis zu spielen. Der nach dem HEAD-Botschafter Novak Djokovic benannte Schl\u00e4ger ist mit dem Damp+ Insert ausgestattet, das Vibrationen reduziert. Um den Spielspa\u00df zu erh\u00f6hen, ist die bunte Header-Karte des Schl\u00e4gers mit einem Monster-Motiv versehen und kann als Maske getragen werden, au\u00dferdem liegen dem Schl\u00e4ger Aufkleber bei.<\/p>\n<p>\u2022 Benannt nach Novak Djokovic<br \/>\n\u2022 Farbenfrohes Design<br \/>\n\u2022 Damp+ Einsatz reduziert Vibrationen<br \/>\n\u2022 Farbenfrohe Header-Karte kann als Maske getragen werden<br \/>\n\u2022 Inklusive Aufkleber<\/p>\n<p>Gewicht (unbesaitet): 215 g \/ 7.6 oz<br \/>\nBespannungsbild: 16\/18<br \/>\nPlaying surface size: 630 cm\u00b2 \/ 98 in\u00b2<br \/>\nGriffgr\u00f6\u00dfe: 000, 0000<br \/>\nBalance: 280 mm \/ 0.5 in HL<br \/>\nL\u00e4nge: 585 mm \/ 23 in<br \/>\nRahmenst\u00e4rke: 20 mm<br \/>\nAlter: 6 &#8211; 8<\/p>","protected":false},"excerpt":{"rendered":"<p>Mit seinem farbenfrohen, lebendigen Design ist der 23-Zoll NOVAK 23 ideal f\u00fcr Jungen im Alter von 6 bis 8 Jahren, die gerade anfangen, Tennis zu spielen. Der nach dem HEAD-Botschafter Novak Djokovic benannte Schl\u00e4ger ist mit dem Damp+ Insert ausgestattet, das Vibrationen reduziert. Um den Spielspa\u00df zu erh\u00f6hen, ist die bunte Header-Karte des Schl\u00e4gers mit [&#8230;]\n","protected":false},"featured_media":2647,"template":"","meta":{"_acf_changed":false,"_monsterinsights_skip_tracking":false,"_monsterinsights_sitenote_active":false,"_monsterinsights_sitenote_note":"","_monsterinsights_sitenote_category":0},"product_brand":[],"product_cat":[169],"product_tag":[],"class_list":{"0":"post-2645","1":"product","2":"type-product","3":"status-publish","4":"has-post-thumbnail","6":"product_cat-head-novak-junior-kaufen","8":"first","9":"instock","10":"sale","11":"shipping-taxable","12":"purchasable","13":"product-type-variable","14":"has-default-attributes"},"supplier_id":null,"supplier_sku":"","barcode":null,"atum_controlled":true,"out_stock_date":null,"out_stock_threshold":null,"inheritable":false,"inbound_stock":0,"stock_on_hold":0,"sold_today":0,"sales_last_days":0,"reserved_stock":0,"customer_returns":0,"warehouse_damage":0,"lost_in_post":0,"other_logs":0,"out_stock_days":0,"lost_sales":0,"has_location":false,"update_date":"2026-05-09T01:43:21","atum_locations":[],"atum_stock_status":"instock","restock_status":false,"low_stock_amount":"","sales_update_date":"2026-05-09T01:43:21","calc_backorders":null,"acf":[],"_links":{"self":[{"href":"https:\/\/topspinservice.at\/en\/wp-json\/wp\/v2\/product\/2645","targetHints":{"allow":["GET"]}}],"collection":[{"href":"https:\/\/topspinservice.at\/en\/wp-json\/wp\/v2\/product"}],"about":[{"href":"https:\/\/topspinservice.at\/en\/wp-json\/wp\/v2\/types\/product"}],"wp:featuredmedia":[{"embeddable":true,"href":"https:\/\/topspinservice.at\/en\/wp-json\/wp\/v2\/media\/2647"}],"wp:attachment":[{"href":"https:\/\/topspinservice.at\/en\/wp-json\/wp\/v2\/media?parent=2645"}],"wp:term":[{"taxonomy":"product_brand","embeddable":true,"href":"https:\/\/topspinservice.at\/en\/wp-json\/wp\/v2\/product_brand?post=2645"},{"taxonomy":"product_cat","embeddable":true,"href":"https:\/\/topspinservice.at\/en\/wp-json\/wp\/v2\/product_cat?post=2645"},{"taxonomy":"product_tag","embeddable":true,"href":"https:\/\/topspinservice.at\/en\/wp-json\/wp\/v2\/product_tag?post=2645"}],"curies":[{"name":"wp","href":"https:\/\/api.w.org\/{rel}","templated":true}]}}