{"id":2651,"date":"2025-03-15T11:09:15","date_gmt":"2025-03-15T10:09:15","guid":{"rendered":"https:\/\/topspinservice.at\/?post_type=product&#038;p=2651"},"modified":"2026-01-06T15:34:07","modified_gmt":"2026-01-06T14:34:07","slug":"head-coco-21","status":"publish","type":"product","link":"https:\/\/topspinservice.at\/en\/produkt\/head-coco-21","title":{"rendered":"Head Coco 21"},"content":{"rendered":"<p>Mit seinem farbenfrohen, lebendigen Design ist der 21-Zoll COCO 21 ideal f\u00fcr M\u00e4dchen zwischen 4 und 6 Jahren, die gerade anfangen, Tennis zu spielen. Der nach der HEAD-Botschafterin Coco Gauff benannte Schl\u00e4ger ist mit dem Damp+ Insert ausgestattet, das Vibrationen reduziert. Um den Spielspa\u00df zu erh\u00f6hen, ist die bunte Header-Karte des Schl\u00e4gers mit einem Tiermotiv versehen und kann als Maske getragen werden, au\u00dferdem liegen dem Schl\u00e4ger Aufkleber bei.<\/p>\n<p>\u2022 Benannt nach Coco Gauff<br \/>\n\u2022 Farbenfrohes Design<br \/>\n\u2022 Damp+ Einsatz reduziert Vibrationen<br \/>\n\u2022 Farbenfrohe Header-Karte kann als Maske getragen werden<br \/>\n\u2022 Inklusive Aufkleber<\/p>\n<p>Gewicht (unbesaitet): 180 g \/ 6.3 oz<br \/>\nCoverage pattern: 16\/17<br \/>\nSchlagfl\u00e4chengr\u00f6\u00dfe: 520 cm\u00b2 \/ 81 in\u00b2<br \/>\nHandle size: 000, 0000<br \/>\nBalance: 255 mm \/ 0.5 in HL<br \/>\nLength: 535 mm \/ 21 in<br \/>\nFrame thickness: 20 mm<br \/>\nAge: 4 \u2013 6<\/p>","protected":false},"excerpt":{"rendered":"<p>Mit seinem farbenfrohen, lebendigen Design ist der 21-Zoll COCO 21 ideal f\u00fcr M\u00e4dchen zwischen 4 und 6 Jahren, die gerade anfangen, Tennis zu spielen. Der nach der HEAD-Botschafterin Coco Gauff benannte Schl\u00e4ger ist mit dem Damp+ Insert ausgestattet, das Vibrationen reduziert. Um den Spielspa\u00df zu erh\u00f6hen, ist die bunte Header-Karte des Schl\u00e4gers mit einem Tiermotiv [&#8230;]\n","protected":false},"featured_media":2653,"template":"","meta":{"_acf_changed":false,"_monsterinsights_skip_tracking":false,"_monsterinsights_sitenote_active":false,"_monsterinsights_sitenote_note":"","_monsterinsights_sitenote_category":0},"product_brand":[],"product_cat":[170],"product_tag":[],"class_list":{"0":"post-2651","1":"product","2":"type-product","3":"status-publish","4":"has-post-thumbnail","6":"product_cat-head-coco-junior-kaufen","8":"first","9":"instock","10":"sale","11":"shipping-taxable","12":"purchasable","13":"product-type-variable","14":"has-default-attributes"},"supplier_id":null,"supplier_sku":"","barcode":null,"atum_controlled":true,"out_stock_date":null,"out_stock_threshold":null,"inheritable":false,"inbound_stock":0,"stock_on_hold":0,"sold_today":0,"sales_last_days":0,"reserved_stock":0,"customer_returns":0,"warehouse_damage":0,"lost_in_post":0,"other_logs":0,"out_stock_days":0,"lost_sales":0,"has_location":false,"update_date":"2026-05-15T00:05:33","atum_locations":[],"atum_stock_status":"instock","restock_status":false,"low_stock_amount":"","sales_update_date":"2026-05-15T00:05:33","calc_backorders":null,"acf":[],"_links":{"self":[{"href":"https:\/\/topspinservice.at\/en\/wp-json\/wp\/v2\/product\/2651","targetHints":{"allow":["GET"]}}],"collection":[{"href":"https:\/\/topspinservice.at\/en\/wp-json\/wp\/v2\/product"}],"about":[{"href":"https:\/\/topspinservice.at\/en\/wp-json\/wp\/v2\/types\/product"}],"wp:featuredmedia":[{"embeddable":true,"href":"https:\/\/topspinservice.at\/en\/wp-json\/wp\/v2\/media\/2653"}],"wp:attachment":[{"href":"https:\/\/topspinservice.at\/en\/wp-json\/wp\/v2\/media?parent=2651"}],"wp:term":[{"taxonomy":"product_brand","embeddable":true,"href":"https:\/\/topspinservice.at\/en\/wp-json\/wp\/v2\/product_brand?post=2651"},{"taxonomy":"product_cat","embeddable":true,"href":"https:\/\/topspinservice.at\/en\/wp-json\/wp\/v2\/product_cat?post=2651"},{"taxonomy":"product_tag","embeddable":true,"href":"https:\/\/topspinservice.at\/en\/wp-json\/wp\/v2\/product_tag?post=2651"}],"curies":[{"name":"wp","href":"https:\/\/api.w.org\/{rel}","templated":true}]}}