{"id":2654,"date":"2025-03-15T11:29:42","date_gmt":"2025-03-15T10:29:42","guid":{"rendered":"https:\/\/topspinservice.at\/produkt\/head-performance-cap-black"},"modified":"2025-12-27T18:19:24","modified_gmt":"2025-12-27T17:19:24","slug":"head-performance-cap-black","status":"publish","type":"product","link":"https:\/\/topspinservice.at\/en\/produkt\/head-performance-cap-black","title":{"rendered":"Head Performance Cap Navy Blue"},"content":{"rendered":"<p>Die verbesserte PERFORMANCE CAP h\u00e4lt Sonne, Haare und Schwei\u00df von den Augen fern. F\u00fcr hohe Saugf\u00e4higkeit und Komfort auf dem Spiel- oder Trainingsplatz ist die Kappe jetzt aus dem gleichen schnelltrocknenden, geschlossenen Netzgewebe, wie das PERFORMANCE T-SHIRT. Dank des verstellbaren Klettverschlusses l\u00e4sst sich die perfekte Passform schnell und einfach einstellen, sodass du dich voll und ganz auf dein Spiel konzentrieren kannst. Das schallverschwei\u00dfte, tonale Logo unterstreicht den frischen, hochwertigen und sportlichen Stil der Kappe, die in drei Farbvarianten erh\u00e4ltlich ist.<\/p>\n<p>\u2022 Geschlossenes Mesh aus 100\u00a0% Polyester<br \/>\n\u2022 Schallgeschwei\u00dftes tonales Logo<br \/>\n\u2022 Baumwolltwill-Band<br \/>\n\u2022 Verstellbarer Klettverschluss<\/p>","protected":false},"excerpt":{"rendered":"<p>Die verbesserte PERFORMANCE CAP h\u00e4lt Sonne, Haare und Schwei\u00df von den Augen fern. F\u00fcr hohe Saugf\u00e4higkeit und Komfort auf dem Spiel- oder Trainingsplatz ist die Kappe jetzt aus dem gleichen schnelltrocknenden, geschlossenen Netzgewebe, wie das PERFORMANCE T-SHIRT. Dank des verstellbaren Klettverschlusses l\u00e4sst sich die perfekte Passform schnell und einfach einstellen, sodass du dich voll und [&#8230;]\n","protected":false},"featured_media":2657,"template":"","meta":{"_acf_changed":false,"_monsterinsights_skip_tracking":false,"_monsterinsights_sitenote_active":false,"_monsterinsights_sitenote_note":"","_monsterinsights_sitenote_category":0},"product_brand":[],"product_cat":[122],"product_tag":[],"class_list":{"0":"post-2654","1":"product","2":"type-product","3":"status-publish","4":"has-post-thumbnail","6":"product_cat-head-kappen","8":"first","9":"instock","10":"sale","11":"shipping-taxable","12":"purchasable","13":"product-type-simple"},"supplier_id":null,"supplier_sku":"","barcode":null,"atum_controlled":true,"out_stock_date":null,"out_stock_threshold":null,"inheritable":false,"inbound_stock":0,"stock_on_hold":0,"sold_today":0,"sales_last_days":0,"reserved_stock":0,"customer_returns":0,"warehouse_damage":0,"lost_in_post":0,"other_logs":0,"out_stock_days":0,"lost_sales":0,"has_location":false,"update_date":"2026-05-07T01:39:05","atum_locations":[],"atum_stock_status":"instock","restock_status":false,"low_stock_amount":"","sales_update_date":"2026-05-07T01:39:05","calc_backorders":0,"acf":[],"_links":{"self":[{"href":"https:\/\/topspinservice.at\/en\/wp-json\/wp\/v2\/product\/2654","targetHints":{"allow":["GET"]}}],"collection":[{"href":"https:\/\/topspinservice.at\/en\/wp-json\/wp\/v2\/product"}],"about":[{"href":"https:\/\/topspinservice.at\/en\/wp-json\/wp\/v2\/types\/product"}],"wp:featuredmedia":[{"embeddable":true,"href":"https:\/\/topspinservice.at\/en\/wp-json\/wp\/v2\/media\/2657"}],"wp:attachment":[{"href":"https:\/\/topspinservice.at\/en\/wp-json\/wp\/v2\/media?parent=2654"}],"wp:term":[{"taxonomy":"product_brand","embeddable":true,"href":"https:\/\/topspinservice.at\/en\/wp-json\/wp\/v2\/product_brand?post=2654"},{"taxonomy":"product_cat","embeddable":true,"href":"https:\/\/topspinservice.at\/en\/wp-json\/wp\/v2\/product_cat?post=2654"},{"taxonomy":"product_tag","embeddable":true,"href":"https:\/\/topspinservice.at\/en\/wp-json\/wp\/v2\/product_tag?post=2654"}],"curies":[{"name":"wp","href":"https:\/\/api.w.org\/{rel}","templated":true}]}}