{"id":2666,"date":"2025-03-15T11:48:31","date_gmt":"2025-03-15T10:48:31","guid":{"rendered":"https:\/\/topspinservice.at\/produkt\/head-socks-tennis-3p-club"},"modified":"2026-01-03T17:41:26","modified_gmt":"2026-01-03T16:41:26","slug":"head-socks-tennis-3p-club","status":"publish","type":"product","link":"https:\/\/topspinservice.at\/en\/produkt\/head-socks-tennis-3p-club","title":{"rendered":"Head Socks 3 pairs Club black"},"content":{"rendered":"<p><span class=\"ng-binding\" style=\"box-sizing: border-box; color: #7d7d7d; font-family: Roboto, Arial, sans-serif; font-size: 14px; font-style: normal; font-variant-ligatures: normal; font-variant-caps: normal; font-weight: 400; letter-spacing: normal; orphans: 2; text-align: left; text-indent: 0px; text-transform: none; widows: 2; word-spacing: 0px; -webkit-text-stroke-width: 0px; white-space: normal; background-color: #ffffff; text-decoration-thickness: initial; text-decoration-style: initial; text-decoration-color: initial;\">Mit dem 1&#215;1-Rippb\u00fcndchen, der weichen Baumwolle und der perfekt geformten Ferse bieten die SOCKS TENNIS 3P CLUB den Komfort, den Sie auf dem Court brauchen. F\u00fcr zus\u00e4tzlichen Komfort haben die Socken eine flache Zehennaht, w\u00e4hrend das HEAD-Logo und das Wishbone-Logo den sportlichen, hochwertigen Stil unterstreichen.\u00a0<\/span><\/p>","protected":false},"excerpt":{"rendered":"<p>Mit dem 1&#215;1-Rippb\u00fcndchen, der weichen Baumwolle und der perfekt geformten Ferse bieten die SOCKS TENNIS 3P CLUB den Komfort, den Sie auf dem Court brauchen. F\u00fcr zus\u00e4tzlichen Komfort haben die Socken eine flache Zehennaht, w\u00e4hrend das HEAD-Logo und das Wishbone-Logo den sportlichen, hochwertigen Stil unterstreichen.\u00a0<\/p>","protected":false},"featured_media":2667,"template":"","meta":{"_acf_changed":false,"_monsterinsights_skip_tracking":false,"_monsterinsights_sitenote_active":false,"_monsterinsights_sitenote_note":"","_monsterinsights_sitenote_category":0},"product_brand":[],"product_cat":[128],"product_tag":[],"class_list":{"0":"post-2666","1":"product","2":"type-product","3":"status-publish","4":"has-post-thumbnail","6":"product_cat-head-socken","8":"first","9":"instock","10":"sale","11":"shipping-taxable","12":"purchasable","13":"product-type-variable","14":"has-default-attributes"},"supplier_id":null,"supplier_sku":"","barcode":null,"atum_controlled":true,"out_stock_date":null,"out_stock_threshold":null,"inheritable":false,"inbound_stock":0,"stock_on_hold":0,"sold_today":0,"sales_last_days":0,"reserved_stock":0,"customer_returns":0,"warehouse_damage":0,"lost_in_post":0,"other_logs":0,"out_stock_days":0,"lost_sales":0,"has_location":false,"update_date":"2026-05-15T00:05:34","atum_locations":[],"atum_stock_status":"instock","restock_status":false,"low_stock_amount":"","sales_update_date":"2026-05-15T00:05:34","calc_backorders":null,"acf":[],"_links":{"self":[{"href":"https:\/\/topspinservice.at\/en\/wp-json\/wp\/v2\/product\/2666","targetHints":{"allow":["GET"]}}],"collection":[{"href":"https:\/\/topspinservice.at\/en\/wp-json\/wp\/v2\/product"}],"about":[{"href":"https:\/\/topspinservice.at\/en\/wp-json\/wp\/v2\/types\/product"}],"wp:featuredmedia":[{"embeddable":true,"href":"https:\/\/topspinservice.at\/en\/wp-json\/wp\/v2\/media\/2667"}],"wp:attachment":[{"href":"https:\/\/topspinservice.at\/en\/wp-json\/wp\/v2\/media?parent=2666"}],"wp:term":[{"taxonomy":"product_brand","embeddable":true,"href":"https:\/\/topspinservice.at\/en\/wp-json\/wp\/v2\/product_brand?post=2666"},{"taxonomy":"product_cat","embeddable":true,"href":"https:\/\/topspinservice.at\/en\/wp-json\/wp\/v2\/product_cat?post=2666"},{"taxonomy":"product_tag","embeddable":true,"href":"https:\/\/topspinservice.at\/en\/wp-json\/wp\/v2\/product_tag?post=2666"}],"curies":[{"name":"wp","href":"https:\/\/api.w.org\/{rel}","templated":true}]}}