{"id":2828,"date":"2025-03-26T21:32:33","date_gmt":"2025-03-26T20:32:33","guid":{"rendered":"https:\/\/topspinservice.at\/?post_type=product&#038;p=2828"},"modified":"2025-12-27T18:31:49","modified_gmt":"2025-12-27T17:31:49","slug":"head-promotion-cap-navy-blue","status":"publish","type":"product","link":"https:\/\/topspinservice.at\/en\/produkt\/head-promotion-cap-navy-blue","title":{"rendered":"Head Promotion Cap Navy Blue"},"content":{"rendered":"<p>Die PROMOTION CAP passt perfekt zu den f\u00fcnf Schl\u00e4gerserien von HEAD und ist praktisch f\u00fcr alle Zwecke bestens geeignet: f\u00fcr ein schnelles Tennismatch ebenso wie f\u00fcr den Einkauf. Die Kappe ist aus Baumwolle und mit Klettverschluss gr\u00f6\u00dfenverstellbar. Sie ist in f\u00fcnf Farben erh\u00e4ltlich und passt somit perfekt zur HEAD Sportswear Kollektion.<\/p>","protected":false},"excerpt":{"rendered":"<p>Die PROMOTION CAP passt perfekt zu den f\u00fcnf Schl\u00e4gerserien von HEAD und ist praktisch f\u00fcr alle Zwecke bestens geeignet: f\u00fcr ein schnelles Tennismatch ebenso wie f\u00fcr den Einkauf. Die Kappe ist aus Baumwolle und mit Klettverschluss gr\u00f6\u00dfenverstellbar. Sie ist in f\u00fcnf Farben erh\u00e4ltlich und passt somit perfekt zur HEAD Sportswear Kollektion.<\/p>","protected":false},"featured_media":2664,"template":"","meta":{"_acf_changed":false,"_monsterinsights_skip_tracking":false,"_monsterinsights_sitenote_active":false,"_monsterinsights_sitenote_note":"","_monsterinsights_sitenote_category":0},"product_brand":[],"product_cat":[122],"product_tag":[],"class_list":{"0":"post-2828","1":"product","2":"type-product","3":"status-publish","4":"has-post-thumbnail","6":"product_cat-head-kappen","8":"first","9":"instock","10":"sale","11":"shipping-taxable","12":"purchasable","13":"product-type-simple"},"supplier_id":null,"supplier_sku":"","barcode":null,"atum_controlled":true,"out_stock_date":null,"out_stock_threshold":null,"inheritable":false,"inbound_stock":0,"stock_on_hold":0,"sold_today":0,"sales_last_days":0,"reserved_stock":0,"customer_returns":0,"warehouse_damage":0,"lost_in_post":0,"other_logs":0,"out_stock_days":0,"lost_sales":0,"has_location":false,"update_date":"2026-05-07T01:39:12","atum_locations":[],"atum_stock_status":"instock","restock_status":false,"low_stock_amount":"","sales_update_date":"2026-05-07T01:39:12","calc_backorders":0,"acf":[],"_links":{"self":[{"href":"https:\/\/topspinservice.at\/en\/wp-json\/wp\/v2\/product\/2828","targetHints":{"allow":["GET"]}}],"collection":[{"href":"https:\/\/topspinservice.at\/en\/wp-json\/wp\/v2\/product"}],"about":[{"href":"https:\/\/topspinservice.at\/en\/wp-json\/wp\/v2\/types\/product"}],"wp:featuredmedia":[{"embeddable":true,"href":"https:\/\/topspinservice.at\/en\/wp-json\/wp\/v2\/media\/2664"}],"wp:attachment":[{"href":"https:\/\/topspinservice.at\/en\/wp-json\/wp\/v2\/media?parent=2828"}],"wp:term":[{"taxonomy":"product_brand","embeddable":true,"href":"https:\/\/topspinservice.at\/en\/wp-json\/wp\/v2\/product_brand?post=2828"},{"taxonomy":"product_cat","embeddable":true,"href":"https:\/\/topspinservice.at\/en\/wp-json\/wp\/v2\/product_cat?post=2828"},{"taxonomy":"product_tag","embeddable":true,"href":"https:\/\/topspinservice.at\/en\/wp-json\/wp\/v2\/product_tag?post=2828"}],"curies":[{"name":"wp","href":"https:\/\/api.w.org\/{rel}","templated":true}]}}