{"id":2829,"date":"2025-03-26T21:36:00","date_gmt":"2025-03-26T20:36:00","guid":{"rendered":"https:\/\/topspinservice.at\/?post_type=product&#038;p=2829"},"modified":"2025-12-27T18:30:40","modified_gmt":"2025-12-27T17:30:40","slug":"head-kids-cap-owl","status":"publish","type":"product","link":"https:\/\/topspinservice.at\/en\/produkt\/head-kids-cap-owl","title":{"rendered":"Head Kids Cap Owl"},"content":{"rendered":"<p><span class=\"ng-binding\" style=\"box-sizing: border-box; color: #7d7d7d; font-family: Roboto, Arial, sans-serif; font-size: 14px; font-style: normal; font-variant-ligatures: normal; font-variant-caps: normal; font-weight: 400; letter-spacing: normal; orphans: 2; text-align: left; text-indent: 0px; text-transform: none; widows: 2; word-spacing: 0px; -webkit-text-stroke-width: 0px; white-space: normal; background-color: #ffffff; text-decoration-thickness: initial; text-decoration-style: initial; text-decoration-color: initial;\">Die neue KIDS CAP MONSTER sorgt daf\u00fcr, dass der Kopf deines Kindes vor der Sonne gesch\u00fctzt ist, egal ob es auf dem Platz oder im Kindergarten spielt. Sie ist aufgrund ihres strapazierf\u00e4higen Materials super bequem und sitzt dank des verstellbaren Klettverschlusses perfekt. Als cooles Designelement verf\u00fcgt die Kappe oben \u00fcber angebrachte Monsterohren f\u00fcr einen besonderen Look auf jedem Spielplatz.<\/span><\/p>","protected":false},"excerpt":{"rendered":"<p>Die neue KIDS CAP MONSTER sorgt daf\u00fcr, dass der Kopf deines Kindes vor der Sonne gesch\u00fctzt ist, egal ob es auf dem Platz oder im Kindergarten spielt. Sie ist aufgrund ihres strapazierf\u00e4higen Materials super bequem und sitzt dank des verstellbaren Klettverschlusses perfekt. Als cooles Designelement verf\u00fcgt die Kappe oben \u00fcber angebrachte Monsterohren f\u00fcr einen besonderen [&#8230;]\n","protected":false},"featured_media":2832,"template":"","meta":{"_acf_changed":false,"_monsterinsights_skip_tracking":false,"_monsterinsights_sitenote_active":false,"_monsterinsights_sitenote_note":"","_monsterinsights_sitenote_category":0},"product_brand":[],"product_cat":[122],"product_tag":[],"class_list":{"0":"post-2829","1":"product","2":"type-product","3":"status-publish","4":"has-post-thumbnail","6":"product_cat-head-kappen","8":"first","9":"instock","10":"sale","11":"shipping-taxable","12":"purchasable","13":"product-type-simple"},"supplier_id":null,"supplier_sku":"","barcode":null,"atum_controlled":true,"out_stock_date":null,"out_stock_threshold":null,"inheritable":false,"inbound_stock":0,"stock_on_hold":0,"sold_today":0,"sales_last_days":0,"reserved_stock":0,"customer_returns":0,"warehouse_damage":0,"lost_in_post":0,"other_logs":0,"out_stock_days":0,"lost_sales":0,"has_location":false,"update_date":"2026-05-13T00:04:08","atum_locations":[],"atum_stock_status":"instock","restock_status":false,"low_stock_amount":"","sales_update_date":"2026-05-13T00:04:08","calc_backorders":0,"acf":[],"_links":{"self":[{"href":"https:\/\/topspinservice.at\/en\/wp-json\/wp\/v2\/product\/2829","targetHints":{"allow":["GET"]}}],"collection":[{"href":"https:\/\/topspinservice.at\/en\/wp-json\/wp\/v2\/product"}],"about":[{"href":"https:\/\/topspinservice.at\/en\/wp-json\/wp\/v2\/types\/product"}],"wp:featuredmedia":[{"embeddable":true,"href":"https:\/\/topspinservice.at\/en\/wp-json\/wp\/v2\/media\/2832"}],"wp:attachment":[{"href":"https:\/\/topspinservice.at\/en\/wp-json\/wp\/v2\/media?parent=2829"}],"wp:term":[{"taxonomy":"product_brand","embeddable":true,"href":"https:\/\/topspinservice.at\/en\/wp-json\/wp\/v2\/product_brand?post=2829"},{"taxonomy":"product_cat","embeddable":true,"href":"https:\/\/topspinservice.at\/en\/wp-json\/wp\/v2\/product_cat?post=2829"},{"taxonomy":"product_tag","embeddable":true,"href":"https:\/\/topspinservice.at\/en\/wp-json\/wp\/v2\/product_tag?post=2829"}],"curies":[{"name":"wp","href":"https:\/\/api.w.org\/{rel}","templated":true}]}}