{"id":2830,"date":"2025-03-26T21:38:57","date_gmt":"2025-03-26T20:38:57","guid":{"rendered":"https:\/\/topspinservice.at\/?post_type=product&#038;p=2830"},"modified":"2025-12-27T18:31:03","modified_gmt":"2025-12-27T17:31:03","slug":"head-kids-cap-monster","status":"publish","type":"product","link":"https:\/\/topspinservice.at\/en\/produkt\/head-kids-cap-monster","title":{"rendered":"Head Kids Cap Monster"},"content":{"rendered":"<p><span class=\"ng-binding\" style=\"box-sizing: border-box; color: #7d7d7d; font-family: Roboto, Arial, sans-serif; font-size: 14px; font-style: normal; font-variant-ligatures: normal; font-variant-caps: normal; font-weight: 400; letter-spacing: normal; orphans: 2; text-align: left; text-indent: 0px; text-transform: none; widows: 2; word-spacing: 0px; -webkit-text-stroke-width: 0px; white-space: normal; background-color: #ffffff; text-decoration-thickness: initial; text-decoration-style: initial; text-decoration-color: initial;\">Wenn dein Kind auf dem Tennisplatz oder im Kindergarten spielt, kannst du sicher sein, dass die KIDS CAP MONSTER es vor der Sonne sch\u00fctzt. Diese superbequeme M\u00fctze aus strapazierf\u00e4higem Stoff hat einen verstellbaren Klettverschluss, der f\u00fcr einen idealen Sitz sorgt. Sie wird in einer neuen Farbe angeboten, die perfekt zu Rucksack und Schl\u00e4ger f\u00fcr die Kleinen passt.<\/p>\n<p>\u2022 farblich passender Rucksack und Schl\u00e4ger<br \/>\n\u2022 Kindergr\u00f6\u00dfe<br \/>\n\u2022 Strapazierf\u00e4higes Gewebe<br \/>\n\u2022 Verstellbarer Klettverschluss<\/span><\/p>","protected":false},"excerpt":{"rendered":"<p>Wenn dein Kind auf dem Tennisplatz oder im Kindergarten spielt, kannst du sicher sein, dass die KIDS CAP MONSTER es vor der Sonne sch\u00fctzt. Diese superbequeme M\u00fctze aus strapazierf\u00e4higem Stoff hat einen verstellbaren Klettverschluss, der f\u00fcr einen idealen Sitz sorgt. Sie wird in einer neuen Farbe angeboten, die perfekt zu Rucksack und Schl\u00e4ger f\u00fcr die [&#8230;]\n","protected":false},"featured_media":2831,"template":"","meta":{"_acf_changed":false,"_monsterinsights_skip_tracking":false,"_monsterinsights_sitenote_active":false,"_monsterinsights_sitenote_note":"","_monsterinsights_sitenote_category":0},"product_brand":[],"product_cat":[122],"product_tag":[],"class_list":{"0":"post-2830","1":"product","2":"type-product","3":"status-publish","4":"has-post-thumbnail","6":"product_cat-head-kappen","8":"first","9":"instock","10":"sale","11":"shipping-taxable","12":"purchasable","13":"product-type-simple"},"supplier_id":null,"supplier_sku":"","barcode":null,"atum_controlled":true,"out_stock_date":null,"out_stock_threshold":null,"inheritable":false,"inbound_stock":0,"stock_on_hold":0,"sold_today":0,"sales_last_days":0,"reserved_stock":0,"customer_returns":0,"warehouse_damage":0,"lost_in_post":0,"other_logs":0,"out_stock_days":0,"lost_sales":0,"has_location":false,"update_date":"2026-05-09T01:43:16","atum_locations":[],"atum_stock_status":"instock","restock_status":false,"low_stock_amount":"","sales_update_date":"2026-05-09T01:43:16","calc_backorders":0,"acf":[],"_links":{"self":[{"href":"https:\/\/topspinservice.at\/en\/wp-json\/wp\/v2\/product\/2830","targetHints":{"allow":["GET"]}}],"collection":[{"href":"https:\/\/topspinservice.at\/en\/wp-json\/wp\/v2\/product"}],"about":[{"href":"https:\/\/topspinservice.at\/en\/wp-json\/wp\/v2\/types\/product"}],"wp:featuredmedia":[{"embeddable":true,"href":"https:\/\/topspinservice.at\/en\/wp-json\/wp\/v2\/media\/2831"}],"wp:attachment":[{"href":"https:\/\/topspinservice.at\/en\/wp-json\/wp\/v2\/media?parent=2830"}],"wp:term":[{"taxonomy":"product_brand","embeddable":true,"href":"https:\/\/topspinservice.at\/en\/wp-json\/wp\/v2\/product_brand?post=2830"},{"taxonomy":"product_cat","embeddable":true,"href":"https:\/\/topspinservice.at\/en\/wp-json\/wp\/v2\/product_cat?post=2830"},{"taxonomy":"product_tag","embeddable":true,"href":"https:\/\/topspinservice.at\/en\/wp-json\/wp\/v2\/product_tag?post=2830"}],"curies":[{"name":"wp","href":"https:\/\/api.w.org\/{rel}","templated":true}]}}