{"id":2985,"date":"2025-08-22T22:00:58","date_gmt":"2025-08-22T20:00:58","guid":{"rendered":"https:\/\/topspinservice.at\/?post_type=product&#038;p=2985"},"modified":"2026-05-01T10:41:12","modified_gmt":"2026-05-01T08:41:12","slug":"head-boom-mp-neon-295g-2025","status":"publish","type":"product","link":"https:\/\/topspinservice.at\/en\/produkt\/head-boom-mp-neon-295g-2025","title":{"rendered":"Head Boom MP Neon 295g 2025"},"content":{"rendered":"<p><span class=\"ng-binding\">Inspired by the city that never sleeps, the limited-edition BOOM MP NEON features a vibrant neon light design incorporating New York skyscrapers, an iconic taxi, a slice of pizza, and the Statue of Liberty. This fun and fresh look\u2014supported by Lorenzo Musetti\u2014is combined with a highly innovative and more sustainable construction. The racket incorporates Torayca 100% bio-circular carbon fibers, produced using a mass-balance approach and made from residual cooking oil and forest waste. The BOOM NEON collection is part of a collaboration between HEAD and Toray, which is pursuing a more sustainable future for racket sports. Nothing changes except what truly matters: While the use of bio-circular carbon fibers will reduce carbon emissions, this version offers the same explosive power\u2014along with the same fun, feel, and easy playability\u2014as the regular BOOM MP racket.<\/p>\n<p>Ambitious beginners and advanced players alike can boost their power, energy, and confidence with a special edition of the fun BOOM MP, equipped with Auxetic 2.0 technology for an enhanced, sensational feel. All you have to think about is enjoying the moment and putting your next shot into play.<\/p>\n<p>\u2022 A special edition featuring Torayca bio-circular carbon fibers made from residual cooking oil and forestry waste<br \/>\n\u2022 Neon light design inspired by New York City and supported by Lorenzo Musetti<br \/>\n\u2022 Explosive Power<br \/>\n\u2022 For ambitious beginners and advanced players<br \/>\n\u2022 Improved, sensational feeling<br \/>\n\u2022 Ultimate connection between player and racket<\/span><\/p>\n<h2 class=\"collapsible-toggle collapsible-icon ng-binding\" tabindex=\"0\" role=\"button\">FACTS<\/h2>\n<div class=\"collapsible-content ng-scope\">\n<div class=\"row ng-scope\">\n<div class=\"col-12 ng-scope\">\n<div class=\"row\">\n<div class=\"col-12 col-md-4 label ng-binding\">Weight (unstrung)<\/div>\n<div class=\"col-12 col-md-8 value ng-binding\">295 g \/ 10.4 oz<\/div>\n<\/div>\n<\/div>\n<\/div>\n<div class=\"row ng-scope\">\n<div class=\"col-12 ng-scope\">\n<div class=\"row\">\n<div class=\"col-12 col-md-4 label ng-binding\">Covering pattern<\/div>\n<div class=\"col-12 col-md-8 value ng-binding\">16\/19<\/div>\n<\/div>\n<\/div>\n<\/div>\n<div class=\"row ng-scope\">\n<div class=\"col-12 ng-scope\">\n<div class=\"row\">\n<div class=\"col-12 col-md-4 label ng-binding\">striking surface size<\/div>\n<div class=\"col-12 col-md-8 value ng-binding\">100 cm\u00b2 \/ 16 in\u00b2<\/div>\n<\/div>\n<\/div>\n<\/div>\n<div class=\"row ng-scope\">\n<div class=\"col-12 ng-scope\">\n<div class=\"row\">\n<div class=\"col-12 col-md-4 label ng-binding\">balance<\/div>\n<div class=\"col-12 col-md-8 value ng-binding\">315 mm \/ 1 in HL<\/div>\n<\/div>\n<\/div>\n<\/div>\n<div class=\"row ng-scope\">\n<div class=\"col-12 ng-scope\">\n<div class=\"row\">\n<div class=\"col-12 col-md-4 label ng-binding\">length<\/div>\n<div class=\"col-12 col-md-8 value ng-binding\">685 mm \/ 27.0 in<\/div>\n<\/div>\n<\/div>\n<\/div>\n<div class=\"row ng-scope\">\n<div class=\"col-12 ng-scope\">\n<div class=\"row\">\n<div class=\"col-12 col-md-4 label ng-binding\">Frame thickness<\/div>\n<div class=\"col-12 col-md-8 value ng-binding\">24<\/div>\n<\/div>\n<\/div>\n<\/div>\n<\/div>","protected":false},"excerpt":{"rendered":"<p>Inspiriert von der Stadt, die niemals schl\u00e4ft, verf\u00fcgt der limitierte BOOM MP NEON \u00fcber ein lebendiges Neonlicht-Design, das die Wolkenkratzer von New York, ein ikonisches Taxi, ein St\u00fcck Pizza und die Freiheitsstatue umfasst. Der spa\u00dfige und frische Look \u2013 der von Lorenzo Musetti unterst\u00fctzt wird \u2013 wird mit einer hochinnovativen und nachhaltigeren Konstruktion kombiniert. Der [&#8230;]\n","protected":false},"featured_media":2994,"template":"","meta":{"_acf_changed":false,"_monsterinsights_skip_tracking":false,"_monsterinsights_sitenote_active":false,"_monsterinsights_sitenote_note":"","_monsterinsights_sitenote_category":0},"product_brand":[],"product_cat":[306,340],"product_tag":[309,310,307,159,308,19],"class_list":{"0":"post-2985","1":"product","2":"type-product","3":"status-publish","4":"has-post-thumbnail","6":"product_cat-head-tennisschlaeger-sondermodelle","7":"product_cat-tennis-sale","8":"product_tag-arthur","9":"product_tag-ashe","10":"product_tag-boom","11":"product_tag-head","12":"product_tag-mp","13":"product_tag-schlaeger","15":"first","16":"instock","17":"sale","18":"shipping-taxable","19":"purchasable","20":"product-type-variable","21":"has-default-attributes"},"supplier_id":null,"supplier_sku":"","barcode":null,"atum_controlled":true,"out_stock_date":null,"out_stock_threshold":null,"inheritable":false,"inbound_stock":0,"stock_on_hold":0,"sold_today":0,"sales_last_days":0,"reserved_stock":0,"customer_returns":0,"warehouse_damage":0,"lost_in_post":0,"other_logs":0,"out_stock_days":0,"lost_sales":0,"has_location":null,"update_date":"2026-05-09T01:43:16","atum_locations":[],"atum_stock_status":"instock","restock_status":false,"low_stock_amount":"","sales_update_date":"2026-05-09T01:43:16","calc_backorders":null,"acf":[],"_links":{"self":[{"href":"https:\/\/topspinservice.at\/en\/wp-json\/wp\/v2\/product\/2985","targetHints":{"allow":["GET"]}}],"collection":[{"href":"https:\/\/topspinservice.at\/en\/wp-json\/wp\/v2\/product"}],"about":[{"href":"https:\/\/topspinservice.at\/en\/wp-json\/wp\/v2\/types\/product"}],"wp:featuredmedia":[{"embeddable":true,"href":"https:\/\/topspinservice.at\/en\/wp-json\/wp\/v2\/media\/2994"}],"wp:attachment":[{"href":"https:\/\/topspinservice.at\/en\/wp-json\/wp\/v2\/media?parent=2985"}],"wp:term":[{"taxonomy":"product_brand","embeddable":true,"href":"https:\/\/topspinservice.at\/en\/wp-json\/wp\/v2\/product_brand?post=2985"},{"taxonomy":"product_cat","embeddable":true,"href":"https:\/\/topspinservice.at\/en\/wp-json\/wp\/v2\/product_cat?post=2985"},{"taxonomy":"product_tag","embeddable":true,"href":"https:\/\/topspinservice.at\/en\/wp-json\/wp\/v2\/product_tag?post=2985"}],"curies":[{"name":"wp","href":"https:\/\/api.w.org\/{rel}","templated":true}]}}