{"id":3033,"date":"2025-08-31T14:10:49","date_gmt":"2025-08-31T12:10:49","guid":{"rendered":"https:\/\/topspinservice.at\/?post_type=product&#038;p=3033"},"modified":"2025-08-31T14:46:12","modified_gmt":"2025-08-31T12:46:12","slug":"head-paw-patrol-blue-21","status":"publish","type":"product","link":"https:\/\/topspinservice.at\/en\/produkt\/head-paw-patrol-blue-21","title":{"rendered":"Head Paw Patrol Blue 21"},"content":{"rendered":"<div class=\"col-12 ng-scope\">\n<div class=\"col-12 ng-scope\"><span class=\"ng-binding\">Die Paw Patrol Serie hilft Kindern, ihre Tennisreise auf die komfortabelste Weise zu beginnen. Der Aluminiumschl\u00e4ger verf\u00fcgt \u00fcber den einzigartigen Damp+ Einsatz, der den Aufprall isoliert und so weniger Vibrationen verursacht. Der Paw Patrol 21 ist perfekt f\u00fcr Kinder zwischen 4 und 6 Jahren, die das vielseitige Spiel meistern wollen. Das aufregende neue Design des Schl\u00e4gers und das auf den Kopf gestellte Logo unterstreichen die Vielseitigkeit des Schl\u00e4gers und erm\u00f6glichen es, jederzeit die Pl\u00e4tze zu erobern.<\/span><\/div>\n<\/div>\n<div>\n<h2 class=\"collapsible-toggle collapsible-icon ng-binding\" tabindex=\"0\" role=\"button\">FACTS<\/h2>\n<div class=\"collapsible-content ng-scope\">\n<div class=\"row ng-scope\">\n<div class=\"col-12 ng-scope\">\n<div class=\"row\">\n<div class=\"col-12 col-md-4 label ng-binding\">Weight (unstrung)<\/div>\n<div class=\"col-12 col-md-8 value ng-binding\">180 g \/ 6.3 oz<\/div>\n<\/div>\n<\/div>\n<\/div>\n<div class=\"row ng-scope\">\n<div class=\"col-12 ng-scope\">\n<div class=\"row\">\n<div class=\"col-12 col-md-4 label ng-binding\">Covering pattern<\/div>\n<div class=\"col-12 col-md-8 value ng-binding\">16\/17<\/div>\n<\/div>\n<\/div>\n<\/div>\n<div class=\"row ng-scope\">\n<div class=\"col-12 ng-scope\">\n<div class=\"row\">\n<div class=\"col-12 col-md-4 label ng-binding\">striking surface size<\/div>\n<div class=\"col-12 col-md-8 value ng-binding\">520 cm\u00b2 \/ 81 in\u00b2<\/div>\n<\/div>\n<\/div>\n<\/div>\n<div class=\"row ng-scope\">\n<div class=\"col-12 ng-scope\">\n<div class=\"row\">\n<div class=\"col-12 col-md-4 label ng-binding\">balance<\/div>\n<div class=\"col-12 col-md-8 value ng-binding\">255 mm \/ 0.5 in HL<\/div>\n<\/div>\n<\/div>\n<\/div>\n<div class=\"row ng-scope\">\n<div class=\"col-12 ng-scope\">\n<div class=\"row\">\n<div class=\"col-12 col-md-4 label ng-binding\">length<\/div>\n<div class=\"col-12 col-md-8 value ng-binding\">535 mm \/ 21 in<\/div>\n<\/div>\n<\/div>\n<\/div>\n<div class=\"row ng-scope\">\n<div class=\"col-12 ng-scope\">\n<div class=\"row\">\n<div class=\"col-12 col-md-4 label ng-binding\">Frame thickness<\/div>\n<div class=\"col-12 col-md-8 value ng-binding\">20 mm<\/div>\n<\/div>\n<\/div>\n<\/div>\n<div class=\"row ng-scope\">\n<div class=\"col-12 ng-scope\">\n<div class=\"row\">\n<div class=\"col-12 col-md-4 label ng-binding\">Alter<\/div>\n<div class=\"col-12 col-md-8 value ng-binding\">4 &#8211; 6<\/div>\n<\/div>\n<\/div>\n<\/div>\n<\/div>\n<\/div>","protected":false},"excerpt":{"rendered":"<p>Die Paw Patrol Serie hilft Kindern, ihre Tennisreise auf die komfortabelste Weise zu beginnen. Der Aluminiumschl\u00e4ger verf\u00fcgt \u00fcber den einzigartigen Damp+ Einsatz, der den Aufprall isoliert und so weniger Vibrationen verursacht. Der Paw Patrol 21 ist perfekt f\u00fcr Kinder zwischen 4 und 6 Jahren, die das vielseitige Spiel meistern wollen. Das aufregende neue Design des [&#8230;]\n","protected":false},"featured_media":3053,"template":"","meta":{"_acf_changed":false,"_monsterinsights_skip_tracking":false,"_monsterinsights_sitenote_active":false,"_monsterinsights_sitenote_note":"","_monsterinsights_sitenote_category":0},"product_brand":[],"product_cat":[315],"product_tag":[],"class_list":{"0":"post-3033","1":"product","2":"type-product","3":"status-publish","4":"has-post-thumbnail","6":"product_cat-head-paw-patrol-tennisschlaeger-kaufen","8":"first","9":"instock","10":"sale","11":"shipping-taxable","12":"purchasable","13":"product-type-variable","14":"has-default-attributes"},"supplier_id":null,"supplier_sku":"","barcode":null,"atum_controlled":true,"out_stock_date":null,"out_stock_threshold":null,"inheritable":false,"inbound_stock":0,"stock_on_hold":0,"sold_today":0,"sales_last_days":0,"reserved_stock":0,"customer_returns":0,"warehouse_damage":0,"lost_in_post":0,"other_logs":0,"out_stock_days":0,"lost_sales":0,"has_location":null,"update_date":"2026-05-14T00:04:19","atum_locations":[],"atum_stock_status":"instock","restock_status":false,"low_stock_amount":"","sales_update_date":"2026-05-14T00:04:19","calc_backorders":null,"acf":[],"_links":{"self":[{"href":"https:\/\/topspinservice.at\/en\/wp-json\/wp\/v2\/product\/3033","targetHints":{"allow":["GET"]}}],"collection":[{"href":"https:\/\/topspinservice.at\/en\/wp-json\/wp\/v2\/product"}],"about":[{"href":"https:\/\/topspinservice.at\/en\/wp-json\/wp\/v2\/types\/product"}],"wp:featuredmedia":[{"embeddable":true,"href":"https:\/\/topspinservice.at\/en\/wp-json\/wp\/v2\/media\/3053"}],"wp:attachment":[{"href":"https:\/\/topspinservice.at\/en\/wp-json\/wp\/v2\/media?parent=3033"}],"wp:term":[{"taxonomy":"product_brand","embeddable":true,"href":"https:\/\/topspinservice.at\/en\/wp-json\/wp\/v2\/product_brand?post=3033"},{"taxonomy":"product_cat","embeddable":true,"href":"https:\/\/topspinservice.at\/en\/wp-json\/wp\/v2\/product_cat?post=3033"},{"taxonomy":"product_tag","embeddable":true,"href":"https:\/\/topspinservice.at\/en\/wp-json\/wp\/v2\/product_tag?post=3033"}],"curies":[{"name":"wp","href":"https:\/\/api.w.org\/{rel}","templated":true}]}}